{"id":1222,"date":"2012-11-18T16:52:36","date_gmt":"2012-11-18T15:52:36","guid":{"rendered":"http:\/\/www.darkover-con.de\/?page_id=1222"},"modified":"2019-07-28T13:55:05","modified_gmt":"2019-07-28T12:55:05","slug":"berichte","status":"publish","type":"page","link":"https:\/\/www.darkover-con.de\/?page_id=1222","title":{"rendered":"Vergangene Cons"},"content":{"rendered":"\n<p>Auf den folgenden Seiten findet ihr die Ausschreibungen vergangener Plot und die Berichte vergangener Cons bzw. der Plots. Sofern diese nicht ungl\u00fccklichen Umst\u00e4nden zum Opfer fielen und verloren gingen. Also wundert euch nicht, wenn es vielleicht ein paar L\u00fccken gibt.<\/p>\n","protected":false},"excerpt":{"rendered":"<p>Auf den folgenden Seiten findet ihr die Ausschreibungen vergangener Plot und die Berichte vergangener Cons bzw. der Plots. Sofern diese nicht ungl\u00fccklichen Umst\u00e4nden zum Opfer fielen und verloren gingen. Also wundert euch nicht, wenn es vielleicht ein paar L\u00fccken gibt.<\/p>\n","protected":false},"author":8,"featured_media":0,"parent":0,"menu_order":5,"comment_status":"closed","ping_status":"closed","template":"","meta":{"footnotes":""},"class_list":["post-1222","page","type-page","status-publish","h-entry","hentry","h-as-page"],"_links":{"self":[{"href":"https:\/\/www.darkover-con.de\/index.php?rest_route=\/wp\/v2\/pages\/1222","targetHints":{"allow":["GET"]}}],"collection":[{"href":"https:\/\/www.darkover-con.de\/index.php?rest_route=\/wp\/v2\/pages"}],"about":[{"href":"https:\/\/www.darkover-con.de\/index.php?rest_route=\/wp\/v2\/types\/page"}],"author":[{"embeddable":true,"href":"https:\/\/www.darkover-con.de\/index.php?rest_route=\/wp\/v2\/users\/8"}],"replies":[{"embeddable":true,"href":"https:\/\/www.darkover-con.de\/index.php?rest_route=%2Fwp%2Fv2%2Fcomments&post=1222"}],"version-history":[{"count":5,"href":"https:\/\/www.darkover-con.de\/index.php?rest_route=\/wp\/v2\/pages\/1222\/revisions"}],"predecessor-version":[{"id":2615,"href":"https:\/\/www.darkover-con.de\/index.php?rest_route=\/wp\/v2\/pages\/1222\/revisions\/2615"}],"wp:attachment":[{"href":"https:\/\/www.darkover-con.de\/index.php?rest_route=%2Fwp%2Fv2%2Fmedia&parent=1222"}],"curies":[{"name":"wp","href":"https:\/\/api.w.org\/{rel}","templated":true}]}}