{"id":1294,"date":"2012-11-18T21:49:07","date_gmt":"2012-11-18T20:49:07","guid":{"rendered":"http:\/\/www.darkover-con.de\/?page_id=1294"},"modified":"2019-04-22T15:04:20","modified_gmt":"2019-04-22T14:04:20","slug":"berichte-november-2009","status":"publish","type":"page","link":"https:\/\/www.darkover-con.de\/?page_id=1294","title":{"rendered":"2009 -Herbst"},"content":{"rendered":"\n<h3 class=\"wp-block-heading\">Plot zur November - Con 2009<br><\/h3>\n\n\n\n<p><strong><em>Vai Com'ii,<\/em><\/strong><\/p>\n\n\n\n<p>Ihr w\u00fcrdet mir und meiner Tochter Rowan eine gro\u00dfe Freude bereiten, ihrer Eheschlie\u00dfung di Catenas mit dem jungen Lord Ciaran aus dem Hause Leynier beizuwohnen. Der Rat der Comyn hat dieser vielversprechenden Verbindung seinen Segen gegeben, und Lord Lucian Baptiste Leynier und ich laden ein, den Vollzug des gegebenen Versprechens am Tage des Herbst\u00e6quinoctium auf dem Stammsitz der Darriels zu feiern.<\/p>\n\n\n\n<p>Anl\u00e4\u00dflich dieses besonderen Tages bitten wir Euch, vai comyn, alle pers\u00f6nlichen Zwistigkeiten in dieser wie auch jener Familie beiseite zu lassen und die Gebote der Gastfreundschaft trotz individuellen Grolls zu wahren. F\u00fcr das leibliche Wohl der G\u00e4ste verb\u00fcrge ich mich pers\u00f6nlich.<\/p>\n\n\n\n<p>M\u00f6ge Aldones wohlwollend auf uns herabblicken.<\/p>\n\n\n\n<p><em>S'dia Shaya<\/em><\/p>\n\n\n\n<p>Raimon Nyall Darriel<\/p>\n\n\n\n<hr class=\"wp-block-separator\"\/>\n\n\n\n<p>Liebe Spieler!<\/p>\n\n\n\n<p>Bekannterma\u00dfen bekommt man vom Leben nichts geschenkt. Oft genug missgl\u00fccken Vorhaben, gehen Pl\u00e4ne schief, kehren sich gute Absichten ins Gegenteil, missg\u00f6nnen einem andere den Erfolg, zehren unvorhersehbare Zwischenf\u00e4lle an den Nerven oder st\u00fcrzen einen regelrechte Katastrophen ins Ungl\u00fcck.<\/p>\n\n\n\n<p>Ist es nicht sch\u00f6n, wenn dann mal einfach alles zu passen scheint? Sonnenschein, Liebesgl\u00fcck und Familienharmonie und dazu ein rauschendes Fest. Welch ein Segen! Doch - wir w\u00e4ren nicht auf Darkover, wenn da nicht auch Gefahren lauern w\u00fcrden. Gro\u00dfe, nicht zu untersch\u00e4tzende Gefahren. Das Gl\u00fcck ist schlie\u00dflich immer bedroht. Und diesmal ganz besonders.<\/p>\n\n\n\n<p>Unsere Geschichte spielt nicht ohne Grund in einer Zeit, die K\u00f6nig Stefan im besten Mannesalter sieht, also viele, viele Generationen nach Euren Lieblingscharakteren - das Laran ist nicht mehr so pr\u00e4valent, manche Laranlinien sind ganz verloren gegangen, die Zeiten haben sich ge\u00e4ndert.<\/p>\n\n\n\n<p>Wenn Ihr Eure Charaktere bastelt und mit verschiedenen Ideen spielt, hebt Euch davon die eine oder andere auf. Packt unbedingt vorsichtshalber einen zweiten Chara mit ein. Man wei\u00df ja nie...<br>(Noch nicht mal wir k\u00f6nnen Schicksal, Absichten und Handlungen eines jeden von euch vorhersehen!)<\/p>\n\n\n\n<p>Es ist ein Familienplot! D.h. Ihr entscheidet Euch mit jedem Charakter nat\u00fcrlich f\u00fcr eine der beiden Familien - entweder als Familienmitglied, sehr enger Freund (Friedensmann) oder - auch wichtig! - als Personal. (F\u00fcr einige Rollen werden wir unsere Wunschspieler direkt ansprechen). Diese Familie werdet Ihr gut kennen und erhaltet von uns alle relevanten Infos. Vermutlich kennt Ihr auch den einen oder anderen der anderen Familie.<\/p>\n\n\n\n<p>Und bei all der ersehnten Harmonie: Kommt Ihr wirklich mit jedem gut aus? Gibt es da keinen von den anderen G\u00e4sten, den Ihr - wenn es nach Euch ginge - lieber nicht auf der G\u00e4steliste stehen lassen w\u00fcrdet? Oder den Ihr sogar beseitigen w\u00fcrdet, g\u00e4be es nur eine treffende Gelegenheit...<\/p>\n\n\n\n<p>(Wohlgemerkt: Es besteht keine grunds\u00e4tzliche Fehde zwischen den Familien! Stellt Euch einfach so ein typisches Familienfest vor: Den einen mag man sehr gern, den zweiten kennt man kaum und den dritten findet man mehr als unsympathisch...)<\/p>\n\n\n\n<p>Wir begr\u00fc\u00dfen Eure eigenen Ideen zu Freund und Feind auf diesem Fest (z.B. als Spielergruppen) und werden ansonsten jedem ein paar (intrigante) Verwicklungen zuteilen, \u00e4hnlich wie wir's schon auf anderen Plots mit den zus\u00e4tzlichen Aufgaben und Motivationen per Zettel gehandhabt hatten.<\/p>\n\n\n\n<p>Wir freuen uns auf Eure sch\u00f6nen und kreativen Ideen<\/p>\n\n\n\n<p>Eure Plotplanung<\/p>\n\n\n\n<p>\u00c1ine, Dio, Lia &amp; Nayell<\/p>\n\n\n\n<hr class=\"wp-block-separator\"\/>\n\n\n\n<p><strong>FAQ<\/strong><strong>s zum Plot:<\/strong><\/p>\n\n\n\n<p>Wann spielt der Plot:<\/p>\n\n\n\n<p>Herbst\u00e6quinox des 15. Regierungsjahrs K\u00f6nig Stefan Elhalyns, zeitlich also vor der Geburt von Leonie Hastur.<\/p>\n\n\n\n<p>Der Dom\u00e4nenvertrag gilt seit \u00fcber 1000 Jahren.<\/p>\n\n\n\n<p>Die 7 Dom\u00e4nen entscheiden \u00fcber die Geschicke Darkovers, kleinere Lords haben an Bedeutung verloren. Es gibt kaum noch wilde Telepathen. Laran wird ausschlie\u00dflich in den T\u00fcrmen ausgebildet. Nur Frauen werden Bewahrer. Schwertschwestern sind fest etabliert.<\/p>\n\n\n\n<p>Wo spielt der Plot:<\/p>\n\n\n\n<p>Auf Burg Darriel.<\/p>\n\n\n\n<p>Wer:<\/p>\n\n\n\n<p>Die Familien Darriel und Leynier - Charaktere sollten diesen Familien (incl. Personal) angeh\u00f6ren oder (in Ausnahmef\u00e4llen) zumindest ein sehr enges Verh\u00e4ltnis zu diesen pflegen.<\/p>\n\n\n\n<p>Worum geht es:<\/p>\n\n\n\n<p>Hochzeit zwischen Rowan Darriel &amp; Ciaran Leynier (1. Erbfolger der Leyniers).<\/p>\n\n\n\n<p>Laranrelevanz:<\/p>\n\n\n\n<p>Dies ist KEIN!!!!! High Laran Plot, und Laran ist keine L\u00f6sung f\u00fcr jedes Problem, das sich stellen wird. Ihr k\u00f6nnt Charaktere frei mit viel, wenig, ohne, minimalistischem oder gro\u00dfmeisterlichem Laran gestalten und bekommt trotzdem ein St\u00fcck Plot ab.<\/p>\n\n\n\n<p>Versprochen!<\/p>\n\n\n\n<p>Kennt Ihr Euch?<\/p>\n\n\n\n<p>Weitgehend. Vor allem innerhalb der eigenen Familie. Deshalb bekommt Ihr auch Stammb\u00e4ume von uns.<\/p>\n\n\n\n<p>Au\u00dferdem seid Ihr ja (zumeist) schon ein paar Tage vor Ort, konntet also schon weitere Bekanntschaften schlie\u00dfen.<\/p>\n\n\n\n<p>Wie alt sind denn die Charaktere so?<\/p>\n\n\n\n<p>Braut: 22 Jahre<br>Br\u00e4utigam: 25 Jahre<br>Brautvater: 40 Jahre<br>Br\u00e4utigamsvater: 46 Jahre\nHandelt es sich um einen politischen Plot?\nNein. Zwar geh\u00f6rte Darriel ehemals zu den Aldaran-Vasallen und Leynier zu den Alton-Vasallen, aber das spielt in unserem Plot und in unserer Zeit keine Rolle.\nAu\u00dfer jemand m\u00f6chte dies als pers\u00f6nliche Einzelansicht ausspielen \ud83d\ude09\n\n<\/p>\n\n\n<h2><span style=\"color: #993300;\">November Con 2009 - Berichte<br \/><\/span><\/h2>\n<p>Hier findet ihr die Berichte der Cons, die die im Forum gepostet wurden.<\/p>\n<p><a href=\"#ci\">Ciarans Klage und Rowans Antwort<\/a><br \/><a href=\"#von\">Von Liedern und Legenden<\/a><\/p>\n<h3><a name=\"ci\"><\/a>Ciarans Klage und Rowans Antwort<\/h3>\n<p>Prolog:<br \/>F\u00fcr jedes Wesen ein Band,<br \/>Das aus Liebe gewandt,<br \/>Aus dem Herzen geboren.<br \/>Wo der Geist sich verwandt,<br \/>In den Sturm ausgesandt,<br \/>Und dem Feuer verschworen.<br \/>Dort wird es brennen und vergehen,<br \/>Denn eines ist ihm ausersehen,<br \/>Die eisige H\u00f6lle, das zittrige Kalt.<br \/>Ein Tod unter Schmerzen,<br \/>Keine Liebe wird alt.<\/p>\n<p>Gr\u00fcn und jung das Band der Mutter,<br \/>Das als Kind dich bei ihr hielt.<br \/>Unschuld, Hoffnung, reine Herzen,<br \/>Bis der Schnitter sie dir stiehlt.<br \/>Keine Liebe je so klar ist,<br \/>Wie der Mutter zarte Hand,<br \/>Immer sicher zu dir her fand,<br \/>Denn es zog an ihr ein Band.<\/p>\n<p>Doch ans Grab herangerufen,<br \/>Gab es f\u00fcr das Kind kein Wort,<br \/>Das gen\u00fcgte sie zu preisen,<br \/>W\u00e4rme, Trost, den ganzen Hort,<br \/>Jene Sicherheit der Kindheit,<br \/>War mit einem Schlage fort.<\/p>\n<p>Wie oft kann das Herz dir brechen,<br \/>Bis nur Staub noch \u00fcbrig bleibt?<br \/>Wie oft kann die Liebe stechen,<br \/>Bis der Schmerz allein entleibt?<\/p>\n<p>Blau und ewig schien der Faden,<br \/>Der sich an die Schwester wand,<br \/>Der aus beiden Leibern stammte,<br \/>Und im Gleichtakt sich befand,<br \/>Keine Liebe je so nah ist,<br \/>Wie die Frucht aus einem Korn,<br \/>F\u00fcr die Zweisamkeit geborn,<br \/>In der Einsamkeit verlorn.<\/p>\n<p>Streit und Zwist, ein Wort, ein andres<br \/>Pl\u00f6tzlich zwischen ihnen stand.<br \/>Hier die Pflicht rief, dort die Freiheit,<br \/>Ungew\u00fcnschter Ehestand.<br \/>Hosen, Ohrring und ein Schwurwort,<br \/>Trennten, was das Schicksal band.<\/p>\n<p>Wie oft kann das Herz dir brechen,<br \/>Bis nur Staub noch \u00fcbrig bleibt?<br \/>Wie oft kann die Liebe stechen,<br \/>Bis der Schmerz allein entleibt?<\/p>\n<p>Rot und flammend dann die Hoffnung,<br \/>Auf die Liebe deiner Frau,<br \/>In dem Anblick ihrer Sch\u00f6nheit,<br \/>Sp\u00fcrt das zitternd Herz den Tau.<br \/>Keine Liebe je so rar ist,<br \/>Wie der hellen Sonne Licht,<br \/>Das dich so gl\u00fchend besticht,<br \/>In der herzenstiefen Schicht.<\/p>\n<p>Und du ahnst, es war ein Wunder,<br \/>Weil dein Herz hochschlug wie nie.<br \/>Doch das ihr Band nicht f\u00fcr dich war,<br \/>Warf dich heulend auf die Knie,<br \/>Rei\u00df das Band durch, denn die Liebe<br \/>Stirbt an bittrer Ironie.<\/p>\n<p>Wie oft kann das Herz dir brechen,<br \/>Bis nur Staub noch \u00fcbrig bleibt?<br \/>Wie oft kann die Liebe stechen,<br \/>Bis der Schmerz allein entleibt?<\/p>\n<p>Golden, ehern, deine Bindung<br \/>An den Vater, an dein Land<br \/>Steh es aus, auch unter Schmerzen,<br \/>Denn du bist der Zukunft Pfand,<br \/>Keine Liebe je so wahr ist,<br \/>Wie der Tradition und Pflicht,<br \/>Selbst wenn es an Kraft gebricht,<br \/>Bleibt der Fortbestand in Sicht.<\/p>\n<p>Du bist nie der Sohn gewesen,<br \/>Dessen Schultern breit genug,<br \/>Das auf ihnen sich die Lasten,<br \/>Der Familienehre trug,<br \/>Dieses Band ist nur noch spr\u00f6de,<br \/>Weil dein Selbst es j\u00e4h betrug.<\/p>\n<p>Wie oft kann das Herz dir brechen,<br \/>Bis nur Staub noch \u00fcbrig bleibt?<br \/>Wie oft kann die Liebe stechen,<br \/>Bis der Schmerz allein entleibt?<\/p>\n<p>Epilog:<br \/>F\u00fcr jedes Wesen ein Band,<br \/>Das aus Liebe gewandt,<br \/>Aus dem Herzen geboren.<br \/>Wo der Geist sich verwandt,<br \/>In den Sturm ausgesandt,<br \/>Und dem Feuer verschworen.<br \/>Dort wird es brennen und vergehen,<br \/>Denn eines ist ihm ausersehen,<br \/>Die eisige H\u00f6lle, das zittrige Kalt.<br \/>Ein Tod unter Schmerzen,<br \/>Keine Liebe wird alt.<\/p>\n<hr \/>\n<p>Den eigenen Weg zu finden<br \/>sich von lieben Menschen loszubinden<br \/>das Umfeld zu bruskieren<br \/>und einen besonders lieben Menschen ins Leid zu f\u00fchren<br \/>war nicht ihr Plan, doch sie hat es getan.<\/p>\n<p>Sie hatte die Wahl und traf sie nach innerem Kampf.<br \/>Das Herz zerissen, das Gewissen nicht rein,<br \/>schlug sie einen waghalsigen Weg ein.<br \/>Auch wenn sie erreichte, was sie gesucht,<br \/>ist das Herz doch auch schwer,<br \/>denn es geht nicht mit der Freude aller einher.<\/p>\n<p>Darum bleibt ihr nur \u00fcbrig zu sagen:<br \/>VERZEIHE MIR, denn es will mir so gar nicht behagen,<br \/>dass ich habe verursacht dein Klagen,<br \/>VERZEIHET MIR ALLE, die ich habe erz\u00fcrnt,<br \/>hoffentlich seid ihr mir eines Tages wieder wohlgesinnt.<\/p>\n<p>Eure Rowan<\/p>\n<p>Da kann ich nur beipflichten und den Dank gebe ich gern zur\u00fcck. Das Spiel war wirklich intensiv und vor allem die intime Kommunikation hat sehr viel Spa\u00df gemacht. Ein Vater wie Raimon Darriel kann sich jede Tocher nur w\u00fcnschen (da lass ich mich gerne auch noch mal anschreien *grins*) und ihn w\u00fcrde Rowan f\u00fcr nichts in der Welt eintauschen. Ciaran war ein wunderbarer Br\u00e4utigam, der so nett war, das das Nein sagen WIRKLICH sehr schwer gefallen ist. Aber wie kann man einem so heldenhaften, todesmutigen, aber nebenbei auch ziemlich rotzfrechen, Terranan widerstehen (ich sage nur \"das geht \u00fcber deinen Horizont\")? - auch wenn Rowan manchmal vor Scham im Boden versunken w\u00e4re. Aber auch Onkel Lu, Ferrick, Onkel Mikal waren f\u00fcr Rowan eine wahre St\u00fctze und wunderbare Spielpartner. K\u00f6stlich waren auch die nervige Calina, die die Auseinandersetzung zwischen Lord Raimond und seiner Tocher mit herrlichem Geplapper kommentierte sowie die beiden radebrechenden Schmiedevolkfrauen, die ihre liebe Not hatten den \"Vertrag\" mit Rowan abzuschlie\u00dfen (und an meiner Begriffstuztigkeit schier verzweifelten).<\/p>\n<h3><a name=\"von\"><\/a>Von Liedern und Legenden<\/h3>\n<p>ABSURDIT\u00c4TEN<\/p>\n<p>Diesmal<br \/>Aus dem Feuilleton der Thendara News:<\/p>\n<p>\u201eDas Kulturgut Darkovers ist erst k\u00fcrzlich um zwei unermessliche Sch\u00e4tze bereichert worden.<\/p>\n<p>So tr\u00e4llert jedermann neuerdings die unfassbar tiefgr\u00fcndige Ballade von Ansgard und Jolanda, die mit ihren zu Herzen gehenden tragischen Elementen den einfachen Darkovaner bei seinen Alltagssorgen abholt, so dass er sich verstanden und aufgehoben, ernstgenommen und wertgesch\u00e4tzt f\u00fchlt. Gleichzeitig verbreitet das Werk eine nahezu \u00fcbermenschliche Hoffnung, schafft eine Atmosph\u00e4re des Tatendrangs, des Aufbruchs, der Euphorie\u2026 Man sp\u00fcrt beim Singen geradezu den Ruck, der durch Darkover geht, da gibt es niemanden, der hinten anstehen und den Anschluss verpassen, zu sp\u00e4t kommen, zur\u00fcckbleiben oder vom Leben bestraft werden m\u00f6chte.<\/p>\n<p>Des Weiteren liest neuerdings jede Mutter ihrem Kinde die Legende von Ansgard und Jolanda vor. Rezensionen hierzu m\u00fcssen allerdings entfallen, da die \u00fcberlieferten Schriften nahezu unlesbar geworden sind und die Schmiergelder der Autorin dem n\u00f6tigen Zeitaufwand keineswegs angemessen waren. Da m\u00f6ge sich bei Interesse der geneigte Leser, die geneigte Leserin selbst ein Urteil bilden.<\/p>","protected":false},"excerpt":{"rendered":"<p>Plot zur November - Con 2009 Vai Com'ii, Ihr w\u00fcrdet mir und meiner Tochter Rowan eine gro\u00dfe Freude bereiten, ihrer Eheschlie\u00dfung di Catenas mit dem jungen Lord Ciaran aus dem Hause Leynier beizuwohnen. Der Rat der Comyn hat dieser vielversprechenden Verbindung seinen Segen gegeben, und Lord Lucian Baptiste Leynier und ich laden ein, den Vollzug <a href=\"https:\/\/www.darkover-con.de\/?page_id=1294\" class=\"more-link\">...weiterlesen<span class=\"screen-reader-text\"> \"2009 -Herbst\"<\/span><\/a><\/p>\n","protected":false},"author":8,"featured_media":0,"parent":1222,"menu_order":16,"comment_status":"closed","ping_status":"closed","template":"","meta":{"footnotes":""},"class_list":["post-1294","page","type-page","status-publish","h-entry","hentry","h-as-page"],"_links":{"self":[{"href":"https:\/\/www.darkover-con.de\/index.php?rest_route=\/wp\/v2\/pages\/1294","targetHints":{"allow":["GET"]}}],"collection":[{"href":"https:\/\/www.darkover-con.de\/index.php?rest_route=\/wp\/v2\/pages"}],"about":[{"href":"https:\/\/www.darkover-con.de\/index.php?rest_route=\/wp\/v2\/types\/page"}],"author":[{"embeddable":true,"href":"https:\/\/www.darkover-con.de\/index.php?rest_route=\/wp\/v2\/users\/8"}],"replies":[{"embeddable":true,"href":"https:\/\/www.darkover-con.de\/index.php?rest_route=%2Fwp%2Fv2%2Fcomments&post=1294"}],"version-history":[{"count":5,"href":"https:\/\/www.darkover-con.de\/index.php?rest_route=\/wp\/v2\/pages\/1294\/revisions"}],"predecessor-version":[{"id":2537,"href":"https:\/\/www.darkover-con.de\/index.php?rest_route=\/wp\/v2\/pages\/1294\/revisions\/2537"}],"up":[{"embeddable":true,"href":"https:\/\/www.darkover-con.de\/index.php?rest_route=\/wp\/v2\/pages\/1222"}],"wp:attachment":[{"href":"https:\/\/www.darkover-con.de\/index.php?rest_route=%2Fwp%2Fv2%2Fmedia&parent=1294"}],"curies":[{"name":"wp","href":"https:\/\/api.w.org\/{rel}","templated":true}]}}