{"id":131,"date":"2009-02-04T15:31:02","date_gmt":"2009-02-04T14:31:02","guid":{"rendered":"http:\/\/www.darkover-con.de\/wordpress\/wordpress\/?page_id=131"},"modified":"2019-04-22T11:28:14","modified_gmt":"2019-04-22T10:28:14","slug":"februar-con-2002","status":"publish","type":"page","link":"https:\/\/www.darkover-con.de\/?page_id=131","title":{"rendered":"2002 &#8211; Fr\u00fchjahr"},"content":{"rendered":"\n<h3 class=\"wp-block-heading\"><strong>1. Darkover-Con auf Schloss Zeilitzheim <\/strong><\/h3>\n\n\n\n<p><strong>vom 08.02. - 10.02.2002<\/strong><\/p>\n\n\n\n<p><span style=\"color: #000000;\">Beginn der Planung.......<\/span><\/p>\n\n\n\n<p><span style=\"color: #000000;\">.....oder am Anfang war der Chat.......<br>wir sa\u00dfen zusammen, noch keiner dachte an Firi oder Badewannenlaran...aber die Idee war geboren. \"Mensch, ich m\u00f6chte Euch doch mal sehen.\" Denn einzig und allein Fotos zu versenden, reichte schon damals nicht. Wir gingen die Planung also an und zwar, indem wir erst mal jemanden erw\u00e4hlten, oder eher verurteilten, der die Planung der Planung zu \u00fcbernehmen hatte.<br>Dieses \"ZK\" traf sich dann und hatte auch sch\u00f6ne Ideen und doch verlief die Planung im Sand der Trockenst\u00e4dte.<\/span><\/p>\n\n\n\n<p><span style=\"color: #000000;\">Etwa am Ende des Sommers (2001), als die Bl\u00e4tter vom Winter k\u00fcndeten und die darkovanische Lebensart uns Terranern der einzige Lichtblick schien (hat schon mal jemand von Euch im Sommer Jaco getrunken?), machten sich die hart gesottenen unter uns auf den Weg, um einen Ort zu suchen, der unseren hohen Anforderungen gen\u00fcgen konnte. Wir wollten schlie\u00dflich nicht nach Thendarastadt, Burg Comyn musste es schon sein.<br>Nach langem Hin und Her und ob die Selbstversorgerk\u00fcche, oder doch das<br>JuHe - Essen unseren Gaumen schmeicheln sollte, ob Burg oder Schloss, ob<br>Gewandung oder Terraoutfit, ob Namenschild und Haare f\u00e4rben<br>...etc......etc........legte sich fast, wie von selbst, den G\u00f6ttern ergeben,<br>diese Seite uns zu F\u00fcssen : <a href=\"http:\/\/schloss-zeilitzheim.de\/\">Schloss Zeilitzheim<\/a> . <\/span><\/p>\n\n\n\n<p><span style=\"color: #000000;\">Schnell gab es eine Abstimmung und ebenso schnell war die Einladung<br>an alle verschickt worden. Wir hatten erst mit einer Gruppe von ca. 30 bis 50 Leuten gerechnet. Doch so nach und nach wurden es immer weniger,<br>bis am Ende ca. 25 Darkovaner (und da z\u00e4hle ich den famili\u00e4ren und<br>freundschaftlichen Anhang mit) den Weg nach Zeilitzheim fanden.<\/span><\/p>\n\n\n\n<p><span style=\"color: #000000;\">Was mich am Meisten beeindruckt hat, war die Tatsache, das sich nahezu<br>alle Gedanken gemacht haben, wie sie zu einer passenden Gewandung kamen.<br>Schon im Vorfeld, meist im Kristallsaal wurden Ideen ausgetauscht,<br>Adressen gedealt und Tips gegeben, aber was dann an wirklich sch\u00f6nen,<br>passenden und traumhaften Gew\u00e4ndern, geadelt durch wunderbare<br>Menschen, die sie trugen, erschien......da fehlten mir die Worte<\/span><\/p>\n\n\n\n<p><span style=\"color: #000000;\">Der Raum selber, die \"alte Kelter\", machte sich als Rahmen und f\u00fcr das erste Mal, sehr gut. Sah sie noch am ersten Tag gro\u00df genug aus, zeigte sich bereits in der Nacht, das sie viel zu klein f\u00fcr 20 Leute war.<br>Doch Platz ist in der engsten H\u00fctte und so hat sich keiner, meines Wissens nach, beschwert. Eins haben wir daraus gelernt: Demn\u00e4chst brauchen wir mehr Platz.<\/span><\/p>\n\n\n\n<p><span style=\"color: #000000;\">Eine Sache m\u00f6chte ich noch erw\u00e4hnen:<\/span><\/p>\n\n\n\n<p><span style=\"color: #000000;\">Am Samstag Abend gab es zwei Ereignisse, die mir immer im Ged\u00e4chtnis<br>bleiben werden. Zum Einen die, fast schon ekstatisch erlebten T\u00e4nze.<br>Ich glaube, wir k\u00f6nnen dieses St\u00fcck nicht mehr h\u00f6ren und dennoch w\u00fcrden wir bei den ersten Takten schon.....2 nach links....2 nach rechts.......<br>und die Schuhe w\u00fcrden wieder qualmen.<\/span><\/p>\n\n\n\n<p><span style=\"color: #000000;\">Das andere Erlebnis der besonderen Art war der Auftritt von Caillean und Nayell. Auch wenn Caillean sagte, sie sei erk\u00e4ltet....wir waren dennoch sehr beeindruckt. So wenig Gr\u00fcppchen sich auf der Con gebildet haben, gab es sie doch......aber an diesem Abend sa\u00dfen alle um das Lager aus Fellen und scharten sich um das einzige Liederbuch.<br>Mittlerweile d\u00fcrfte jeder die Texte der gesungenen Lieder haben (und auswendig k\u00f6nnen?).<\/span><\/p>\n\n\n\n<p><span style=\"color: #000000;\">Mir bleibt nur noch Dank an Alle zu sagen, die dieser Con das Gef\u00fchl<br>von Richtigkeit gaben. Ich war an diesen Tagen Godard de Mistral und<br>Farryl Ridenow, auch wenn es immer einen kleinen Teil \"Falk\"<br>(wer ist das \u00fcberhaupt?) gab, der aus der Planung noch immer nicht<br>heraus war und mit sorgenvollem Gesicht das Treiben beobachtete und einsch\u00e4tzte.<\/span><\/p>\n\n\n\n<p><span style=\"color: #000000;\">Denkt daran...die n\u00e4chste Con kommt bestimmt.<\/span><\/p>\n\n\n\n<p><span style=\"color: #000000;\">Godard de Mistral<\/span><\/p>\n\n\n\n<p><span style=\"color: #000000;\">M\u00e4rz 2002<\/span><\/p>\n","protected":false},"excerpt":{"rendered":"<p>1. Darkover-Con auf Schloss Zeilitzheim vom 08.02. - 10.02.2002 Beginn der Planung....... .....oder am Anfang war der Chat.......wir sa\u00dfen zusammen, noch keiner dachte an Firi oder Badewannenlaran...aber die Idee war geboren. \"Mensch, ich m\u00f6chte Euch doch mal sehen.\" Denn einzig und allein Fotos zu versenden, reichte schon damals nicht. Wir gingen die Planung also an <a href=\"https:\/\/www.darkover-con.de\/?page_id=131\" class=\"more-link\">...weiterlesen<span class=\"screen-reader-text\"> \"2002 &#8211; Fr\u00fchjahr\"<\/span><\/a><\/p>\n","protected":false},"author":4,"featured_media":0,"parent":1222,"menu_order":1,"comment_status":"closed","ping_status":"closed","template":"","meta":{"footnotes":""},"class_list":["post-131","page","type-page","status-publish","h-entry","hentry","h-as-page"],"_links":{"self":[{"href":"https:\/\/www.darkover-con.de\/index.php?rest_route=\/wp\/v2\/pages\/131","targetHints":{"allow":["GET"]}}],"collection":[{"href":"https:\/\/www.darkover-con.de\/index.php?rest_route=\/wp\/v2\/pages"}],"about":[{"href":"https:\/\/www.darkover-con.de\/index.php?rest_route=\/wp\/v2\/types\/page"}],"author":[{"embeddable":true,"href":"https:\/\/www.darkover-con.de\/index.php?rest_route=\/wp\/v2\/users\/4"}],"replies":[{"embeddable":true,"href":"https:\/\/www.darkover-con.de\/index.php?rest_route=%2Fwp%2Fv2%2Fcomments&post=131"}],"version-history":[{"count":12,"href":"https:\/\/www.darkover-con.de\/index.php?rest_route=\/wp\/v2\/pages\/131\/revisions"}],"predecessor-version":[{"id":2493,"href":"https:\/\/www.darkover-con.de\/index.php?rest_route=\/wp\/v2\/pages\/131\/revisions\/2493"}],"up":[{"embeddable":true,"href":"https:\/\/www.darkover-con.de\/index.php?rest_route=\/wp\/v2\/pages\/1222"}],"wp:attachment":[{"href":"https:\/\/www.darkover-con.de\/index.php?rest_route=%2Fwp%2Fv2%2Fmedia&parent=131"}],"curies":[{"name":"wp","href":"https:\/\/api.w.org\/{rel}","templated":true}]}}