{"id":143,"date":"2009-05-17T14:03:20","date_gmt":"2009-05-17T13:03:20","guid":{"rendered":"http:\/\/www.darkover-con.de\/wordpress\/wordpress\/?page_id=143"},"modified":"2019-07-06T20:20:47","modified_gmt":"2019-07-06T19:20:47","slug":"tipps-hinweise","status":"publish","type":"page","link":"https:\/\/www.darkover-con.de\/?page_id=143","title":{"rendered":"Tipps &#038; Hinweise"},"content":{"rendered":"\n<ol class=\"wp-block-list\"><li>Charakter<\/li><li>Ausr\u00fcstung<\/li><li>Gewandung<\/li><li>Sicherheit<\/li><\/ol>\n\n\n\n<hr class=\"wp-block-separator\"\/>\n\n\n\n<h3 class=\"wp-block-heading\">1. Charakter<\/h3>\n\n\n\n<h4 class=\"wp-block-heading\">Charakterentwicklung<\/h4>\n\n\n\n<ul class=\"wp-block-list\"><li>Erschaffe dir einen Charakter, mit dem du vertraut umgehen kannst und mit dem du dich wohl f\u00fchlst. <\/li><li>Finde f\u00fcr dich selbst heraus, wie dein Charakter in welcher Situation  reagieren w\u00fcrde, damit du im Plot mit deinem Charakter vertraut bist.<\/li><li>Euer Charakter sollte realistisch sein. Der Bewahrer eines Turms, der  Lord einer Dom\u00e4ne, beides sind schwierig umzusetzende Charaktere. Auch  eine Person von niederem Rang kann ein interessanter Charakter sein.   <\/li><li>Besonderheiten des Charakters sollten im Charablatt klar gestellt  werden, damit es nicht untergeht. (Damit ist aber nicht gesichert, dass  diese auch f\u00fcr den Plot aufgegriffen werden kann \/ wird.) <\/li><li>Bedenke das Trockenst\u00e4dter und Schwertschwester in der Gesellschaft eher gemieden werden. <\/li><li>Wollt ihr aus einem anderen Larp \/ anderen Welt einen eurer Charaktere in den Plot einbringen, \u201edarkovanisiert\u201c ihn, damit er in die Welt  Darkover passt. <\/li><li>Versucht euch bereits im Vorfeld zu Gruppen zusammen zu schlie\u00dfen. Sprecht miteinander und nutzt daf\u00fcr das Con-Forum. <\/li><\/ul>\n\n\n\n<h4 class=\"wp-block-heading\">Im Spiel<\/h4>\n\n\n\n<ul class=\"wp-block-list\"><li>Wenn Du angespielt wirst, zeige irgendeine plausible Reaktion. Spiel irgendwas, egal was, aber spiele.<\/li><li> Wenn Du jemanden anspielst, erwarte keine bestimmte Reaktion. Akzeptiere, was Dein Gegen\u00fcber daraus macht. <\/li><li> Stellt euch mit Namen vor! <\/li><li>Seid zum Improvisieren bereit und nehmt es der SL nicht \u00fcbel, wenn sie eure Idee nicht in den Plot einbauen konnte. <\/li><li>Wer sich auf einen Kampf einl\u00e4sst, muss mit Verletzungen (in-time)  rechnen. Ein Treffer mit dem Schwert, ein Dolchstich... ruft nach dem  n\u00e4chsten Heiler, solange ihr noch k\u00f6nnt. <\/li><li> Wir sind keine Truppe, die vor einem Publikum auftritt. Was ihr im Plot tut, macht ihr f\u00fcr euch selber und eure Mitspieler. <\/li><\/ul>\n\n\n\n<hr class=\"wp-block-separator\"\/>\n\n\n\n<h3 class=\"wp-block-heading\">2. Ausr\u00fcstung<\/h3>\n\n\n\n<ul class=\"wp-block-list\"><li>Wer Laran hat und es gebraucht muss eine <strong>Matrix<\/strong> tragen.<\/li><li> Wer k\u00e4mpfen will, braucht eine <strong>Larp-Waffe <\/strong>(siehe Sicherheit unten) <\/li><li> Wer einen Comyn, eine Schwertschwester, einen Soldaten darstellen will, muss dies auch mit seiner <strong>Kleidung<\/strong> kenntlich machen.  <\/li><\/ul>\n\n\n\n<hr class=\"wp-block-separator\"\/>\n\n\n\n<h3 class=\"wp-block-heading\">3. Gewandung<\/h3>\n\n\n\n<ul class=\"wp-block-list\"><li>Die darkovanische Kleidung orientiert sich an fr\u00fchmittelalter (Bergvolk)  bis Renaissance\/Georgianisch und auch an folkloristischen Vorlagen. <\/li><li>Frauen lassen den Nacken bedeckt, lassen keine tiefen Ausschnitte zu und  bedecken ihre Kn\u00f6chel. Sie tragen keine Ohrstecker und schminken sich  nicht. Frauen tragen nur R\u00f6cke oder Kleider. <\/li><li>Das Bergvolk und die einfache Bev\u00f6lkerung tragen gerne Karos<\/li><li>Im ZdC gab noch keine Turmroben, sondern die Farben der Familie<\/li><li>Wenn du di catenas verheiratet bist, tr\u00e4gst du einen Kupferarmrei<\/li><li>Wenn Du eine Schwertschwester spielst, tr\u00e4gst Du Hosen\/Hosenrock, eine rote Jacke und einen Ohrrin<\/li><li>Jeder darkovanische Mann tr\u00e4gt einen Dolch <\/li><li>Darkover ist ein metallarmer Planet, achte bei R\u00fcstung und Gewandung darauf <\/li><li>Comyn tragen nur wetterbeding eine Kopfbedeckung, die ihr rotes Haar verdeckt <\/li><li>Ein Dom\u00e4nenlord tr\u00e4gt aufw\u00e4ndiger Kleidung als ein Bettler <\/li><li>Ein Bademantel ist keine Bewahrerrobe<\/li><li>Und Hemd und Hose sind ausbauf\u00e4hig<\/li><li>Ein Korsett ist als Unterw\u00e4sche einzuordnen. <\/li><li>Birkenstock und Turnschuhe passen nicht so gut<\/li><li>Im Karnevallversand findet man nicht wirklich LARPtaugliche Gewandung  <\/li><\/ul>\n\n\n\n<hr class=\"wp-block-separator\"\/>\n\n\n\n<h3 class=\"wp-block-heading\">4. Sicherheit<\/h3>\n\n\n\n<p><span style=\"color: #993300;\"><\/span><\/p>\n\n\n\n<ul class=\"wp-block-list\"><li>Es sollte nat\u00fcrlich selbstverst\u00e4ndlich sein, dass ihr niemanden im Spiel und im Kampf gef\u00e4hrdet und eure Larpwaffe den Sicherheitsstandarts entspricht und von der Plot-Planung zum Gebrauch im Spiel abgesegnet ist.<\/li><li>Reale Waffen (auch Taschenmesser, spitze Gegenst\u00e4nde etc.) sind im Plot nicht erlaubt (Mahlzeiten ausgenommen). Ein Gebrauch dieser f\u00fchrt zum Ausschluss von der Con. <\/li><li> K\u00e4mpfen unter Alkohleinfluss ist zu unterlassen. <\/li><\/ul>\n","protected":false},"excerpt":{"rendered":"<p>Charakter Ausr\u00fcstung Gewandung Sicherheit 1. Charakter Charakterentwicklung Erschaffe dir einen Charakter, mit dem du vertraut umgehen kannst und mit dem du dich wohl f\u00fchlst. Finde f\u00fcr dich selbst heraus, wie dein Charakter in welcher Situation reagieren w\u00fcrde, damit du im Plot mit deinem Charakter vertraut bist. Euer Charakter sollte realistisch sein. Der Bewahrer eines Turms, <a href=\"https:\/\/www.darkover-con.de\/?page_id=143\" class=\"more-link\">...weiterlesen<span class=\"screen-reader-text\"> \"Tipps &#038; Hinweise\"<\/span><\/a><\/p>\n","protected":false},"author":1,"featured_media":0,"parent":11,"menu_order":4,"comment_status":"closed","ping_status":"closed","template":"","meta":{"footnotes":""},"class_list":["post-143","page","type-page","status-publish","h-entry","hentry","h-as-page"],"_links":{"self":[{"href":"https:\/\/www.darkover-con.de\/index.php?rest_route=\/wp\/v2\/pages\/143","targetHints":{"allow":["GET"]}}],"collection":[{"href":"https:\/\/www.darkover-con.de\/index.php?rest_route=\/wp\/v2\/pages"}],"about":[{"href":"https:\/\/www.darkover-con.de\/index.php?rest_route=\/wp\/v2\/types\/page"}],"author":[{"embeddable":true,"href":"https:\/\/www.darkover-con.de\/index.php?rest_route=\/wp\/v2\/users\/1"}],"replies":[{"embeddable":true,"href":"https:\/\/www.darkover-con.de\/index.php?rest_route=%2Fwp%2Fv2%2Fcomments&post=143"}],"version-history":[{"count":35,"href":"https:\/\/www.darkover-con.de\/index.php?rest_route=\/wp\/v2\/pages\/143\/revisions"}],"predecessor-version":[{"id":2672,"href":"https:\/\/www.darkover-con.de\/index.php?rest_route=\/wp\/v2\/pages\/143\/revisions\/2672"}],"up":[{"embeddable":true,"href":"https:\/\/www.darkover-con.de\/index.php?rest_route=\/wp\/v2\/pages\/11"}],"wp:attachment":[{"href":"https:\/\/www.darkover-con.de\/index.php?rest_route=%2Fwp%2Fv2%2Fmedia&parent=143"}],"curies":[{"name":"wp","href":"https:\/\/api.w.org\/{rel}","templated":true}]}}