{"id":148,"date":"2009-05-17T17:34:11","date_gmt":"2009-05-17T16:34:11","guid":{"rendered":"http:\/\/www.darkover-con.de\/wordpress\/wordpress\/?page_id=148"},"modified":"2021-08-28T10:04:10","modified_gmt":"2021-08-28T09:04:10","slug":"regeln","status":"publish","type":"page","link":"https:\/\/www.darkover-con.de\/?page_id=148","title":{"rendered":"Regelwerk &#038; Charakterblatt"},"content":{"rendered":"\n<p>Leider kommen wir auch bei unserer Art des Spieles nicht ganz ohne Regeln aus.<\/p>\n\n\n\n<p>Sie sind teilweise notwendig, weil wir z.B. nicht besonders ge\u00fcbt im K\u00e4mpfen sind oder es doch einige Probleme gibt, die Wirkung von Laran darzustellen bzw. zu entscheiden, welche Auswirkung die Anwendung einer Gabe oder Laran hat.<br>Da aber keiner von uns Lust auf Punktez\u00e4hlen hat, hat sich eine schlaue Plotplanung vor Jahren f\u00fcr das Laran das System mit den Kugeln ausgedacht, bei dem eben je nach Ausbildungsgrad eine Aktion mit Laran mit gr\u00f6\u00dferer Wahrscheinlichkeit funktioniert je besser man ausgebildet ist. Auf den bisherigen Plots hat sich das gut bew\u00e4hrt; auch dass jeder Spieler selbstst\u00e4ndig daran gedacht hat, dass man nach Laranarbeit ersch\u00f6pft ist, etwas s\u00fc\u00dfes Essen sollte und eine halbe Stunde k\u00fcrzer treten sollte.<\/p>\n\n\n\n<p>Die Kugeln sowie die Beutelchen, in denen sie w\u00e4hrend des Spiels aufbewahrt werden, befinden sich im Con-Fundus. Ihr m\u00fcsst sie also nicht selbst besorgen und mitbringen.<br>Ihr solltet beides nur am Ende der Con wieder abgeben, damit wir nicht best\u00e4ndig neue Kugeln und Beutel herstellen m\u00fcssen. Sollten sie doch in eurem Gep\u00e4ck landen, bringt sie zur n\u00e4chsten Con wieder mit und dr\u00fcckt sie der Plotplanung in die Finger.<\/p>\n\n\n\n<p>Das Charakterblatt wird von der Plotplanung u.a. wegen der Vergabe der Kugeln dringend ben\u00f6tigt, aber auch, damit sie sich auf euren Charakter einstellen kann<br><em><br>Da unsere Plotplanung von Con zu Con wechselt und wir nach dem DVSGO-Ged\u00f6nse beschlossen haben, dass die Plotplanung nach der Con eure Charakterbl\u00e4tter bei sich vernichtet, ist es wichtig, dass ihr jeder Plotplanung ein gut ausgef\u00fclltes Charablatt schickt, so als w\u00fcrde sie auch altgediente Charaktere nicht kennen. <\/em><\/p>\n\n\n\n<p>Um euren Charakter famil\u00e4r abzustimmen, findet ihr im <a href=\"https:\/\/www.darkover-con.de\/?page_id=3\">Forum <\/a>einen Link zu den Stammb\u00e4umen. Oder wendet euch an die Stammbaumbetreuung unter <a href=\"https:\/\/www.darkover-con.de\/?page_id=14\">Kontakte<\/a>.<\/p>\n\n\n\n<hr class=\"wp-block-separator\"\/>\n\n\n\n<p>Hier findet ihr das <strong>aktuelle Regelwerk<\/strong>:<br><a style=\"color: #bb2835; font-weight: bold;\" href=\"https:\/\/www.darkover-con.de\/medien\/dokumente\/regelwerk_larp_v2-4.pdf\">Regelwerk<\/a> (PDF; 85 KB)<\/p>\n\n\n\n<p>Hier findet ihr das <strong>aktuelle Charakterblatt<\/strong>:<\/p>\n\n\n\n<p>Plot <span style=\"text-decoration: underline;\">vor<\/span> dem Dom\u00e4nen-Vertrag (da wir im ZdC spielen):<br><a style=\"color: #bb2835; font-weight: bold;\" href=\"https:\/\/www.darkover-con.de\/medien\/dokumente\/Charakterblatt_Vers09.pdf\">Charakterblatt<\/a> (PDF; 150 KB)<\/p>\n\n\n\n<p>F\u00fcr das Charakterblatt ist der Acrobat Reader 7 oder h\u00f6her notwendig.<br><em><strong>Das Formular l\u00e4sst sich im automatisch \u00f6ffnenden Browserfenster zwar ausf\u00fcllen, wird jedoch nicht korrekt gespeichert. Die Infos in den DropDown-Men\u00fcs gehen leider verloren. <\/strong><\/em><br><em><strong>Bitte daher zwingend im Acrobat Reader bearbeiten und vor dem Abschicken nochmals \u00fcberpr\u00fcfen.<\/strong><\/em><\/p>\n","protected":false},"excerpt":{"rendered":"<p>Leider kommen wir auch bei unserer Art des Spieles nicht ganz ohne Regeln aus. Sie sind teilweise notwendig, weil wir z.B. nicht besonders ge\u00fcbt im K\u00e4mpfen sind oder es doch einige Probleme gibt, die Wirkung von Laran darzustellen bzw. zu entscheiden, welche Auswirkung die Anwendung einer Gabe oder Laran hat.Da aber keiner von uns Lust <a href=\"https:\/\/www.darkover-con.de\/?page_id=148\" class=\"more-link\">...weiterlesen<span class=\"screen-reader-text\"> \"Regelwerk &#038; Charakterblatt\"<\/span><\/a><\/p>\n","protected":false},"author":1,"featured_media":0,"parent":11,"menu_order":3,"comment_status":"closed","ping_status":"closed","template":"","meta":{"footnotes":""},"class_list":["post-148","page","type-page","status-publish","h-entry","hentry","h-as-page"],"_links":{"self":[{"href":"https:\/\/www.darkover-con.de\/index.php?rest_route=\/wp\/v2\/pages\/148","targetHints":{"allow":["GET"]}}],"collection":[{"href":"https:\/\/www.darkover-con.de\/index.php?rest_route=\/wp\/v2\/pages"}],"about":[{"href":"https:\/\/www.darkover-con.de\/index.php?rest_route=\/wp\/v2\/types\/page"}],"author":[{"embeddable":true,"href":"https:\/\/www.darkover-con.de\/index.php?rest_route=\/wp\/v2\/users\/1"}],"replies":[{"embeddable":true,"href":"https:\/\/www.darkover-con.de\/index.php?rest_route=%2Fwp%2Fv2%2Fcomments&post=148"}],"version-history":[{"count":29,"href":"https:\/\/www.darkover-con.de\/index.php?rest_route=\/wp\/v2\/pages\/148\/revisions"}],"predecessor-version":[{"id":3036,"href":"https:\/\/www.darkover-con.de\/index.php?rest_route=\/wp\/v2\/pages\/148\/revisions\/3036"}],"up":[{"embeddable":true,"href":"https:\/\/www.darkover-con.de\/index.php?rest_route=\/wp\/v2\/pages\/11"}],"wp:attachment":[{"href":"https:\/\/www.darkover-con.de\/index.php?rest_route=%2Fwp%2Fv2%2Fmedia&parent=148"}],"curies":[{"name":"wp","href":"https:\/\/api.w.org\/{rel}","templated":true}]}}