{"id":17,"date":"2009-02-01T15:45:50","date_gmt":"2009-02-01T14:45:50","guid":{"rendered":"http:\/\/www.darkover-con.de\/wordpress\/wordpress\/?page_id=17"},"modified":"2022-04-24T10:57:02","modified_gmt":"2022-04-24T09:57:02","slug":"impressum","status":"publish","type":"page","link":"https:\/\/www.darkover-con.de\/?page_id=17","title":{"rendered":"Impressum"},"content":{"rendered":"<p><img loading=\"lazy\" decoding=\"async\" class=\"alignleft\" title=\"Impressum\" src=\"https:\/\/www.darkover-con.de\/wp-content\/themes\/CMS2\/images\/headline\/impressum.gif\" alt=\"\" width=\"111\" height=\"21\" \/><\/p>\n<p>Verantwortlich f\u00fcr den Inhalt dieser Website ist der Darkover Convention e.V.<\/p>\n<p>Anschrift:<br \/>\nDarkover Convention e.V.<br \/>\nc\/o<br \/>\nHeike Krings<br \/>\nAuf den Feldern 7<br \/>\n52152 Simmerath<br \/>\nEmail: <a href=\"mailto:vorstand@darkover-con.de\">Vorstand@darkover-con.de<\/a><\/p>\n<p>Der Darkover Convention e.V. ist eingetragen im Vereinsregister beim<br \/>\nAmtsgericht Bonn<br \/>\nWilhelmstra\u00dfe 21<br \/>\n53111 Bonn<br \/>\nVereinsregisternummer: 8697<\/p>\n<p>Der Darkover Convention e.V. wird gesetzlich vertreten durch zwei Mitglieder des amtierenden Vorstandes. Dieser besteht aus dem Vorsitzenden, sowie den beiden stellvertretenden Vorsitzenden und dem Kassenwart.<\/p>\n<p>Die amtierender Vorsitzender ist:<br \/>\nHeike Krings<br \/>\nAuf den Feldern 7<br \/>\n52152 Simmerath<br \/>\nEmail: <a href=\"mailto:vorstand@darkover-con.de\">Vorstand@darkover-con.de<\/a><\/p>\n<p>Ausk\u00fcnfte \u00fcber weitere Vorstandsmitglieder erhalten Sie beim Registergericht oder bei vorliegen berechtigter Interessen bei der Vorsitzenden.<\/p>\n<p><strong>Haftung f\u00fcr Inhalte<\/strong><\/p>\n<p>Die Inhalte unserer Seiten wurden mit gr\u00f6\u00dfter Sorgfalt erstellt. F\u00fcr die Richtigkeit, Vollst\u00e4ndigkeit und Aktualit\u00e4t der Inhalte k\u00f6nnen wir jedoch keine Gew\u00e4hr \u00fcbernehmen. Als Diensteanbieter sind wir gem\u00e4\u00df \u00a7 7 Abs.1 TMG f\u00fcr eigene Inhalte auf diesen Seiten nach den allgemeinen Gesetzen verantwortlich. Nach \u00a7\u00a7 8 bis 10 TMG sind wir als Diensteanbieter jedoch nicht verpflichtet, \u00fcbermittelte oder gespeicherte fremde Informationen zu \u00fcberwachen oder nach Umst\u00e4nden zu forschen, die auf eine rechtswidrige T\u00e4tigkeit hinweisen. Verpflichtungen zur Entfernung oder Sperrung der Nutzung von Informationen nach den allgemeinen Gesetzen bleiben hiervon unber\u00fchrt. Eine diesbez\u00fcgliche Haftung ist jedoch erst ab dem Zeitpunkt der Kenntnis einer konkreten Rechtsverletzung m\u00f6glich. Bei Bekanntwerden von entsprechenden Rechtsverletzungen werden wir diese Inhalte umgehend entfernen.<\/p>\n<p><strong>Haftung f\u00fcr Links<\/strong><\/p>\n<p>Unser Angebot enth\u00e4lt Links zu externen Webseiten Dritter, auf deren Inhalte wir keinen Einfluss haben. Deshalb k\u00f6nnen wir f\u00fcr diese fremden Inhalte auch keine Gew\u00e4hr \u00fcbernehmen. F\u00fcr die Inhalte der verlinkten Seiten ist stets der jeweilige Anbieter oder Betreiber der Seiten verantwortlich. Die verlinkten Seiten wurden zum Zeitpunkt der Verlinkung auf m\u00f6gliche Rechtsverst\u00f6\u00dfe \u00fcberpr\u00fcft. Rechtswidrige Inhalte waren zum Zeitpunkt der Verlinkung nicht erkennbar. Eine permanente inhaltliche Kontrolle der verlinkten Seiten ist jedoch ohne konkrete Anhaltspunkte einer Rechtsverletzung nicht zumutbar. Bei Bekanntwerden von Rechtsverletzungen werden wir derartige Links umgehend entfernen.<\/p>\n<p><strong>Rechtswirksamkeit dieses Haftungsausschlusses<\/strong><br \/>\nDieser Haftungsausschluss ist als Teil des Internetangebotes zu betrachten, von dem aus auf diese Seite verwiesen wurde. Sofern Teile oder einzelne Formulierungen dieses Textes der geltenden Rechtslage nicht, nicht mehr oder nicht vollst\u00e4ndig entsprechen sollten, bleiben die \u00fcbrigen Teile des Dokumentes in ihrem Inhalt und ihrer G\u00fcltigkeit davon unber\u00fchrt.<\/p>\n<p><strong>Urheberrecht<\/strong><\/p>\n<p>Die durch die Seitenbetreiber erstellten Inhalte und Werke auf diesen Seiten unterliegen dem deutschen Urheberrecht. Die Vervielf\u00e4ltigung, Bearbeitung, Verbreitung und jede Art der Verwertung au\u00dferhalb der Grenzen des Urheberrechtes bed\u00fcrfen der schriftlichen Zustimmung des jeweiligen Autors bzw. Erstellers. Downloads und Kopien dieser Seite sind nur f\u00fcr den privaten, nicht kommerziellen Gebrauch gestattet. Soweit die Inhalte auf dieser Seite nicht vom Betreiber erstellt wurden, werden die Urheberrechte Dritter beachtet. Insbesondere werden Inhalte Dritter als solche gekennzeichnet. Sollten Sie trotzdem auf eine Urheberrechtsverletzung aufmerksam werden, bitten wir um einen entsprechenden Hinweis. Bei Bekanntwerden von Rechtsverletzungen werden wir derartige Inhalte umgehend entfernen.<\/p>\n<p><small>Erstellt mit Hilfe von <a href=\"http:\/\/www.e-recht24.de\/impressum-generator\/\">Impressum Generator<\/a><\/small><\/p>\n<p>Die Rechte an der Welt \"Darkover\" liegen bei Marion Zimmer Bradley bzw. bei ihren Nachlassverwaltern.<br \/>\nWir sind lediglich eine Fangruppe der Welt Darkover bzw. der auf dieser Welt spielenden Romane, welche diesem Interesse in den Fantreffen und dem LARP Ausdruck verleiht.<\/p>\n<p><small>Darkover-Con.de is powered by <a href=\"http:\/\/de.wordpress.com\">WordPress<\/a><\/small><\/p>\n","protected":false},"excerpt":{"rendered":"<p>Verantwortlich f\u00fcr den Inhalt dieser Website ist der Darkover Convention e.V. Anschrift: Darkover Convention e.V. c\/o Heike Krings Auf den Feldern 7 52152 Simmerath Email: Vorstand@darkover-con.de Der Darkover Convention e.V. ist eingetragen im Vereinsregister beim Amtsgericht Bonn Wilhelmstra\u00dfe 21 53111 Bonn Vereinsregisternummer: 8697 Der Darkover Convention e.V. wird gesetzlich vertreten durch zwei Mitglieder des amtierenden <a href=\"https:\/\/www.darkover-con.de\/?page_id=17\" class=\"more-link\">...weiterlesen<span class=\"screen-reader-text\"> \"Impressum\"<\/span><\/a><\/p>\n","protected":false},"author":1,"featured_media":0,"parent":0,"menu_order":0,"comment_status":"closed","ping_status":"closed","template":"","meta":{"footnotes":""},"class_list":["post-17","page","type-page","status-publish","h-entry","hentry","h-as-page"],"_links":{"self":[{"href":"https:\/\/www.darkover-con.de\/index.php?rest_route=\/wp\/v2\/pages\/17","targetHints":{"allow":["GET"]}}],"collection":[{"href":"https:\/\/www.darkover-con.de\/index.php?rest_route=\/wp\/v2\/pages"}],"about":[{"href":"https:\/\/www.darkover-con.de\/index.php?rest_route=\/wp\/v2\/types\/page"}],"author":[{"embeddable":true,"href":"https:\/\/www.darkover-con.de\/index.php?rest_route=\/wp\/v2\/users\/1"}],"replies":[{"embeddable":true,"href":"https:\/\/www.darkover-con.de\/index.php?rest_route=%2Fwp%2Fv2%2Fcomments&post=17"}],"version-history":[{"count":32,"href":"https:\/\/www.darkover-con.de\/index.php?rest_route=\/wp\/v2\/pages\/17\/revisions"}],"predecessor-version":[{"id":3177,"href":"https:\/\/www.darkover-con.de\/index.php?rest_route=\/wp\/v2\/pages\/17\/revisions\/3177"}],"wp:attachment":[{"href":"https:\/\/www.darkover-con.de\/index.php?rest_route=%2Fwp%2Fv2%2Fmedia&parent=17"}],"curies":[{"name":"wp","href":"https:\/\/api.w.org\/{rel}","templated":true}]}}