{"id":1971,"date":"2017-04-03T13:56:42","date_gmt":"2017-04-03T12:56:42","guid":{"rendered":"http:\/\/www.darkover-con.de\/?page_id=1971"},"modified":"2019-04-22T16:01:05","modified_gmt":"2019-04-22T15:01:05","slug":"berichte-maerz-2017","status":"publish","type":"page","link":"https:\/\/www.darkover-con.de\/?page_id=1971","title":{"rendered":"2017 &#8211; Fr\u00fchjahr"},"content":{"rendered":"\n<h3 class=\"wp-block-heading\">Plot zur M\u00e4rz Con 2017<\/h3>\n\n\n\n<p>Rhys kam zur\u00fcck ins Warme und klopfte sich die Kleidung aus. Ein Schneesturm hier in der Gegend war zu dieser Zeit zwar ungew\u00f6hnlich, aber nicht besorgniserregend. Eher im Gegenteil, f\u00fcr ihn als Wirt war es das Beste, was ihm passieren konnte.<br>Denn es bedeutete G\u00e4ste.<\/p>\n\n\n\n<p>\"Mirella, zieh\u2018s gute Leinen auf die Betten im guten Schlafraum. Lorill hat vorhin erz\u00e4hlt, dass die auf Burg Ardais \u2018n Fest feiern. Da rumpelt bestimmt nich jeder mit nem Luftwagen an.\u201c<\/p>\n\n\n\n<p>Mehr musste er nicht sagen. Mirella wusste wie er, dass es durchaus sein konnte, dass sich bei solchen Anl\u00e4ssen und bei solchem Wetter, die ein oder andere feine Gesellschaft in sein Gasthaus verirrte. Der Verlauf der engen Passstra\u00dfe war jetzt schon kaum mehr zu erkennen und es w\u00fcrde noch schlimmer werden. Vielleicht w\u00fcrden die G\u00e4ste sogar mehr als nur einen Abend bleiben.<\/p>\n\n\n\n<p>Bei Aldones\u2026 lass es mal so richtig runterschneien wie vor vier Jahren, dachte er und rieb sich innerlich die H\u00e4nde. Von den Einnahmen zehrten er und seine Familie teilweise immer noch.<\/p>\n\n\n\n<p>\u201eSieh man zu, dass die Schlafr\u00e4ume sauber sind\u201c, erg\u00e4nzte er in Mirellas Richtung. \u201eUnd \u2018s kleine Zimmer auch vorbereitet und warm is.\u201c<\/p>\n\n\n\n<p>Auf alles vorbereitet sein. W\u00e4r nicht das erste Mal, dass auch ne Dame drunter war, die keinesfalls in einem Schlafsaal schlafen konnte. Oder einer von denen, die nix anpackten und mit ihren flammend roten Haaren nur in der Ecke sa\u00dfen. Auf die konnte Rhys eigentlich verzichten. Zahlten eh nie was und wenn nich viel.<\/p>\n\n\n\n<p>Rhys wollte sich schon umdrehen und den Stallburschen suchen, als er noch dazusetzte: \u201eSetz viel Wasser auf und leg die Steine zum Betten w\u00e4rmen neben den Ofen.\"<\/p>\n\n\n\n<p>Von Mirella kam nur ein and\u00e4chtiges Nicken. Aus der Ruhe konnte sie so gut wie nichts bringen.<\/p>\n\n\n\n<p>\"Calla, setz\" mehr Essen auf, wir werden sicher einige M\u00e4uler zu stopfen haben. Dann mach\u2019s sch\u00f6n warm in der Gaststube.\"<\/p>\n\n\n\n<p>In der kleinen Herberge am Wegesrand herrschten emsige Vorbereitungen und drau\u00dfen war kein Ende des Schneefalls abzusehen. Vor den dicken Glasfenstern tanzten die Flocken im st\u00fcrmischen Wind.<\/p>\n\n\n\n<p>Bevor er schlie\u00dflich in den Stall ging, drehte er sich noch zu Kyrill, dem ehemaligen B\u00e4cker um, der wie jeden Tag am warmen Kamin sa\u00df und seinen Krug Ale zwischen den H\u00e4nden hin und her rollte. \u201eUnd du, alter S\u00e4ufer, nimmst dich zur\u00fcck und erz\u00e4hlst den feinen Leuten nich wieder eine von deinen ausgedachten Gespenstergeschichten!\u201c<\/p>\n\n\n\n<p>Kyrill grinste ein zahnloses Grinsen.<\/p>\n\n\n<h2><span style=\"color: #993300;\">M\u00e4rz Con 2017 - Berichte<br \/><\/span><\/h2>\n<p>Hier findet ihr die Berichte der Cons, die im Forum gepostet wurden.<\/p>\n<p><a href=\"#dia\">Prolog<\/a><\/p>\n<hr \/>\n<h3><a name=\"dia\"><\/a>Prolog<\/h3>\n<p>Es war ein \u00e4hnlich schneereicher Tag wie heute im Jahr 2007, als die Wirtsleute ein Klopfen an der T\u00fcr h\u00f6rten und ein fiebriges, hustendes, mit Erfrierungen \u00fcbers\u00e4tes, junges M\u00e4dchen fanden. Sie war in pflanzengewobene Decken gewickelt und trug nichts bei sich, das auf irgendeine Herkunft hindeutete.<br \/>Aus Mitleid und in der Hoffnung, mit dem M\u00e4dchen Unterst\u00fctzung bei der Arbeit in der Taverne zu bekommen, nahmen sie es auf und pflegten es gesund. Nach einigen N\u00e4chten, in denen sie um das Leben des M\u00e4dchens f\u00fcrchteten, ging das Fieber zur\u00fcck und es wurde wieder ganz gesund. Jedoch konnte auch sie selbst das Geheimnis um ihre Identit\u00e4t nicht l\u00fcften, sie konnte sich einfach nicht erinnern, wie sie zur Herberge gekommen war. Doch sie wollte gern bleiben und scheute sich auch vor Arbeit nicht.<br \/>Die Wirtsleute gaben ihr den Namen Elorie und sie ward ihnen wie eine Tochter.<br \/>Elorie f\u00fchlte sich wohl und als ihr Ged\u00e4chtnis zur\u00fcckkehrte, entschlo\u00df sie sich, niemandem davon zu erz\u00e4hlen, davon, dass sie Comyn war, wie sie wirklich hie\u00df und wer sie vor der Tavernent\u00fcr abgelegt hatte.<br \/>Sie hatte das letzte halbe Jahr bei einem Chieri gelebt, das sie aus der Familiengruft errettet hatte. Sie war f\u00e4lschlicherweise f\u00fcr tot erkl\u00e4rt worden und das Chieri hatte sie irgendwie gefunden. Elorie f\u00fchlte sich von ihrer Familie versto\u00dfen und wollte nicht mehr Doria Darriel sein, Elorie in der Taverne gefiel ihr besser und sie konnte das Chieri auch weiterhin sehen.<br \/>Die beidem erlebte mit ihm eine wunderbare Zeit und sie entwickelten eine tiefe Freundschaft. Doch dauerhaft leben konnte sie bei dem Chieri nicht, sein Baumhaus war zu zugig und siene Lebensart und ihre passten nicht so recht zusammen. Aber sie besuchte es so oft wie m\u00f6glich und dann verlebten sie wunderbare Momente.<br \/>Die Wirtsleute gew\u00f6hnten sich fast daran, dass Elorie immer wieder einmal im nahen Wald verschwand, mal einfach so und mal, wenn hohe G\u00e4ste kamen. Doch immer kam sie frohen Mutes zur\u00fcck \u201cnach Hause\u201d.<br \/>Bis\u2026 eines Tages Alastair Darriel mit seiner Gattin Moira und ihrem Sohn Darion in der Taverne einkehrten, sie waren von ihrem Gut in den Bergen auf dem Weg zu Burg Alton, zu ihrem Lehensherrn. Dieser Besuch endete mit einem gro\u00dfen Schrecken f\u00fcr die Wirtsleute und lie\u00dfen sie ahnen, warum ihre Elorie oft bei hohem Besuch das gemeinsame Heim verlie\u00df. Der junge Herr Darion sah ihrer Elorie so \u00e4hnlich und auf vorsichtiges Nachfragen erfuhren die Wirtsleute, dass der junge Mann zwei Schwestern hatte, Doria, die die Schwellenkrankheit vor etwa 9 Jahren nicht \u00fcberlebt hatte und Lilla, die vor vier Jahren gestorben war. Viele M\u00e4dchen der Familie Darriel erleiden dieses Schicksal und \u00fcberleben die Pubert\u00e4t nicht.<br \/>Als die Darriels weitergereist waren und Elorie nach etwa einer Woche wieder auftauchte, stellten sie sie zur Rede. Doch es endete anders, als sie erwartet hatten. Statt sich zu freuen, ihre Familie und ihre Wahre Identit\u00e4t wieder gefunden zu haben, wurde die junge Frau w\u00fctend. Keinesfalls wolle sie zur\u00fcck in ihr eigentliches Leben, sie wolle bleiben und w\u00fcrde bis zum \u00c4u\u00dfersten gehen um dieses Ziel zu erreichen. Sie drohte den Wirtsleuten, ihr \u201cLeben zu zerst\u00f6ren\u201d, wenn sie alles \u00f6ffentlich machen. Und: Wem w\u00fcrde man wohl glauben? Dem Wirt oder der Comyn?<br \/>Die Wirtsleute plagen sich seitdem und wissen nicht, was sie nun tun sollen. Obrigkeitsh\u00f6rig, wie sie eigentlich sind, m\u00fcssten sie es melden. Die Folgen w\u00fcrden verheerend sein. Aber andererseits liebten sie ihre Elorie abg\u00f6ttisch und freuten sich auch, dass sie bei ihnen bleiben wollte.<br \/>Weitere Jahre gingen ins Land und irgendwann erz\u00e4hlte die junge Frau ihren Zieheltern, dass sie ein Kind erwarte.<br \/>Denn das Chieri hatte sich vor einiger Zeit zu einem Mann entwickelt und sie beide waren ein Paar geworden. Diese Beziehung hatte Fr\u00fcchte geschlagen und eigentlich war Elorie so gl\u00fccklich, wie noch nie in ihrem Leben. Und dieses Gl\u00fcck w\u00fcrde sie sich erst recht nicht von ihren wahren Eltern zerst\u00f6ren lassen!<br \/>Die Geburt war hart, doch der kleine Junge war gesund und ein wahrer Sonnenschein. Er war nicht der Wonneproppen, wie man es bei sonst so vielen Kindern sieht, sondern eher feingliedrig. Und dann kam der Schneesturm, der ihr Leben wom\u00f6glich auf den Kopf stellen k\u00f6nnte...<\/p>","protected":false},"excerpt":{"rendered":"<p>Plot zur M\u00e4rz Con 2017 Rhys kam zur\u00fcck ins Warme und klopfte sich die Kleidung aus. Ein Schneesturm hier in der Gegend war zu dieser Zeit zwar ungew\u00f6hnlich, aber nicht besorgniserregend. Eher im Gegenteil, f\u00fcr ihn als Wirt war es das Beste, was ihm passieren konnte.Denn es bedeutete G\u00e4ste. \"Mirella, zieh\u2018s gute Leinen auf die <a href=\"https:\/\/www.darkover-con.de\/?page_id=1971\" class=\"more-link\">...weiterlesen<span class=\"screen-reader-text\"> \"2017 &#8211; Fr\u00fchjahr\"<\/span><\/a><\/p>\n","protected":false},"author":8,"featured_media":0,"parent":1222,"menu_order":30,"comment_status":"closed","ping_status":"closed","template":"","meta":{"footnotes":""},"class_list":["post-1971","page","type-page","status-publish","h-entry","hentry","h-as-page"],"_links":{"self":[{"href":"https:\/\/www.darkover-con.de\/index.php?rest_route=\/wp\/v2\/pages\/1971","targetHints":{"allow":["GET"]}}],"collection":[{"href":"https:\/\/www.darkover-con.de\/index.php?rest_route=\/wp\/v2\/pages"}],"about":[{"href":"https:\/\/www.darkover-con.de\/index.php?rest_route=\/wp\/v2\/types\/page"}],"author":[{"embeddable":true,"href":"https:\/\/www.darkover-con.de\/index.php?rest_route=\/wp\/v2\/users\/8"}],"replies":[{"embeddable":true,"href":"https:\/\/www.darkover-con.de\/index.php?rest_route=%2Fwp%2Fv2%2Fcomments&post=1971"}],"version-history":[{"count":4,"href":"https:\/\/www.darkover-con.de\/index.php?rest_route=\/wp\/v2\/pages\/1971\/revisions"}],"predecessor-version":[{"id":2571,"href":"https:\/\/www.darkover-con.de\/index.php?rest_route=\/wp\/v2\/pages\/1971\/revisions\/2571"}],"up":[{"embeddable":true,"href":"https:\/\/www.darkover-con.de\/index.php?rest_route=\/wp\/v2\/pages\/1222"}],"wp:attachment":[{"href":"https:\/\/www.darkover-con.de\/index.php?rest_route=%2Fwp%2Fv2%2Fmedia&parent=1971"}],"curies":[{"name":"wp","href":"https:\/\/api.w.org\/{rel}","templated":true}]}}