{"id":2,"date":"2008-11-10T16:50:35","date_gmt":"2008-11-10T15:50:35","guid":{"rendered":"http:\/\/www.darkover-con.de\/wordpress\/wordpress\/?page_id=2"},"modified":"2019-04-21T19:21:16","modified_gmt":"2019-04-21T18:21:16","slug":"ueber","status":"publish","type":"page","link":"https:\/\/www.darkover-con.de\/","title":{"rendered":"Home"},"content":{"rendered":"\n<p>Die Darkover - Con ist ein Fan-Treffen von Darkover-Fans f\u00fcr Darkover-Fans.<\/p>\n\n\n\n<div class=\"wp-block-image\"><figure class=\"alignleft is-resized\"><img loading=\"lazy\" decoding=\"async\" src=\"https:\/\/www.darkover-con.de\/medien\/bilder\/ambi\/Da-Co-Ambi_067_Katharina%20Mally.jpg\" alt=\"\" width=\"149\" height=\"224\"\/><\/figure><\/div>\n\n\n\n<p>Dort erwarten dich Darkovaner, die ein angenehmes langes Wochenende unter Gleichgesinnten verleben und sich wie auf Darkover f\u00fchlen wollen.<\/p>\n\n\n\n<p>Es gibt Speisen, Unterhaltungen, Handarbeiten, Plotten, Singen, Tanzen und fr\u00f6hliches Beisammensein.<\/p>\n\n\n\n<p>Wir freuen uns, dass du als Darkover - Fan zu uns gefunden hast und wir hoffen sehr, dich bald auf der n\u00e4chsten Con begr\u00fc\u00dfen zu k\u00f6nnen.<\/p>\n\n\n\n<div class=\"wp-block-image\"><figure class=\"alignright is-resized\"><img loading=\"lazy\" decoding=\"async\" src=\"https:\/\/www.darkover-con.de\/medien\/bilder\/ambi\/Da-Co-Ambi_001_Anja%20Merkel.jpg\" alt=\"\" width=\"277\" height=\"176\"\/><\/figure><\/div>\n\n\n\n<p>Die Con - Planung<\/p>\n\n\n\n<p><span style=\"color: #800000;\"><\/p>\n","protected":false},"excerpt":{"rendered":"<p>Die Darkover - Con ist ein Fan-Treffen von Darkover-Fans f\u00fcr Darkover-Fans. Dort erwarten dich Darkovaner, die ein angenehmes langes Wochenende unter Gleichgesinnten verleben und sich wie auf Darkover f\u00fchlen wollen. Es gibt Speisen, Unterhaltungen, Handarbeiten, Plotten, Singen, Tanzen und fr\u00f6hliches Beisammensein. Wir freuen uns, dass du als Darkover - Fan zu uns gefunden hast und <a href=\"https:\/\/www.darkover-con.de\/\" class=\"more-link\">...weiterlesen<span class=\"screen-reader-text\"> \"Home\"<\/span><\/a><\/p>\n","protected":false},"author":1,"featured_media":0,"parent":0,"menu_order":0,"comment_status":"open","ping_status":"open","template":"","meta":{"footnotes":""},"class_list":["post-2","page","type-page","status-publish","h-entry","hentry","h-as-page"],"_links":{"self":[{"href":"https:\/\/www.darkover-con.de\/index.php?rest_route=\/wp\/v2\/pages\/2","targetHints":{"allow":["GET"]}}],"collection":[{"href":"https:\/\/www.darkover-con.de\/index.php?rest_route=\/wp\/v2\/pages"}],"about":[{"href":"https:\/\/www.darkover-con.de\/index.php?rest_route=\/wp\/v2\/types\/page"}],"author":[{"embeddable":true,"href":"https:\/\/www.darkover-con.de\/index.php?rest_route=\/wp\/v2\/users\/1"}],"replies":[{"embeddable":true,"href":"https:\/\/www.darkover-con.de\/index.php?rest_route=%2Fwp%2Fv2%2Fcomments&post=2"}],"version-history":[{"count":16,"href":"https:\/\/www.darkover-con.de\/index.php?rest_route=\/wp\/v2\/pages\/2\/revisions"}],"predecessor-version":[{"id":2490,"href":"https:\/\/www.darkover-con.de\/index.php?rest_route=\/wp\/v2\/pages\/2\/revisions\/2490"}],"wp:attachment":[{"href":"https:\/\/www.darkover-con.de\/index.php?rest_route=%2Fwp%2Fv2%2Fmedia&parent=2"}],"curies":[{"name":"wp","href":"https:\/\/api.w.org\/{rel}","templated":true}]}}