{"id":2271,"date":"2019-04-13T16:36:40","date_gmt":"2019-04-13T15:36:40","guid":{"rendered":"http:\/\/www.darkover-con.de\/?page_id=2271"},"modified":"2019-11-16T09:39:12","modified_gmt":"2019-11-16T08:39:12","slug":"larp-darkover","status":"publish","type":"page","link":"https:\/\/www.darkover-con.de\/?page_id=2271","title":{"rendered":"Larp &#038; Darkover"},"content":{"rendered":"\n<h2 class=\"wp-block-heading\">Was ist Larp?<\/h2>\n\n\n\n<p>LiveActionRollPlay \u2013 oder Liverollenspiel bezeichnet ein Rollenspiel, bei dem die Spieler ihre Spielfigur physisch selbst darstellen.<\/p>\n\n\n\n<h3 class=\"wp-block-heading\">Was ist bei uns anders,\nals bei anderen LARPs?<\/h3>\n\n\n\n<ul class=\"wp-block-list\"><li>Unsere Con beginnt am Donnerstag mit einer ambientigen Einstimmungsphase, die OT (Outtime) ist. <ul><li>Unser LARP (Plot) an sich geht von Freitag bis Samstagabend. <\/li><\/ul><\/li><li>Unsere Gruppenstruktur spielt auch eine Rolle. Wir sind weit mehr Frauen als M\u00e4nner. Dieser und auch andere Gr\u00fcnde f\u00fchrten dazu, dass bei uns Frauen auch M\u00e4nnerrollen spielen. <\/li><li>Unser Spiel basiert DKWDDK mit Elementen von Telling. <ul><li>Unsere Magie\/Laran basiert auf sch\u00f6nem ausspielen, Telling, Regelwerk und Wahrscheinlichkeit (siehe Regelwerk). <\/li><\/ul><\/li><li>Wir arbeiten mit einem standardisierten Charakterbogen, den wir ausgef\u00fcllt der SL im Vorfeld zur Verf\u00fcgung stellen.<\/li><li>Wir leben eine weichere Linie, was die St\u00e4ndesysteme oder den Umgang mit Familienfehden\/Zwistigkeiten angeht.<\/li><li>Wir arbeiten und spielen mit recht ausf\u00fchrlichen Stammb\u00e4umen. Und wenn jemand einen neuen Charakter spielen m\u00f6chte, so f\u00fchrt sein erster Weg zu unserer Stammbaumbetreuung und auch zu den Ansprechpartnern der jeweiligen Familien und Dom\u00e4nen.<\/li><li>Wir haben wechselnde Plotplanungen und Spielleitungen. Ein Plot ist Teil der Con.<\/li><\/ul>\n\n\n\n<h3 class=\"wp-block-heading\">Was ist bei uns anders,\nals bei Marion Zimmer Bradleys Darkover?<\/h3>\n\n\n\n<p>Es hat sich so entwickelt, dass sich unser LARP - Darkover von jenem\nDarkover, welches MZB in ihren Romanen aus dem Zeitalter des Chaos beschreibt,\ndoch etwas unterscheidet. Das hat seinen Ursprung in der reinen Menschlichkeit,\ndass wir nicht immer alles auswendig wussten und wir den Spielern bei der\nErschaffung ihrer Charakteren Freiheiten gelassen haben. <\/p>\n\n\n\n<ul class=\"wp-block-list\"><li>Wir haben nicht streng darauf\ngeachtet, ob die Verbindung der Eltern eines Charakters logisch im Sinne der\nPolitik, des Zuchtprogramms oder des Vassallenstatus war. So hat sich ein\nziemlich eng verstricktes Netz der Familien ergeben, die es uns eigentlich\nunm\u00f6glich machen einen Krieg anzuzetteln. Was f\u00fcr das Zeitalter des Chaos doch\neher untypisch ist.<\/li><li>Auch haben sich bei uns die\nRidenows schon recht gut etabliert und haben in viele Familien eingeheiratet.\nDabei m\u00fcssten sie doch eigentlich noch immer als Eindringlinge gesehen werden.\nNun, im Grunde haben wir dieses Problem selbst gel\u00f6st, in dem wir diese\n\"feindliche \u00dcbernahme\" der Serrais durch die Ridenows vor einigen\nJahren als Plot ausgespielt haben und diesen einige Generationen vor die\nvorherigen ZdC-Plots gelegt hatten.<\/li><li>Eine zeitliche Einordnung, ob wir\nvor oder nach Herrin der St\u00fcrme spielen, ist nicht so ganz einfach. Zum einen\nliegt bei uns die Krone der Hasturs, bei den Hasturs von Hastur, was bei MZB\nnicht immer klar definiert ist. Zum anderen sind bei uns - als Eltern und\nGro\u00dfeltern - die Rockravens noch im Stande, gute famili\u00e4re Verbindungen\neinzugehen. Was doch vor\nHerrin der St\u00fcrme der Fall war.<\/li><li>Ein weiterer Unterschied ist wohl\nder Vassallenstatus mancher kleinerer Familien. Hier haben wir uns bei jenen,\ndie schwer einzuordnen waren, einfach selber \u00fcberlegt, wohin sie geh\u00f6ren sollen.\nAuch ist damit die Lage mancher Familien in der Geographie nicht so, wie sie\nstimmig sein sollte. Aber selbst MZB konnte sich nicht immer merken, wo was\nlag, also sind wir da in guter Gesellschaft.<\/li><li>Die von uns bespielte Karte\nbasiert auf vielen Recherchen, aber manche Dinge mussten wir f\u00fcr uns und unser\nSpiel einmal entscheiden, weil vieles schlicht in den B\u00fcchern nicht erw\u00e4hnt\nwird oder unterschiedlich beschrieben wird.<\/li><li>Da wir nicht auf Darkover erzogen\nwurden, stellt es sich als SEHR schwierig dar, seinem Gegen\u00fcber nicht in die\nAugen zu blicken. Daher lassen wir dieses Detail sein und sehen uns beim\nsprechen an.<\/li><\/ul>\n","protected":false},"excerpt":{"rendered":"<p>Was ist Larp? LiveActionRollPlay \u2013 oder Liverollenspiel bezeichnet ein Rollenspiel, bei dem die Spieler ihre Spielfigur physisch selbst darstellen. Was ist bei uns anders, als bei anderen LARPs? Unsere Con beginnt am Donnerstag mit einer ambientigen Einstimmungsphase, die OT (Outtime) ist. Unser LARP (Plot) an sich geht von Freitag bis Samstagabend. Unsere Gruppenstruktur spielt auch <a href=\"https:\/\/www.darkover-con.de\/?page_id=2271\" class=\"more-link\">...weiterlesen<span class=\"screen-reader-text\"> \"Larp &#038; Darkover\"<\/span><\/a><\/p>\n","protected":false},"author":4,"featured_media":0,"parent":11,"menu_order":1,"comment_status":"closed","ping_status":"closed","template":"","meta":{"footnotes":""},"class_list":["post-2271","page","type-page","status-publish","h-entry","hentry","h-as-page"],"_links":{"self":[{"href":"https:\/\/www.darkover-con.de\/index.php?rest_route=\/wp\/v2\/pages\/2271","targetHints":{"allow":["GET"]}}],"collection":[{"href":"https:\/\/www.darkover-con.de\/index.php?rest_route=\/wp\/v2\/pages"}],"about":[{"href":"https:\/\/www.darkover-con.de\/index.php?rest_route=\/wp\/v2\/types\/page"}],"author":[{"embeddable":true,"href":"https:\/\/www.darkover-con.de\/index.php?rest_route=\/wp\/v2\/users\/4"}],"replies":[{"embeddable":true,"href":"https:\/\/www.darkover-con.de\/index.php?rest_route=%2Fwp%2Fv2%2Fcomments&post=2271"}],"version-history":[{"count":5,"href":"https:\/\/www.darkover-con.de\/index.php?rest_route=\/wp\/v2\/pages\/2271\/revisions"}],"predecessor-version":[{"id":2769,"href":"https:\/\/www.darkover-con.de\/index.php?rest_route=\/wp\/v2\/pages\/2271\/revisions\/2769"}],"up":[{"embeddable":true,"href":"https:\/\/www.darkover-con.de\/index.php?rest_route=\/wp\/v2\/pages\/11"}],"wp:attachment":[{"href":"https:\/\/www.darkover-con.de\/index.php?rest_route=%2Fwp%2Fv2%2Fmedia&parent=2271"}],"curies":[{"name":"wp","href":"https:\/\/api.w.org\/{rel}","templated":true}]}}