{"id":2272,"date":"2019-04-21T10:00:10","date_gmt":"2019-04-21T09:00:10","guid":{"rendered":"http:\/\/www.darkover-con.de\/?page_id=2272"},"modified":"2019-07-28T13:55:33","modified_gmt":"2019-07-28T12:55:33","slug":"darkover","status":"publish","type":"page","link":"https:\/\/www.darkover-con.de\/?page_id=2272","title":{"rendered":"Darkover"},"content":{"rendered":"\n<p>Darkover ist ein Buchreihe aus der Feder von Marion Zimmer Bradley. Da ihr unsere Seite gefunden habt, kennt ihr Darkover sicherlich schon.<\/p>\n\n\n\n<blockquote class=\"wp-block-quote is-layout-flow wp-block-quote-is-layout-flow\"><p>Der Planet Darkover ist Schauplatz von Science-Fiction- beziehungsweise Fantasy-Erz\u00e4hlungen der US-amerikanischen Schriftstellerin Marion Zimmer Bradley.  In ihrem fiktiven Darkover-Universum, das als ihre umfangreichste  Arbeit und ihr Lebenswerk gilt, sind telepathische und andere sogenannte  parapsychologische Ph\u00e4nomene von zentraler Bedeutung. Die erste  Darkover-Geschichte war die Erz\u00e4hlung <em>Retter des Planeten<\/em> (<em>The Planet Savers,<\/em> 1962). Bis zu ihrem Tod schrieb Bradley 21 Darkover-Romane. Zudem war sie Herausgeberin  zahlreicher Anthologien mit Kurzgeschichten von Drittautoren, die im  Darkover-Universum angesiedelt sind. Nach eigenem Bekunden nahm sie  dabei weniger die Rolle einer Erfinderin als vielmehr die einer  Erforscherin des Planeten und seiner Geschichte ein: \u201eIch habe Darkover  nicht erfunden, ich habe es entdeckt.\u201c<\/p><cite>Wikipedia<\/cite><\/blockquote>\n\n\n\n<p>Die Rechte an der Welt \"Darkover\" liegen bei Marion Zimmer Bradley bzw. bei ihren Nachlassverwaltern. Wir sind lediglich eine Fangruppe der Welt Darkover bzw. der auf dieser Welt spielenden Romane, welche diesem Interesse in den Fantreffen und dem LARP Ausdruck verleiht.<\/p>\n\n\n\n<p>Wir bespielen Darkover seit mehr als 15 Jahren im LARP. Wir werden euch hier die wichtigsten Informationen \u00fcber Darkover im Zeitalter des Chaos geben, welche f\u00fcr unser Spiel relevant sind.<\/p>\n\n\n\n<p>Wir beziehen uns auf die B\u00fccher, welche Marion Zimmer Bradley selbst geschrieben hat, die Marguerida-Alton-B\u00fccher und in Teilen auf die Clingfire-Trilogie. Ebenfalls greifen wir auf die von MZB ver\u00f6ffentlichten Anthologien zur\u00fcck.<\/p>\n","protected":false},"excerpt":{"rendered":"<p>Darkover ist ein Buchreihe aus der Feder von Marion Zimmer Bradley. Da ihr unsere Seite gefunden habt, kennt ihr Darkover sicherlich schon. Der Planet Darkover ist Schauplatz von Science-Fiction- beziehungsweise Fantasy-Erz\u00e4hlungen der US-amerikanischen Schriftstellerin Marion Zimmer Bradley. In ihrem fiktiven Darkover-Universum, das als ihre umfangreichste Arbeit und ihr Lebenswerk gilt, sind telepathische und andere sogenannte <a href=\"https:\/\/www.darkover-con.de\/?page_id=2272\" class=\"more-link\">...weiterlesen<span class=\"screen-reader-text\"> \"Darkover\"<\/span><\/a><\/p>\n","protected":false},"author":4,"featured_media":0,"parent":0,"menu_order":4,"comment_status":"closed","ping_status":"closed","template":"","meta":{"footnotes":""},"class_list":["post-2272","page","type-page","status-publish","h-entry","hentry","h-as-page"],"_links":{"self":[{"href":"https:\/\/www.darkover-con.de\/index.php?rest_route=\/wp\/v2\/pages\/2272","targetHints":{"allow":["GET"]}}],"collection":[{"href":"https:\/\/www.darkover-con.de\/index.php?rest_route=\/wp\/v2\/pages"}],"about":[{"href":"https:\/\/www.darkover-con.de\/index.php?rest_route=\/wp\/v2\/types\/page"}],"author":[{"embeddable":true,"href":"https:\/\/www.darkover-con.de\/index.php?rest_route=\/wp\/v2\/users\/4"}],"replies":[{"embeddable":true,"href":"https:\/\/www.darkover-con.de\/index.php?rest_route=%2Fwp%2Fv2%2Fcomments&post=2272"}],"version-history":[{"count":6,"href":"https:\/\/www.darkover-con.de\/index.php?rest_route=\/wp\/v2\/pages\/2272\/revisions"}],"predecessor-version":[{"id":2467,"href":"https:\/\/www.darkover-con.de\/index.php?rest_route=\/wp\/v2\/pages\/2272\/revisions\/2467"}],"wp:attachment":[{"href":"https:\/\/www.darkover-con.de\/index.php?rest_route=%2Fwp%2Fv2%2Fmedia&parent=2272"}],"curies":[{"name":"wp","href":"https:\/\/api.w.org\/{rel}","templated":true}]}}