{"id":2298,"date":"2019-04-19T10:04:23","date_gmt":"2019-04-19T09:04:23","guid":{"rendered":"http:\/\/www.darkover-con.de\/?page_id=2298"},"modified":"2021-09-18T19:26:50","modified_gmt":"2021-09-18T18:26:50","slug":"karte","status":"publish","type":"page","link":"https:\/\/www.darkover-con.de\/?page_id=2298","title":{"rendered":"Karte"},"content":{"rendered":"\n<p>Die von uns bespielte Karte basiert auf vielen Recherchen, aber manche  Dinge mussten wir f\u00fcr uns und unser Spiel einmal entscheiden, weil  vieles schlicht in den B\u00fcchern nicht erw\u00e4hnt wird oder unterschiedlich  beschrieben wird. <\/p>\n\n\n\n<figure class=\"wp-block-image\"><a href=\"https:\/\/www.darkover-con.de\/medien\/bilder\/larp\/karte-cd-2021_09.jpg\"><img loading=\"lazy\" decoding=\"async\" width=\"1024\" height=\"672\" src=\"https:\/\/www.darkover-con.de\/wp-content\/uploads\/2019\/04\/karte-cd-2019_03_K-1024x672.jpg\" alt=\"\" class=\"wp-image-2299\" srcset=\"https:\/\/www.darkover-con.de\/wp-content\/uploads\/2019\/04\/karte-cd-2019_03_K-1024x672.jpg 1024w, https:\/\/www.darkover-con.de\/wp-content\/uploads\/2019\/04\/karte-cd-2019_03_K-300x197.jpg 300w, https:\/\/www.darkover-con.de\/wp-content\/uploads\/2019\/04\/karte-cd-2019_03_K-768x504.jpg 768w, https:\/\/www.darkover-con.de\/wp-content\/uploads\/2019\/04\/karte-cd-2019_03_K.jpg 1369w\" sizes=\"auto, (max-width: 1024px) 100vw, 1024px\" \/><\/a><figcaption>Interpretation einer Darkover-Karte - modifiziert f\u00fcr unser LARP<\/figcaption><\/figure>\n\n\n\n<p><\/p>\n","protected":false},"excerpt":{"rendered":"<p>Die von uns bespielte Karte basiert auf vielen Recherchen, aber manche Dinge mussten wir f\u00fcr uns und unser Spiel einmal entscheiden, weil vieles schlicht in den B\u00fcchern nicht erw\u00e4hnt wird oder unterschiedlich beschrieben wird.<\/p>\n","protected":false},"author":4,"featured_media":0,"parent":11,"menu_order":0,"comment_status":"closed","ping_status":"closed","template":"","meta":{"footnotes":""},"class_list":["post-2298","page","type-page","status-publish","h-entry","hentry","h-as-page"],"_links":{"self":[{"href":"https:\/\/www.darkover-con.de\/index.php?rest_route=\/wp\/v2\/pages\/2298","targetHints":{"allow":["GET"]}}],"collection":[{"href":"https:\/\/www.darkover-con.de\/index.php?rest_route=\/wp\/v2\/pages"}],"about":[{"href":"https:\/\/www.darkover-con.de\/index.php?rest_route=\/wp\/v2\/types\/page"}],"author":[{"embeddable":true,"href":"https:\/\/www.darkover-con.de\/index.php?rest_route=\/wp\/v2\/users\/4"}],"replies":[{"embeddable":true,"href":"https:\/\/www.darkover-con.de\/index.php?rest_route=%2Fwp%2Fv2%2Fcomments&post=2298"}],"version-history":[{"count":3,"href":"https:\/\/www.darkover-con.de\/index.php?rest_route=\/wp\/v2\/pages\/2298\/revisions"}],"predecessor-version":[{"id":3039,"href":"https:\/\/www.darkover-con.de\/index.php?rest_route=\/wp\/v2\/pages\/2298\/revisions\/3039"}],"up":[{"embeddable":true,"href":"https:\/\/www.darkover-con.de\/index.php?rest_route=\/wp\/v2\/pages\/11"}],"wp:attachment":[{"href":"https:\/\/www.darkover-con.de\/index.php?rest_route=%2Fwp%2Fv2%2Fmedia&parent=2298"}],"curies":[{"name":"wp","href":"https:\/\/api.w.org\/{rel}","templated":true}]}}