{"id":2313,"date":"2019-04-19T14:09:22","date_gmt":"2019-04-19T13:09:22","guid":{"rendered":"http:\/\/www.darkover-con.de\/?page_id=2313"},"modified":"2019-07-28T13:31:15","modified_gmt":"2019-07-28T12:31:15","slug":"religion-und-goetter","status":"publish","type":"page","link":"https:\/\/www.darkover-con.de\/?page_id=2313","title":{"rendered":"Religion und G\u00f6tter"},"content":{"rendered":"\n<p>Die Darkovaner scheinen kein sonderlich tiefreligi\u00f6ses Volk zu sein. In keinem Buch wird von Tempeln oder religi\u00f6sen Zeremonien gesprochen, die einem G\u00f6tterkult entsprechen.<br>Was vielleicht mit der Tatsache geschuldet ist, dass die Comyn Abk\u00f6mmlinge der G\u00f6tter sind und diese somit quasi unter den Menschen wandeln.<br>Einzig bei den Cristoforo ist der Glaube strenger und reglementierter. <\/p>\n\n\n\n<h3 class=\"wp-block-heading\">Die Vier<\/h3>\n\n\n\n<h5 class=\"wp-block-heading\">Aldones<\/h5>\n\n\n\n<p>Er wird mit der Sonne assoziiert. Man sprich von ihm auch als \"Sohn des Lichts\" oder \"Lord des singenden Lichts\". Laut der Ballade von Hastur und Cassilda ist Aldones der Vater von Hastur. Nach der Mythologie der Comyn sind alle Dom\u00e4nen-Familien somit auch Nachkommen von Aldones.<\/p>\n\n\n\n<p>In seiner g\u00f6ttlichen Form kann er durch das Schwert des Aldones hervorgerufen werden. Er ergreift vom Tr\u00e4ger des Schwertes Besitz<\/p>\n\n\n\n<h5 class=\"wp-block-heading\">Evanda<\/h5>\n\n\n\n<p>Barmherzige Gottheit des Fr\u00fchlings und der wachsenden Dinge. Sie wird auch \"Evanda die Sch\u00f6ne\" genannt. Sie wird von Frauen bei der Geburt angerufen. <br>Die Chieri haben eine Legende, nach der Evanda ihnen ein langes Leben gab, \"als die Welt geformt wurde\". <\/p>\n\n\n\n<h5 class=\"wp-block-heading\">Avarra<\/h5>\n\n\n\n<p>G\u00f6tting der Nacht, des Winters, des Todes und der (Wieder)Geburt. Sie ist das Gegenst\u00fcck zu Evanda. Sie \u00dcberwacht Geburt und den Tod. Ihre Gnade wird angerufen, doch wird sie mehr gef\u00fcrchtet als geliebt. Von \"der Gnade Avarras\" wird beim Erleiden eines Verlustes gesprochen. <br><br>Der Ausspruch \"Barmherzige Avarra\" ist mehr eine Bitte anstatt eine Beschreibung<\/p>\n\n\n\n<h5 class=\"wp-block-heading\">Zandru<\/h5>\n\n\n\n<p>D\u00e4monischer Gott. Er ist am Besten daf\u00fcr bekannt, dass er neun kalte H\u00f6llen besitzt (oder erschaffen hat), von denen eine k\u00e4lter als die andere ist. Zur Bestrafung besitzt er Skoprion-Ameisen, mit denen er die Misset\u00e4ter auspeitscht.<\/p>\n\n\n\n<h3 class=\"wp-block-heading\">Weitere G\u00f6tter, verherrlichte Personen &amp; Religionen<\/h3>\n\n\n\n<h5 class=\"wp-block-heading\">Hastur<\/h5>\n\n\n\n<p>Legend\u00e4rer und mythischer Vorfahre aller Comyn. Er wurde \"Sohn des Aldones, welcher der Sohn des Lichtes ist\" genannt.<\/p>\n\n\n\n<p>Der Legende nach heiratete er Cassilda und hatte mit ihr einen Sohn \/ mehrere Kinder.<\/p>\n\n\n\n<h5 class=\"wp-block-heading\">Cassilda<\/h5>\n\n\n\n<p>Legend\u00e4re Vorfahrin der Comyn. Die Legende besagt, dass sie sie ein Halb-Chieri war, als Tochter von Robardin und Kirestelli.<\/p>\n\n\n\n<p>Die Mitsommer-Nacht wird als ihr Geburtstag angesehen oder als der Tag, an dem sie Hastur am See von Hali fand.<br>Schwangere Frauen legen purpurne Blumen am Schrein der Cassilda ab, wenn sie ihren Zustand bemerken<\/p>\n\n\n\n<p>Ihre Beinamen sind u.a.: \"Gesegnete Cassilda\", \"Cassilda, die Gesegnete\", \"Mutter der Sieben Dom\u00e4nen\", \"Robardin's Tochter\", \"Mutter der Sieben\".<\/p>\n\n\n\n<p>Ihre Begegnung mit Hastur wird in \"Der Ballade von Hastur und Cassilda\" beschrieben.<\/p>\n\n\n\n<h5 class=\"wp-block-heading\">Sharra<\/h5>\n\n\n\n<p>G\u00f6ttin der Schmieden und der Feuer. Die wird als eine Frau dargestellt, welche in Flammen und Ketten gewickelt ist. <\/p>\n\n\n\n<p>Sie wurde von jeher von den Schmiedev\u00f6lkern verehrt und wurde von vielen Familien der Hellers als Alternative zum Cristoforo-Kult oder zur offiziellen Mythologie der Vier als Verehrungsgegenstand anerkannt.<\/p>\n\n\n\n<p>Nach alten Mythen wurde Sharra von Aldones in Ketten gelegt, und sollte sie dennoch diese Ketten jemals brechen, w\u00fcrde die Welt zerst\u00f6rt.<\/p>\n\n\n\n<p>Sie hat mehrere Beinamen: \"Flammenhaarige\", \"Kind des Feuers\", \"Gestalt des Feuers\".<\/p>\n\n\n\n<hr class=\"wp-block-separator\"\/>\n\n\n\n<h5 class=\"wp-block-heading\">Cristoforos<\/h5>\n\n\n\n<p>Bezeichnung f\u00fcr die Anh\u00e4nger der Glaubensgemeinschaft des Heiligen Lastentr\u00e4ger. Dieser Glaube ist ein \u00fcberbleibsel des christlichen Glaubens, welcher sich aber auf einen heiligen Christoperus konzentriert. Das Zentrum dieses Glaubens ist das Kloster von Nevarsin tief in den Hellers. Dort das meiste alte Wissen Darkovers gesammelt. Die M\u00f6nche dort bedienen sich u.a. Meditationstechniken, um der K\u00e4lte zu trotzen, so dass sie selbst im Winter in den Hellers Sandalen tragen k\u00f6nnen.<br><br>Cristoforo Familien sind eher in den Hellers \u00fcblich.<\/p>\n\n\n\n<p>Als Gr\u00fcnder des Ordens \/ der Glaubensgemeinschaft gilt der Heilige Valentine im Schnee.<\/p>\n\n\n\n<h5 class=\"wp-block-heading\">Nebran<\/h5>\n\n\n\n<p>Gottheit oder D\u00e4mon, bei welcher in den Trockenst\u00e4dten geschworen wird.<\/p>\n","protected":false},"excerpt":{"rendered":"<p>Die Darkovaner scheinen kein sonderlich tiefreligi\u00f6ses Volk zu sein. In keinem Buch wird von Tempeln oder religi\u00f6sen Zeremonien gesprochen, die einem G\u00f6tterkult entsprechen.Was vielleicht mit der Tatsache geschuldet ist, dass die Comyn Abk\u00f6mmlinge der G\u00f6tter sind und diese somit quasi unter den Menschen wandeln.Einzig bei den Cristoforo ist der Glaube strenger und reglementierter. Die Vier <a href=\"https:\/\/www.darkover-con.de\/?page_id=2313\" class=\"more-link\">...weiterlesen<span class=\"screen-reader-text\"> \"Religion und G\u00f6tter\"<\/span><\/a><\/p>\n","protected":false},"author":4,"featured_media":0,"parent":2272,"menu_order":0,"comment_status":"closed","ping_status":"closed","template":"","meta":{"footnotes":""},"class_list":["post-2313","page","type-page","status-publish","h-entry","hentry","h-as-page"],"_links":{"self":[{"href":"https:\/\/www.darkover-con.de\/index.php?rest_route=\/wp\/v2\/pages\/2313","targetHints":{"allow":["GET"]}}],"collection":[{"href":"https:\/\/www.darkover-con.de\/index.php?rest_route=\/wp\/v2\/pages"}],"about":[{"href":"https:\/\/www.darkover-con.de\/index.php?rest_route=\/wp\/v2\/types\/page"}],"author":[{"embeddable":true,"href":"https:\/\/www.darkover-con.de\/index.php?rest_route=\/wp\/v2\/users\/4"}],"replies":[{"embeddable":true,"href":"https:\/\/www.darkover-con.de\/index.php?rest_route=%2Fwp%2Fv2%2Fcomments&post=2313"}],"version-history":[{"count":7,"href":"https:\/\/www.darkover-con.de\/index.php?rest_route=\/wp\/v2\/pages\/2313\/revisions"}],"predecessor-version":[{"id":2739,"href":"https:\/\/www.darkover-con.de\/index.php?rest_route=\/wp\/v2\/pages\/2313\/revisions\/2739"}],"up":[{"embeddable":true,"href":"https:\/\/www.darkover-con.de\/index.php?rest_route=\/wp\/v2\/pages\/2272"}],"wp:attachment":[{"href":"https:\/\/www.darkover-con.de\/index.php?rest_route=%2Fwp%2Fv2%2Fmedia&parent=2313"}],"curies":[{"name":"wp","href":"https:\/\/api.w.org\/{rel}","templated":true}]}}