{"id":2319,"date":"2019-04-19T14:28:21","date_gmt":"2019-04-19T13:28:21","guid":{"rendered":"http:\/\/www.darkover-con.de\/?page_id=2319"},"modified":"2019-07-28T13:02:20","modified_gmt":"2019-07-28T12:02:20","slug":"feste","status":"publish","type":"page","link":"https:\/\/www.darkover-con.de\/?page_id=2319","title":{"rendered":"Feste"},"content":{"rendered":"\n<p>Da die Darkovaner nicht streng religi\u00f6s sind, gibt es in den B\u00fcchern keine religi\u00f6sen Feste.<\/p>\n\n\n\n<p>Eindeutige Feste sind Mittsommer und Mitwinter und auch die \u00c4quinoxien (Tag-und-Nacht-Gleichen)<\/p>\n\n\n\n<p>In Thendara gibt es zu all diesen Festen einen Ball und auch dar\u00fcber hinaus finden viele ausschweifende Festlichkeint in Thendara statt.<\/p>\n\n\n\n<p>Bei uns ist Thendara der Nabel der Welt und das kulurelle Zentrum.<br><br>Jedoch ist es nicht die Hauptstadt, da es diese im Zeitalter des Chaos noch nicht gibt.<\/p>\n\n\n\n<hr class=\"wp-block-separator\"\/>\n\n\n\n<p>Mitsommer ist f\u00fcr die Darkovaner das bedeutendste Fest, da es mit Hastur und Cassilda in Verbindung gebracht wird. Es werden Geschenke von Blumen und Fr\u00fcchten ausgetauscht.<\/p>\n\n\n\n<p>An Mitwinter werden mit Sonnenfeuer die Altarfeuer neu entfacht. Es gibt Gew\u00fcrzbrot.<\/p>\n\n\n\n<p>Das Fr\u00fchjahres-\u00c4quinox feiert die erste Fr\u00fchlingsschmelze.<\/p>\n\n\n\n<p>Das Herbst-\u00c4quinox wird einer der letzte \u00f6ffentliche Anlass zur Freude sein, bei denen man sich treffen kann, bevor das Wetter das Reisen unm\u00f6glich macht.<\/p>\n","protected":false},"excerpt":{"rendered":"<p>Da die Darkovaner nicht streng religi\u00f6s sind, gibt es in den B\u00fcchern keine religi\u00f6sen Feste. Eindeutige Feste sind Mittsommer und Mitwinter und auch die \u00c4quinoxien (Tag-und-Nacht-Gleichen) In Thendara gibt es zu all diesen Festen einen Ball und auch dar\u00fcber hinaus finden viele ausschweifende Festlichkeint in Thendara statt. Bei uns ist Thendara der Nabel der Welt <a href=\"https:\/\/www.darkover-con.de\/?page_id=2319\" class=\"more-link\">...weiterlesen<span class=\"screen-reader-text\"> \"Feste\"<\/span><\/a><\/p>\n","protected":false},"author":4,"featured_media":0,"parent":2272,"menu_order":0,"comment_status":"closed","ping_status":"closed","template":"","meta":{"footnotes":""},"class_list":["post-2319","page","type-page","status-publish","h-entry","hentry","h-as-page"],"_links":{"self":[{"href":"https:\/\/www.darkover-con.de\/index.php?rest_route=\/wp\/v2\/pages\/2319","targetHints":{"allow":["GET"]}}],"collection":[{"href":"https:\/\/www.darkover-con.de\/index.php?rest_route=\/wp\/v2\/pages"}],"about":[{"href":"https:\/\/www.darkover-con.de\/index.php?rest_route=\/wp\/v2\/types\/page"}],"author":[{"embeddable":true,"href":"https:\/\/www.darkover-con.de\/index.php?rest_route=\/wp\/v2\/users\/4"}],"replies":[{"embeddable":true,"href":"https:\/\/www.darkover-con.de\/index.php?rest_route=%2Fwp%2Fv2%2Fcomments&post=2319"}],"version-history":[{"count":2,"href":"https:\/\/www.darkover-con.de\/index.php?rest_route=\/wp\/v2\/pages\/2319\/revisions"}],"predecessor-version":[{"id":2321,"href":"https:\/\/www.darkover-con.de\/index.php?rest_route=\/wp\/v2\/pages\/2319\/revisions\/2321"}],"up":[{"embeddable":true,"href":"https:\/\/www.darkover-con.de\/index.php?rest_route=\/wp\/v2\/pages\/2272"}],"wp:attachment":[{"href":"https:\/\/www.darkover-con.de\/index.php?rest_route=%2Fwp%2Fv2%2Fmedia&parent=2319"}],"curies":[{"name":"wp","href":"https:\/\/api.w.org\/{rel}","templated":true}]}}