{"id":2322,"date":"2019-04-19T15:07:54","date_gmt":"2019-04-19T14:07:54","guid":{"rendered":"http:\/\/www.darkover-con.de\/?page_id=2322"},"modified":"2019-07-28T13:21:27","modified_gmt":"2019-07-28T12:21:27","slug":"laran","status":"publish","type":"page","link":"https:\/\/www.darkover-con.de\/?page_id=2322","title":{"rendered":"Laran"},"content":{"rendered":"\n<p>Als Laran bezeichnet man die PSI-Kr\u00e4fte der Comyn. Der Legende und nach dem mythischen Glauben her stammen diese Kr\u00e4fte von Hastur, Sohn des Lichtes, der als Stammvater der Comyn gilt.<\/p>\n\n\n\n<blockquote class=\"wp-block-quote is-layout-flow wp-block-quote-is-layout-flow\"><p>Laran war Zauberei; Psi-Kraft, die ihren Familien eine bevorzugte Stellung bei der Handhabung der Matrixsteine, die die verborgenen Kr\u00e4fte des Geists verst\u00e4rkten, gab; was ihnen die M\u00f6glichkeit verschaffte, die Zukunft zu kennen, den Geist anderer Menschen zu unterjochen, unbeseelte Gegenst\u00e4nde zu manipulieren und den Geist von S\u00e4ugetier und Vogel zu beherrschen. Laran war jenseits aller Vorstellungskraft der Schl\u00fcssel zur Macht, und seit Generationen hatte man Menschen daf\u00fcr herangez\u00fcchtet.<\/p><cite>Herrin der St\u00fcrme<\/cite><\/blockquote>\n\n\n\n<p>Das Laran manefestiert sich in der Pupert\u00e4t und geht mit der Schwellenkrankheit einher. Ist die Gabe sehr stark und der Tr\u00e4ger zu schach, kann das Kind w\u00e4hrend der Schwellenkrankheit sterben. Was im Zeitalter des Chaos h\u00e4ufig der Fall war.<\/p>\n\n\n\n<p>W\u00e4hrend der Zeit des Chaos wurden viele spezielle Gaben durch Inzucht \/ Zucht entwickelt. <\/p>\n\n\n\n<p>Es gibt das generelle Laran, welches sich vor allem durch Telepathie und au\u00dfersinnliche Wahrnehmung manifestiert.<\/p>\n\n\n\n<p>Im Laufe der Zeit entwickelten sich in den Comyn-Familien bestimmte  Laran-F\u00e4higkeiten, die sogenannten Donas. Im Zeitalter des Chaos  entstand aus dem Wunsch, diese Gaben zu verst\u00e4rken und einzusetzen das Zuchtprogramm, in welchem durch gezielte \"Paarung\" von Gaben dieses Ziel erreicht werden sollte.  <\/p>\n","protected":false},"excerpt":{"rendered":"<p>Als Laran bezeichnet man die PSI-Kr\u00e4fte der Comyn. Der Legende und nach dem mythischen Glauben her stammen diese Kr\u00e4fte von Hastur, Sohn des Lichtes, der als Stammvater der Comyn gilt. Laran war Zauberei; Psi-Kraft, die ihren Familien eine bevorzugte Stellung bei der Handhabung der Matrixsteine, die die verborgenen Kr\u00e4fte des Geists verst\u00e4rkten, gab; was ihnen <a href=\"https:\/\/www.darkover-con.de\/?page_id=2322\" class=\"more-link\">...weiterlesen<span class=\"screen-reader-text\"> \"Laran\"<\/span><\/a><\/p>\n","protected":false},"author":4,"featured_media":0,"parent":2272,"menu_order":0,"comment_status":"closed","ping_status":"closed","template":"","meta":{"footnotes":""},"class_list":["post-2322","page","type-page","status-publish","h-entry","hentry","h-as-page"],"_links":{"self":[{"href":"https:\/\/www.darkover-con.de\/index.php?rest_route=\/wp\/v2\/pages\/2322","targetHints":{"allow":["GET"]}}],"collection":[{"href":"https:\/\/www.darkover-con.de\/index.php?rest_route=\/wp\/v2\/pages"}],"about":[{"href":"https:\/\/www.darkover-con.de\/index.php?rest_route=\/wp\/v2\/types\/page"}],"author":[{"embeddable":true,"href":"https:\/\/www.darkover-con.de\/index.php?rest_route=\/wp\/v2\/users\/4"}],"replies":[{"embeddable":true,"href":"https:\/\/www.darkover-con.de\/index.php?rest_route=%2Fwp%2Fv2%2Fcomments&post=2322"}],"version-history":[{"count":3,"href":"https:\/\/www.darkover-con.de\/index.php?rest_route=\/wp\/v2\/pages\/2322\/revisions"}],"predecessor-version":[{"id":2729,"href":"https:\/\/www.darkover-con.de\/index.php?rest_route=\/wp\/v2\/pages\/2322\/revisions\/2729"}],"up":[{"embeddable":true,"href":"https:\/\/www.darkover-con.de\/index.php?rest_route=\/wp\/v2\/pages\/2272"}],"wp:attachment":[{"href":"https:\/\/www.darkover-con.de\/index.php?rest_route=%2Fwp%2Fv2%2Fmedia&parent=2322"}],"curies":[{"name":"wp","href":"https:\/\/api.w.org\/{rel}","templated":true}]}}