{"id":2324,"date":"2019-04-19T14:56:58","date_gmt":"2019-04-19T13:56:58","guid":{"rendered":"http:\/\/www.darkover-con.de\/?page_id=2324"},"modified":"2019-07-28T13:16:56","modified_gmt":"2019-07-28T12:16:56","slug":"donas-familien","status":"publish","type":"page","link":"https:\/\/www.darkover-con.de\/?page_id=2324","title":{"rendered":"Donas &#038; Familien"},"content":{"rendered":"\n<p>Verschiedene Gaben werden bestimmten Familien zugeordnet<\/p>\n\n\n\n<p>Die sieben gro\u00dfen Familien haben folgende Gaben<\/p>\n\n\n\n<h4 class=\"wp-block-heading\">Hastur<\/h4>\n\n\n\n<p>Lebende Matrix \u2013 Nutzung des Laran ohne das eine Matrix zur Verst\u00e4rkung notwendig ist<\/p>\n\n\n\n<p>Glanz \/ Charisma \u2013 subtile, positive Beeinflussung des Gegen\u00fcber zu den eigenen Gunsten<\/p>\n\n\n\n<h4 class=\"wp-block-heading\">Elhalyn<\/h4>\n\n\n\n<p>F\u00e4chervorschau \u2013 Wahrnehmung verschiedener Zukunftsm\u00f6glichkeiten<\/p>\n\n\n\n<h4 class=\"wp-block-heading\">Aldaran<\/h4>\n\n\n\n<p style=\"text-align:left\">Gezielte Vorschau \u2013 nicht abrufbare und zeitlich bestimmende Pr\u00e4kognition<\/p>\n\n\n\n<p>R\u00fcckschau - nicht abrufbare und zeitlich bestimmende Retrokognition<\/p>\n\n\n\n<h4 class=\"wp-block-heading\">Alton<\/h4>\n\n\n\n<p>Erzwungener Rapport \u2013 Telepathische Verbindung mit Nicht-Telepathen \/ Telepathen<\/p>\n\n\n\n<p>Befehlsstimme \u2013 Unterwerfung des Willens<\/p>\n\n\n\n<h4 class=\"wp-block-heading\">Ardais<\/h4>\n\n\n\n<p>Katalysator \u2013 Erweckung \/ Freisetzung von latentem oder blockiertem Laranpotential<\/p>\n\n\n\n<h4 class=\"wp-block-heading\">Aillard<\/h4>\n\n\n\n<p>Kreisgabe \u2013 Verbindung von nicht kompatibler Donas im Kreis<\/p>\n\n\n\n<h4 class=\"wp-block-heading\">Serrais \/ Ridenow<\/h4>\n\n\n\n<p>Emphatie \u2013 verst\u00e4rkte Wahrnehmung und Beeinflussung der Gef\u00fchle anderer<\/p>\n\n\n\n<p>Geistige Verbindung mit Nicht-Humanoiden<\/p>\n\n\n\n<hr class=\"wp-block-separator\"\/>\n\n\n\n<p>Hierbei mag es so sein (muss aber nicht), dass der Kontakt eines Altons und eines Hasturs f\u00fcr beide oder einen der beiden t\u00f6tlich sein kann. F\u00fcr eine Kreisarbeit wird daher als \"verbindendes Element\" eine Aillard im Kreis ben\u00f6tigt. (In dieser Sache wiederspricht sich MZB von einem Buch zum anderen.)<\/p>\n\n\n\n<p>In der kleineren Familien gibt es folgende Gaben<\/p>\n\n\n\n<ul class=\"wp-block-list\"><li>Illusion \u2013 Illusion einer ge\u00e4nderten Form (Leynier)<\/li><li>Wetterbeeinflussung \u2013 Erkennen, Nutzen und Manipulieren von Energielinien\n&amp; Luftstr\u00f6men (Rockraven)<\/li><li>Mentale Verbindung mit Tieren \u2013 (MacAran)<\/li><li>L\u00fcgen unter dem Wahrheitszauber \u2013 (Deslucido)<\/li><li>Lokalisation \u2013 Auffinden von Dingen, welche zu einer bestimmten Person\ngeh\u00f6ren (Delleray)<\/li><\/ul>\n\n\n\n<p><em>Weitere Donas befinden sich in der Recherche.<\/em><\/p>\n\n\n\n<p><br><\/p>\n","protected":false},"excerpt":{"rendered":"<p>Verschiedene Gaben werden bestimmten Familien zugeordnet Die sieben gro\u00dfen Familien haben folgende Gaben Hastur Lebende Matrix \u2013 Nutzung des Laran ohne das eine Matrix zur Verst\u00e4rkung notwendig ist Glanz \/ Charisma \u2013 subtile, positive Beeinflussung des Gegen\u00fcber zu den eigenen Gunsten Elhalyn F\u00e4chervorschau \u2013 Wahrnehmung verschiedener Zukunftsm\u00f6glichkeiten Aldaran Gezielte Vorschau \u2013 nicht abrufbare und zeitlich <a href=\"https:\/\/www.darkover-con.de\/?page_id=2324\" class=\"more-link\">...weiterlesen<span class=\"screen-reader-text\"> \"Donas &#038; Familien\"<\/span><\/a><\/p>\n","protected":false},"author":4,"featured_media":0,"parent":2272,"menu_order":0,"comment_status":"closed","ping_status":"closed","template":"","meta":{"footnotes":""},"class_list":["post-2324","page","type-page","status-publish","h-entry","hentry","h-as-page"],"_links":{"self":[{"href":"https:\/\/www.darkover-con.de\/index.php?rest_route=\/wp\/v2\/pages\/2324","targetHints":{"allow":["GET"]}}],"collection":[{"href":"https:\/\/www.darkover-con.de\/index.php?rest_route=\/wp\/v2\/pages"}],"about":[{"href":"https:\/\/www.darkover-con.de\/index.php?rest_route=\/wp\/v2\/types\/page"}],"author":[{"embeddable":true,"href":"https:\/\/www.darkover-con.de\/index.php?rest_route=\/wp\/v2\/users\/4"}],"replies":[{"embeddable":true,"href":"https:\/\/www.darkover-con.de\/index.php?rest_route=%2Fwp%2Fv2%2Fcomments&post=2324"}],"version-history":[{"count":3,"href":"https:\/\/www.darkover-con.de\/index.php?rest_route=\/wp\/v2\/pages\/2324\/revisions"}],"predecessor-version":[{"id":2726,"href":"https:\/\/www.darkover-con.de\/index.php?rest_route=\/wp\/v2\/pages\/2324\/revisions\/2726"}],"up":[{"embeddable":true,"href":"https:\/\/www.darkover-con.de\/index.php?rest_route=\/wp\/v2\/pages\/2272"}],"wp:attachment":[{"href":"https:\/\/www.darkover-con.de\/index.php?rest_route=%2Fwp%2Fv2%2Fmedia&parent=2324"}],"curies":[{"name":"wp","href":"https:\/\/api.w.org\/{rel}","templated":true}]}}