{"id":2325,"date":"2019-04-19T15:11:49","date_gmt":"2019-04-19T14:11:49","guid":{"rendered":"http:\/\/www.darkover-con.de\/?page_id=2325"},"modified":"2019-07-28T13:00:35","modified_gmt":"2019-07-28T12:00:35","slug":"zuchtprogramm","status":"publish","type":"page","link":"https:\/\/www.darkover-con.de\/?page_id=2325","title":{"rendered":"Zuchtprogramm"},"content":{"rendered":"\n<p>Das Zuchtprogramm entwickelte sich zu Beginn oder noch vor dem Zeitalter des Chaos. Es war darauf ausgelegt, bestimmte Gaben an eine bestimmte Familie zu binden und sie zu verst\u00e4rken.<\/p>\n\n\n\n<p>Daf\u00fcr wurden unter den Comyn feste Ehen arrangiert, aber die M\u00e4nner der Comyn wurden auch dazu angehalten, au\u00dferhalb der Ehe Kinder zu zeugen. Daf\u00fcr wurden ihnen ebenfalls Frauen zur Erreichung der Zuchtziele zugeteilt.<\/p>\n\n\n\n<blockquote class=\"wp-block-quote is-layout-flow wp-block-quote-is-layout-flow\"><p>Kein Sohn von Hastur verf\u00fcgt \u00fcber ein eigenes Leben, solange die Leroni dieses verdammten Zuchtdienstes, den man unsere Kaste nennt, unsere Eheschlie\u00dfungen in die Wege leiten und die Zeugung unserer Bastarde arrangieren.<\/p><cite>Herrin der St\u00fcrme<\/cite><\/blockquote>\n\n\n\n<p>Es werden in den T\u00fcrmen sogenannte Zuchtb\u00fccher oder Zuchtlisten gef\u00fchrt, in denen die Elternschaft jener aufgef\u00fchrt werden, welche besondere Gaben besitzten.<\/p>\n\n\n\n<p>Nicht immer waren die Ergebnisse dieser Z\u00fcchtungen von Erfolg gekr\u00f6nt und die Kinder starben an der Schwellenkrankheit, da die Gabe zu Stark war; die Frauen wurden unfruchtbar oder konnten keine Kinder austragen.<\/p>\n\n\n\n<p>Es gab aber auch Versuche der Manipulation, die Gabe sicher in der Familie zu verankern und sogar zu gew\u00e4hrleisten, dass eine Frau nur S\u00f6hne gebar.<\/p>\n","protected":false},"excerpt":{"rendered":"<p>Das Zuchtprogramm entwickelte sich zu Beginn oder noch vor dem Zeitalter des Chaos. Es war darauf ausgelegt, bestimmte Gaben an eine bestimmte Familie zu binden und sie zu verst\u00e4rken. Daf\u00fcr wurden unter den Comyn feste Ehen arrangiert, aber die M\u00e4nner der Comyn wurden auch dazu angehalten, au\u00dferhalb der Ehe Kinder zu zeugen. Daf\u00fcr wurden ihnen <a href=\"https:\/\/www.darkover-con.de\/?page_id=2325\" class=\"more-link\">...weiterlesen<span class=\"screen-reader-text\"> \"Zuchtprogramm\"<\/span><\/a><\/p>\n","protected":false},"author":4,"featured_media":0,"parent":2272,"menu_order":0,"comment_status":"closed","ping_status":"closed","template":"","meta":{"footnotes":""},"class_list":["post-2325","page","type-page","status-publish","h-entry","hentry","h-as-page"],"_links":{"self":[{"href":"https:\/\/www.darkover-con.de\/index.php?rest_route=\/wp\/v2\/pages\/2325","targetHints":{"allow":["GET"]}}],"collection":[{"href":"https:\/\/www.darkover-con.de\/index.php?rest_route=\/wp\/v2\/pages"}],"about":[{"href":"https:\/\/www.darkover-con.de\/index.php?rest_route=\/wp\/v2\/types\/page"}],"author":[{"embeddable":true,"href":"https:\/\/www.darkover-con.de\/index.php?rest_route=\/wp\/v2\/users\/4"}],"replies":[{"embeddable":true,"href":"https:\/\/www.darkover-con.de\/index.php?rest_route=%2Fwp%2Fv2%2Fcomments&post=2325"}],"version-history":[{"count":1,"href":"https:\/\/www.darkover-con.de\/index.php?rest_route=\/wp\/v2\/pages\/2325\/revisions"}],"predecessor-version":[{"id":2327,"href":"https:\/\/www.darkover-con.de\/index.php?rest_route=\/wp\/v2\/pages\/2325\/revisions\/2327"}],"up":[{"embeddable":true,"href":"https:\/\/www.darkover-con.de\/index.php?rest_route=\/wp\/v2\/pages\/2272"}],"wp:attachment":[{"href":"https:\/\/www.darkover-con.de\/index.php?rest_route=%2Fwp%2Fv2%2Fmedia&parent=2325"}],"curies":[{"name":"wp","href":"https:\/\/api.w.org\/{rel}","templated":true}]}}