{"id":2328,"date":"2019-04-19T15:46:12","date_gmt":"2019-04-19T14:46:12","guid":{"rendered":"http:\/\/www.darkover-con.de\/?page_id=2328"},"modified":"2019-07-28T13:01:26","modified_gmt":"2019-07-28T12:01:26","slug":"tuerme","status":"publish","type":"page","link":"https:\/\/www.darkover-con.de\/?page_id=2328","title":{"rendered":"T\u00fcrme"},"content":{"rendered":"\n<p>T\u00fcrme beherbergen die Turmkreise und sind Geb\u00e4ude, die sich haupts\u00e4chlich der Ausbildung von Matrix-Mechaniker, Techniker und Bewahrung; der Erforschung und Entwicklung der Matrixtechnologie sowie dem Betrieb mit dieser Technologie widmen. <\/p>\n\n\n\n<p>In jedem Turm gibt es  Matrixschirme, Relais, Matrix-Kristalle in verschiedenen gr\u00f6\u00dfen und Typen, Turmniederschriften (die oft Jahrhunderte zur\u00fcckreichen), Kirian und bestimmte andere Chemikalien zusammen mit den Unterk\u00fcnften und Aufenthaltsr\u00e4umen f\u00fcr die Bewohner.<\/p>\n\n\n\n<p>In den Kreisen werden Laranarbeiten ausgef\u00fchrt, wie z.B. die F\u00f6rderung von Erzen, Herstellung von Brandbek\u00e4mpfungsmittel, das Aufladen von Batterien. Aber auch die Herstellung von Waffen wie Knockenwasserstaub (Radioaktive Substanz) und Haftfeuer (\u00e4hnlich Napalm).<\/p>\n\n\n\n<p>Au\u00dferhalb der T\u00fcrme f\u00fchren die Kreise u.a. Bauarbeiten an Stra\u00dfen oder H\u00e4usern und sicherlich auch Burgen aus.<\/p>\n\n\n\n<p>\u00dcber die Relais der T\u00fcrme werden Nachrichten von einem Turm zum anderen weiter gegeben.<\/p>\n\n\n\n<p>Kreisarbeiten werden meist Nachts und in einer speziel isolierten Kammer durchgef\u00fchrt, um den Kreis vor Gedanken von au\u00dferhalb zu sch\u00fctzen.<\/p>\n\n\n\n<p>In manchen T\u00fcrmen gibt es menschliche Diener. In anderen z.B. Arilinn gibt es nicht-menschliche Diener, um auch auf diese Art die St\u00f6rung durch Gedanken auszuschlie\u00dfen.<\/p>\n\n\n\n<p>Es ist nicht ganz eindeutig, ob die T\u00fcrme dem Lord\/K\u00f6nig verpflichtet sind, auf dessen Land er steht oder ob sie unabh\u00e4ngig agieren. In \"Herrin der St\u00fcrme\" scheint der Turm von Hali dem Lord von Elhalyn verpflichtet zu sein. Der Lord von Aldaran entsendet aber einen Bittsteller an den Turm von Hali anstatt an den nahgelegenen Turm von Tramontana.<\/p>\n\n\n\n<p>Folgende T\u00fcrme sind bekannt bzw. mit folgenden T\u00fcrmen spielen wir:<\/p>\n\n\n\n<p>Arilinn - der prestigetr\u00e4chtigste Turm. Er beherbergte bis zu 30 Turmkreise.<\/p>\n\n\n\n<p>Thendara<\/p>\n\n\n\n<p>Corandolis<\/p>\n\n\n\n<p>Dalereuth<\/p>\n\n\n\n<p>Hali<\/p>\n\n\n\n<p>Neskaya<\/p>\n\n\n\n<p>Tramontana<\/p>\n\n\n\n<p>Cedestri<\/p>\n\n\n\n<p>Hestral - der von uns haupts\u00e4chlich bespielte Turm.<\/p>\n\n\n\n<p>Nevarsin<\/p>\n\n\n\n<p>Temora<\/p>\n\n\n\n<p>Der Turm von Alba findet bei uns auch Erw\u00e4hnung auch wenn dieser nicht aus den B\u00fcchern zu stammen scheint.<\/p>\n\n\n\n<h4 class=\"wp-block-heading\">Turm-R\u00e4nge<\/h4>\n\n\n\n<p>Ein Kreis setzt sich aus folgenden R\u00e4ngen zusammen.<\/p>\n\n\n\n<p>Einem Bewahrer - im Zeitalter des Chaos gab es noch keine Bewahrerinnen.<\/p>\n\n\n\n<p>Techniker<\/p>\n\n\n\n<p>Mechaniker<\/p>\n\n\n\n<p>ein \u00dcberwacher<br><\/p>\n","protected":false},"excerpt":{"rendered":"<p>T\u00fcrme beherbergen die Turmkreise und sind Geb\u00e4ude, die sich haupts\u00e4chlich der Ausbildung von Matrix-Mechaniker, Techniker und Bewahrung; der Erforschung und Entwicklung der Matrixtechnologie sowie dem Betrieb mit dieser Technologie widmen. In jedem Turm gibt es Matrixschirme, Relais, Matrix-Kristalle in verschiedenen gr\u00f6\u00dfen und Typen, Turmniederschriften (die oft Jahrhunderte zur\u00fcckreichen), Kirian und bestimmte andere Chemikalien zusammen mit <a href=\"https:\/\/www.darkover-con.de\/?page_id=2328\" class=\"more-link\">...weiterlesen<span class=\"screen-reader-text\"> \"T\u00fcrme\"<\/span><\/a><\/p>\n","protected":false},"author":4,"featured_media":0,"parent":2272,"menu_order":0,"comment_status":"closed","ping_status":"closed","template":"","meta":{"footnotes":""},"class_list":["post-2328","page","type-page","status-publish","h-entry","hentry","h-as-page"],"_links":{"self":[{"href":"https:\/\/www.darkover-con.de\/index.php?rest_route=\/wp\/v2\/pages\/2328","targetHints":{"allow":["GET"]}}],"collection":[{"href":"https:\/\/www.darkover-con.de\/index.php?rest_route=\/wp\/v2\/pages"}],"about":[{"href":"https:\/\/www.darkover-con.de\/index.php?rest_route=\/wp\/v2\/types\/page"}],"author":[{"embeddable":true,"href":"https:\/\/www.darkover-con.de\/index.php?rest_route=\/wp\/v2\/users\/4"}],"replies":[{"embeddable":true,"href":"https:\/\/www.darkover-con.de\/index.php?rest_route=%2Fwp%2Fv2%2Fcomments&post=2328"}],"version-history":[{"count":4,"href":"https:\/\/www.darkover-con.de\/index.php?rest_route=\/wp\/v2\/pages\/2328\/revisions"}],"predecessor-version":[{"id":2332,"href":"https:\/\/www.darkover-con.de\/index.php?rest_route=\/wp\/v2\/pages\/2328\/revisions\/2332"}],"up":[{"embeddable":true,"href":"https:\/\/www.darkover-con.de\/index.php?rest_route=\/wp\/v2\/pages\/2272"}],"wp:attachment":[{"href":"https:\/\/www.darkover-con.de\/index.php?rest_route=%2Fwp%2Fv2%2Fmedia&parent=2328"}],"curies":[{"name":"wp","href":"https:\/\/api.w.org\/{rel}","templated":true}]}}