{"id":2429,"date":"2019-04-21T12:45:32","date_gmt":"2019-04-21T11:45:32","guid":{"rendered":"http:\/\/www.darkover-con.de\/?page_id=2429"},"modified":"2019-04-22T16:28:07","modified_gmt":"2019-04-22T15:28:07","slug":"2019-fruehjahr","status":"publish","type":"page","link":"https:\/\/www.darkover-con.de\/?page_id=2429","title":{"rendered":"2019 &#8211; Fr\u00fchjahr"},"content":{"rendered":"\n<h3 class=\"wp-block-heading\">Darkover-Con April 2019 - Ploteinladung<\/h3>\n\n\n\n<h4 class=\"wp-block-heading\">IT<\/h4>\n\n\n\n<p><em>Mitte Februar, 2. Jahr der Regierung von K\u00f6nig Darius Hastur von Hastur<\/em><\/p>\n\n\n\n<p>Der Fremde klopfte an die T\u00fcr des Turms und wartete. Da es in Str\u00f6men regnete, hatte er seinen Hut tief ins Gesicht gezogen. Er trug einen dicken Wollmantel, der inzwischen vollkommen durchweicht war. Die N\u00e4sse plagte ihn seit Tagen und das nahezu seit Monaten andauernde Gewitter hatte die Reise noch erschwert. Aber es gab nicht viele wie ihn und er war gut entlohnt worden f\u00fcr diesen Weg.<br>Eine junge Frau mit blonden Haaren bis weit \u00fcber den R\u00fccken \u00f6ffnete ihm mit teigverschmierten H\u00e4nden die T\u00fcr.<br>\u201eMestru? Was darf ich f\u00fcr Euch tun?\u201c, sie l\u00e4chelte ihn offen an.<br>Er nickte der Frau gr\u00fc\u00dfend zu.<br>\u201eMein Name ist Stavros Leynier, ich habe eine Nachricht f\u00fcr Rodrigo von Hestral und seine Kreise\u201c, antwortete er mit dunkler Stimme.<br>\u201eSo kommt erst einmal herein und aus dem Regen\u2026...\u201c<\/p>\n\n\n\n<p>Wenig sp\u00e4ter stand der Mann mit noch immer nassen Haaren vor Rodrigo von Hestral und den Leronyn seiner Kreise.<br>Er blickte sich um, alle Augen waren auf ihn gerichtet.<br>Jetzt galt seine Aufmerksamkeit Rodrigo.<\/p>\n\n\n\n<p>\u201eMein Name ist Stavros Leynier, Vai Tenerezu und ich habe eine Botschaft von Emilia Syrtis DiAsturien und Coryn Syrtis\u201c, begann er.<br>Dann richtete er sich zu seiner vollen Gr\u00f6\u00dfe auf und reckte die Schultern. Seine Gesichtsz\u00fcge schienen sich zu ver\u00e4ndern und als er weiter sprach, wollte man meinen, Coryn Syrtis st\u00fcnde vor den Turmmitgliedern vor Hestral.<\/p>\n\n\n\n<p>Stravros Leynier war eine 'Stimme'!<\/p>\n\n\n\n<p>\u201eBen Dia ihr Lieben\u201c, begann er mit Coryns Mimik und mit gl\u00fccklicher Stimme, die weit h\u00f6her war als seine eigene.<br>\u201eSie sind da\u2026 Emilia hat entbunden, viel zu fr\u00fch\u2026.ein Junge und ein M\u00e4dchen,unsere Kinder sind da\u201c, die letzten Worte rief er laut, br\u00fcllte sie fast.<\/p>\n\n\n\n<p>\u201eZwei gesunde Babys, bildsch\u00f6n wie ihre Mutter und alles an ihnen ist dort, wo es hingeh\u00f6rt.<br>Emilia geht es den den Umst\u00e4nden entsprechend gut, den Babys auch - den G\u00f6ttern sei Dank - und wir sind so gl\u00fccklich\u2026.\u201c, hier brach 'Die Stimme' vor R\u00fchrung ab, genau so, wie Coryn es getan hatte, als er die Nachricht aufgab.<\/p>\n\n\n\n<p>Ein tiefes Durchatmen.<br>\u201eWir haben kein Relais auf Gut Syrtis und ich wollte bei Emilia und den Babys bleiben und nicht selbst den Weg nach Hestral reisen. Aber ganz unpers\u00f6nlich per Botenvogel wollte ich euch diese Nachricht nicht \u00fcberbringen, daher diese Form der Botschaft\u201c erkl\u00e4rte sich 'Coryn' leicht verlegen.<\/p>\n\n\n\n<p>Pl\u00f6tzlich ver\u00e4nderte sich die Stimme des Boten erneut und man h\u00f6rte Emilias weiche Stimme, vielleicht ein wenig schw\u00e4cher als man es von ihr gewohnt war.<br>\u201eCoryn,...die Einladung?\u201c<\/p>\n\n\n\n<p>Stavros sprach wieder mit Coryns Stimme.<br>\u201eRichtig, die Einladung. Meine Lieben, ihr seid die Familie, die wie uns ausgesucht haben. So feiert mit uns im Fr\u00fchjahr die Namensgebung von Valentin Felix Rodrigo Syrtis y DiAsturien und Sara Cecile Elaine Syrtis y DiAsturien.\u201c<br>Stavros pausierte hier um die Namen der Kinder wirken zu lassen.<br>\u201eWir sind gl\u00fccklich, Rodrigo und Elaine als Paten f\u00fcr die Kinder gewonnen zu haben.<br>Die Zeremonie und die Feierlichkeiten finden hier auf Gut Syrtis statt. Zu Beginn des vierten Monats. Oh ihr Lieben, wir freuen uns so, euch begr\u00fc\u00dfen zu d\u00fcrfen\u2026...\u201c<\/p>\n\n\n\n<p>Stavros sackte ein wenig zusammen und sprach wieder mit seiner eigenen Stimme.<\/p>\n\n\n\n<p>\u201eHier endete die Nachricht f\u00fcr Euch, Vai Tenerezu.\u201c<\/p>\n\n\n\n<h4 class=\"wp-block-heading\">OT-Infos<\/h4>\n\n\n\n<p>Eure Charaktere haben also alle eine Einladung zur Namensgebung erhalten.<\/p>\n\n\n\n<p>Die Gruppe aus Hestral macht sich Anfang April auf den Weg nach Gut Syrtis, um die Namensgebung der Zwillinge zu feiern.<br>F\u00fcr den \u201ePrilblumen-Luftbulli\u201c ist das Wetter zu schlecht, ihr reist zu Pferd gen Syrtis.<\/p>\n\n\n\n<p>So jemand einen Charakter spielt, der nicht aus Hestral kommt, reist er auf der Handelsstra\u00dfe aus Westen an.<\/p>\n\n\n\n<p>Unser Plot beginnt am Freitag der Darkover-Fr\u00fchjahrscon 2019.<br>Wir m\u00f6chten gegen 19 Uhr, also vor dem Abendessen IT gehen.<br>Wenn jemand an diesem Tag sp\u00e4ter ankommt, versucht das Spiel nicht zu sehr zu st\u00f6ren. Und gebt uns im Vorfeld eine Info, dass wir euch im Plot entsprechend ber\u00fccksichtigen k\u00f6nnen.<\/p>\n\n\n\n<p>Bitte reicht eure Charaktere bis <em><strong>sp\u00e4testens 01.02.2019<\/strong><\/em> \u00fcber <a href=\"mailto:plotplanung@darkover-con.de\">plotplanung@darkover-con.de<\/a> bei uns ein \u2013 aber gern auch fr\u00fcher.<br>Wir w\u00fcrden uns freuen, wenn wir diesmal mehr als 2 Charaktere bekommen w\u00fcrden und ausnahmsweise mal KEINE weitere Aufforderung schicken m\u00fcssten \ud83d\ude09<\/p>\n\n\n\n<p>Es w\u00fcrde uns auch freuen (und im Plot euch vielleicht dann auch), wenn wir von euch eine kurze Hintergrundgeschichten (letzte Seite des Charablattes) bekommen, das k\u00f6nnte diesmal von Belang sein.<\/p>\n\n\n\n<p>Falls ihr einen neuen Charakter erstellen m\u00f6chtet, wendet euch bitte bez\u00fcglich der Stammbaumabstimmung an <a href=\"mailto:stammbaeume@darkover-con.de\">stammbaeume@darkover-con.de<\/a>.<\/p>\n\n\n\n<p>Den Charabogen und das Regelwerk findet ihr <a href=\"https:\/\/www.darkover-con.de\/?page_id=148\">hier<\/a><\/p>\n\n\n\n<p>Wir freuen uns schon auf euch \ud83d\ude42<\/p>\n\n\n\n<p>Viele Gr\u00fc\u00dfe von eurer Plotplanung<\/p>\n\n\n\n<p>Leonie, Jaelle und Caillean<\/p>\n","protected":false},"excerpt":{"rendered":"<p>Darkover-Con April 2019 - Ploteinladung IT Mitte Februar, 2. Jahr der Regierung von K\u00f6nig Darius Hastur von Hastur Der Fremde klopfte an die T\u00fcr des Turms und wartete. Da es in Str\u00f6men regnete, hatte er seinen Hut tief ins Gesicht gezogen. Er trug einen dicken Wollmantel, der inzwischen vollkommen durchweicht war. Die N\u00e4sse plagte ihn <a href=\"https:\/\/www.darkover-con.de\/?page_id=2429\" class=\"more-link\">...weiterlesen<span class=\"screen-reader-text\"> \"2019 &#8211; Fr\u00fchjahr\"<\/span><\/a><\/p>\n","protected":false},"author":4,"featured_media":0,"parent":1222,"menu_order":35,"comment_status":"closed","ping_status":"closed","template":"","meta":{"footnotes":""},"class_list":["post-2429","page","type-page","status-publish","h-entry","hentry","h-as-page"],"_links":{"self":[{"href":"https:\/\/www.darkover-con.de\/index.php?rest_route=\/wp\/v2\/pages\/2429","targetHints":{"allow":["GET"]}}],"collection":[{"href":"https:\/\/www.darkover-con.de\/index.php?rest_route=\/wp\/v2\/pages"}],"about":[{"href":"https:\/\/www.darkover-con.de\/index.php?rest_route=\/wp\/v2\/types\/page"}],"author":[{"embeddable":true,"href":"https:\/\/www.darkover-con.de\/index.php?rest_route=\/wp\/v2\/users\/4"}],"replies":[{"embeddable":true,"href":"https:\/\/www.darkover-con.de\/index.php?rest_route=%2Fwp%2Fv2%2Fcomments&post=2429"}],"version-history":[{"count":4,"href":"https:\/\/www.darkover-con.de\/index.php?rest_route=\/wp\/v2\/pages\/2429\/revisions"}],"predecessor-version":[{"id":2580,"href":"https:\/\/www.darkover-con.de\/index.php?rest_route=\/wp\/v2\/pages\/2429\/revisions\/2580"}],"up":[{"embeddable":true,"href":"https:\/\/www.darkover-con.de\/index.php?rest_route=\/wp\/v2\/pages\/1222"}],"wp:attachment":[{"href":"https:\/\/www.darkover-con.de\/index.php?rest_route=%2Fwp%2Fv2%2Fmedia&parent=2429"}],"curies":[{"name":"wp","href":"https:\/\/api.w.org\/{rel}","templated":true}]}}