{"id":245,"date":"2009-12-26T15:13:41","date_gmt":"2009-12-26T14:13:41","guid":{"rendered":"http:\/\/www.darkover-con.de\/?page_id=245"},"modified":"2025-05-25T10:59:52","modified_gmt":"2025-05-25T09:59:52","slug":"organisatorisches","status":"publish","type":"page","link":"https:\/\/www.darkover-con.de\/?page_id=245","title":{"rendered":"Organisatorisches"},"content":{"rendered":"\n<h3 class=\"wp-block-heading\">Organisatorisches<\/h3>\n\n\n\n<p>Die Darkover-Con beginnt im gewissen Sinne schon vor der Con. Damit ihr euch an den Vorbereitungen beteiligen k\u00f6nnt, solltet ihr regelm\u00e4\u00dfig auf die Con-Page und ins Con-Forum sehen (ihr m\u00fcsst euch allerdings anmelden um in den Mitgliederbereich zu gelangen!).<br>Die Darkover - Con lebt und funktioniert von und mit dem Einsatz ihrer Teilnehmer!<\/p>\n\n\n\n<h5 class=\"wp-block-heading\">Anmeldung<\/h5>\n\n\n\n<p>Aus unerfreulicher Erfahrung, das Finanzielle zuerst.<\/p>\n\n\n\n<p>Damit ihr auch ein wirklicher Teilnehmer seid, ist es notwendig, dass bis zum Anmeldestichtag eure Anmeldung UND euer Conbeitrag eingegangen sind! <em>Siehe Teilnahmebedingungen auf der Seite <\/em><a title=\"Anmeldung\" rel=\"noopener noreferrer\" href=\"https:\/\/www.darkover-con.de\/?page_id=1556\" target=\"_blank\"><em>Anmeldung<\/em><\/a><em>.<\/em> Fehlt euer Con-Beitrag, kann dies die Conplanung finanziell arg ins Schleudern bringen, wenn sie z.B. f\u00fcr die Location eine Anzahlung leisten muss.<br>Leider mussten wir aus diesem Grund ab der Con im Herbst 2018 eine Durchf\u00fchrungsgarantie f\u00fcr die Con einf\u00fchren, die erst greift, wenn zum Anmeldestichtag der Con eine bestimmte Anzahl von Teilnehmern angemeldet sind und gezahlt haben.<\/p>\n\n\n\n<h5 class=\"wp-block-heading\">Verpflegung<\/h5>\n\n\n<div class=\"wp-block-image\">\n<figure class=\"alignright is-resized\"><img decoding=\"async\" src=\"https:\/\/www.darkover-con.de\/medien\/bilder\/ambi\/Da-Co-Ambi_042_Anja%20Merkel.jpg\" alt=\"\" style=\"width:172px;height:258px\"\/><\/figure><\/div>\n\n\n<p>Die Darkover \u2013 Con ist eine Selbstversorger \u2013 Con! Das hei\u00dft, dass bei uns alle gemeinsam f\u00fcr das Essen sorgen und wir es nicht von der JuHe oder einem Caterer gestellt bekommen.<br>Unsere Kochplanung plant das Essen.<\/p>\n\n\n\n<p>Es kann gerne Fingerfood, Kuchen oder Kleinigkeiten mitgebracht werden, aber bitte mit der Kochplanung absprechen, damit sie den Einkauf entsprechend anpassen und m\u00f6glichst nichts weggeschmissen werden muss.\u00a0Wasser, Saft, Kaffee, Tee und Bier wird von der Kochplanung \u00fcber den Conbeitrag besorgt. Diese Getr\u00e4nke stehen die Con \u00fcber zur freien Verf\u00fcgung.<br>Cola und Limo gibt es nicht!<br>Sonderw\u00fcnsche an Getr\u00e4nken m\u00fcssen selbst mitgebracht werden.<\/p>\n\n\n\n<h5 class=\"wp-block-heading\">K\u00fcchenhilfe<\/h5>\n\n\n\n<p>Die Kochplanung bzw. K\u00fcchencrew ist immer auf helfende H\u00e4nde angewiesen!<\/p>\n\n\n\n<p>Es ist bei uns selbstverst\u00e4ndlich, da\u00df diejenigen, die gerade etwas Zeit haben, ihre Hilfe anbieten. Und das jeder irgenwie mithilft. Sei es, beim Gem\u00fcse putzen und schnibbeln oder einfach mal was weg sp\u00fchlen.&nbsp; Da die Kochcrew best\u00e4ndig an den T\u00f6pfen steht, sollte es selbstverst\u00e4ndlich sein, dass wir ihr nicht auch noch das Sp\u00fclen der T\u00f6pfe nach dem Essen \u00fcberlassen.<\/p>\n\n\n\n<p>Die Idee dahinter ist, dass jeder Con-Teilnehmer mal in der K\u00fcche steht, damit jeder was von der Con hat!<\/p>\n\n\n\n<p>Allgemein ist es nat\u00fcrlich sch\u00f6n, dass wenn ihr etwas seht, das wegger\u00e4umt werden kann oder das jemand alleine sp\u00fclt, ihr einfach anpackt und nicht wartet, bis es jemand anders es macht.<br>Das am Abend kein Schlachtfeld f\u00fcr die Fr\u00fchst\u00fccksbereiter (in der Regel die&nbsp;Fr\u00fchaufsteher) zum Aufr\u00e4umen hinterlassen wird, sollte eigentlich eine Selbstverst\u00e4ndlichkeit f\u00fcr die Sp\u00e4t-ins-Bett-Geher sein.<\/p>\n\n\n\n<h5 class=\"wp-block-heading\">Wann gibt es zu Essen?<\/h5>\n\n\n\n<p>Damit das Fr\u00fchst\u00fcck nicht bis ins Unendliche ausartet gibt es f\u00fcr das Fr\u00fchst\u00fcck \u201efeste\u201c Zeiten: 8:30 bis 10:30 Uhr.<br>Wer danach aufsteht und eintrudelt, muss sich selbst sein Fr\u00fchst\u00fcck suchen.<br>Die Essenszeiten am Abend sind nicht festgelegt, da nicht immer abgesch\u00e4tzt werden kann, wie lange das Kochen dauert \u2013 oder ob der Plot am Samstag gerade unterbrochen werden kann. Je nach dem, was es gibt, muss er das jedoch trotzdem. Es wird aber normalerweise 19 Uhr angepeilt.<br>Mittags gibt es keine geregelte Mahlzeit, jedoch steht gen\u00fcgend Essen f\u00fcr Zwischendurch zur Verf\u00fcgung (wenn ihr euch daf\u00fcr flei\u00dfig gemeldet habt), an dem sich frei bedient werden kann.<\/p>\n\n\n\n<h5 class=\"wp-block-heading\">Gewandung<\/h5>\n\n\n\n<p>Unser aller Wunsch und Ziel ist es, und da sprechen wir f\u00fcr einen Gro\u00dfteil der Leute, die nicht zum ersten Male zur Con kommen, dass wir in den kurzen Tagen der Con ein Ambiente schaffen m\u00f6chten, das an unsere Vorstellung von Darkover ann\u00e4hernd heranreicht.<br>Aus diesem Grunde gibt es auf der Darkover - Con einen \u201eGewandungszwang\u201c.<br>Also, versucht in den kommenden Monaten ad\u00e4quate Kleidung zu finden.<br>Im Con-Forum werden euch gen\u00fcgend Darkovaner gerne mit Tipps und Hilfestellung versorgen.<\/p>\n\n\n\n<h5 class=\"wp-block-heading\">Geschirr<\/h5>\n\n\n\n<p>Ebenso m\u00f6chten wir euch im Sinne des Ambientes darum bitten, f\u00fcr Getr\u00e4nke und Essen passende, ambientetaugliche Beh\u00e4lter zu finden. Teller, Schale, Becher \u2013 eventl. Besteck. Und, wenn die M\u00f6glichkeit besteht, auch einen Tonkrug, da wir keine Saftt\u00fcten oder Wasserflaschen auf die Tische stellen.<br>Jeder Teilnehmer ist selbst f\u00fcr sein Geschirr verantwortlich, sei es \u201eLagerung\u201c oder Sp\u00fclen!<\/p>\n\n\n\n<h5 class=\"wp-block-heading\">Moderner Schnickschnack<\/h5>\n\n\n\n<p>Das Thema Brillen, Uhren, Handys wurde zu den ersten Cons angesprochen und es hat sich nicht ge\u00e4ndert.<\/p>\n\n\n\n<p>Auf Brillen sollte unter keinen Umst\u00e4nden verzichtet werden, denn sie sind f\u00fcr den Tr\u00e4ger eine Notwendigkeit.<\/p>\n\n\n\n<p>Uhren und Handys sind etwas, das Otto-Normal-Darkovaner nicht kennen. Versucht daher nach M\u00f6glichkeit darauf zu verzichten. Drei Tage ohne Uhr oder Handy zu leben, kann sehr entspannend sein.<\/p>\n\n\n\n<p><strong>In Sachen Handy<\/strong> k\u00f6nnt ihr euch hoffentlich vorstellen, dass es dem Ambiente Darkovers doch etwas abtr\u00e4glich ist, wenn es dauernd zur Hand genommen wird, ihr daran herum spielt oder es herum tr\u00e4llert. Oder es gar auf dem Tisch herum liegt.<br><strong>Also schaltet euer Handy bitte stumm und behaltet es in einer Tasche - oder lasst es auf eurem Zimmer<\/strong>.<br>Ausnahme ist da nat\u00fcrlich die Con-Planung, die f\u00fcr die anreisenden Teilnehmer erreichbar sein muss \ud83d\ude09<\/p>\n\n\n\n<h4 class=\"wp-block-heading\">Ablauf<\/h4>\n\n\n\n<p>Wie schon gesagt beginnt die Con vor der Con, da sie von der Tatkraft der Teilnehmer lebt. So entwickelt sich schon vor der Con ein Gemeinschaftsgef\u00fchl.<\/p>\n\n\n\n<p>Etwa drei<strong><em>&nbsp;Monate vor der Con<\/em><\/strong>&nbsp;gibt die Plotplanung erste Infos heraus und die Teilnehmer machen sich Gedanken \u00fcber die Charaktere, die sie spielen m\u00f6chte.<\/p>\n\n\n\n<p>Bitte beachtet auch hier den Einsendeschluss. Nach Einsendeschluss ist es f\u00fcr die Plotplanung oft mehr als schwierig, Nachz\u00fcgler in den bestehenden Plot ein zu bauen. Daher d\u00fcrft ihr nicht damit rechnen, dass die Charas auch dann noch einfach durch gehen. Ggf. h\u00e4lt sich die Plotplanung vor, einen Charakter komplett zu \u00e4ndern oder zu streichen und etwas passenderes zu vergeben!<\/p>\n\n\n\n<p><\/p>\n\n\n\n<h5 class=\"wp-block-heading\">Die Con selbst<\/h5>\n\n\n\n<h6 class=\"wp-block-heading\">Donnerstag:<\/h6>\n\n\n\n<p>Nach und nach trudeln die Conteilnehmer ein. Egal ob alter Hase oder Newbie, alle werden herzlich empfangen und die Wiedersehensfreude ist gro\u00df.<br>Nach dem Abendessen sitzt man zusammen, tauscht sich aus, spielt, handarbeitet und\/oder trinkt gem\u00fctlich ein Bier. Da wir viele musikbegeisterte Leute haben, ergibt sich meistens noch eine lustige Gesangsrunde.<\/p>\n\n\n\n<h6 class=\"wp-block-heading\">Freitag:<\/h6>\n\n\n\n<p>Nach dem Fr\u00fchst\u00fcck ist Zeit f\u00fcr Gespr\u00e4che, Workshops, Basteleien oder einen Tanzkurs.<br>Viele setzen sich hier noch mal zusammen, um sich \u00fcber den bevorstehenden Plot zu unterhalten und Pl\u00e4ne zu schmieden. Manchmal f\u00fchrt die Plotplanung mit einigen Spielern noch ein \u201eBriefing\u201c durch.<br>Gegen Abend vor oder nach dem Abendessen beginnt dann meistens der Plot.<\/p>\n\n\n\n<h6 class=\"wp-block-heading\">Samstag:<\/h6>\n\n\n\n<p>Der Plot geht in die 2. Runde.<\/p>\n\n\n\n<h6 class=\"wp-block-heading\">Sonntag:<\/h6>\n\n\n\n<p>Abreisetag. <br>Vor und nach dem Fr\u00fchst\u00fcck wird gepackt, aufger\u00e4umt und die Location Besenrein ges\u00e4ubert.<\/p>\n\n\n\n<p><span style=\"text-decoration: underline;\">Auch hierf\u00fcr sind alle gemeinsam verantwortlich!<\/span><\/p>\n\n\n\n<p>Am Ende werden \u00fcbriggebliebene Lebensmittel unter den Teilnehmern verteilt. <br>Also haut nicht zu fr\u00fch ab. \ud83d\ude09<\/p>\n\n\n\n<p>Die angestrebte \"R\u00fcckgabe\" der Location ist zwischen 11 und 13 Uhr.<\/p>\n\n\n\n<p><\/p>\n","protected":false},"excerpt":{"rendered":"<p>Organisatorisches Die Darkover-Con beginnt im gewissen Sinne schon vor der Con. Damit ihr euch an den Vorbereitungen beteiligen k\u00f6nnt, solltet ihr regelm\u00e4\u00dfig auf die Con-Page und ins Con-Forum sehen (ihr m\u00fcsst euch allerdings anmelden um in den Mitgliederbereich zu gelangen!).Die Darkover - Con lebt und funktioniert von und mit dem Einsatz ihrer Teilnehmer! Anmeldung Aus <a href=\"https:\/\/www.darkover-con.de\/?page_id=245\" class=\"more-link\">...weiterlesen<span class=\"screen-reader-text\"> \"Organisatorisches\"<\/span><\/a><\/p>\n","protected":false},"author":4,"featured_media":0,"parent":29,"menu_order":3,"comment_status":"closed","ping_status":"closed","template":"","meta":{"footnotes":""},"class_list":["post-245","page","type-page","status-publish","h-entry","hentry","h-as-page"],"_links":{"self":[{"href":"https:\/\/www.darkover-con.de\/index.php?rest_route=\/wp\/v2\/pages\/245","targetHints":{"allow":["GET"]}}],"collection":[{"href":"https:\/\/www.darkover-con.de\/index.php?rest_route=\/wp\/v2\/pages"}],"about":[{"href":"https:\/\/www.darkover-con.de\/index.php?rest_route=\/wp\/v2\/types\/page"}],"author":[{"embeddable":true,"href":"https:\/\/www.darkover-con.de\/index.php?rest_route=\/wp\/v2\/users\/4"}],"replies":[{"embeddable":true,"href":"https:\/\/www.darkover-con.de\/index.php?rest_route=%2Fwp%2Fv2%2Fcomments&post=245"}],"version-history":[{"count":37,"href":"https:\/\/www.darkover-con.de\/index.php?rest_route=\/wp\/v2\/pages\/245\/revisions"}],"predecessor-version":[{"id":3506,"href":"https:\/\/www.darkover-con.de\/index.php?rest_route=\/wp\/v2\/pages\/245\/revisions\/3506"}],"up":[{"embeddable":true,"href":"https:\/\/www.darkover-con.de\/index.php?rest_route=\/wp\/v2\/pages\/29"}],"wp:attachment":[{"href":"https:\/\/www.darkover-con.de\/index.php?rest_route=%2Fwp%2Fv2%2Fmedia&parent=245"}],"curies":[{"name":"wp","href":"https:\/\/api.w.org\/{rel}","templated":true}]}}