{"id":2481,"date":"2019-04-21T18:08:46","date_gmt":"2019-04-21T17:08:46","guid":{"rendered":"http:\/\/www.darkover-con.de\/?page_id=2481"},"modified":"2019-04-21T18:10:43","modified_gmt":"2019-04-21T17:10:43","slug":"2004-fruehjahr","status":"publish","type":"page","link":"https:\/\/www.darkover-con.de\/?page_id=2481","title":{"rendered":"2004 &#8211; Fr\u00fchjahr"},"content":{"rendered":"\n<h3 class=\"wp-block-heading\">Plot zur M\u00e4rz - Con 2004<\/h3>\n\n\n\n<h4 class=\"wp-block-heading\">Fr\u00fchjahresmarkt in Thendara<\/h4>\n\n\n\n<p>Es ist Fr\u00fchling in Thendara.<\/p>\n\n\n\n<p>Wie in jedem Jahr findet, sobald die Wege wieder passierbar sind, der gro\u00dfe Fr\u00fchlingsmarkt statt.<br>Hier treffen sich Comyn und Bauern, H\u00e4ndler und Barden, Soldaten und Christophero M\u00f6nche, Schwertschwestern und Laranzuin. Kurz, niemand w\u00fcrde sich dieses Ereignis freiwillig entgehen lassen.<\/p>\n\n\n\n<p>Auch Ihr habt Euch, wie alle anderen, schon am Vortag des Marktes in Thendara eingefunden um nicht die Er\u00f6ffnung des Marktes durch Lord Hastur und den gro\u00dfen Ball zu verpassen, der immer am Vorabend des ersten Marktages stattfindet. Ihr freut Euch darauf, alte Freunde zu treffen, zu handeln und auf dem Fest zu tanzen wie jedes Jahr.<\/p>\n\n\n\n<p>Doch irgend etwas ist anders als sonst.<\/p>\n\n\n\n<p>War nicht schon der Winter eine Spur h\u00e4rter als der vorige?<br>Haben sich nicht die Banshees weiter von den Bergen herunter gewagt?<br>Es ist als l\u00e4ge ein Schatten \u00fcber dem Land.<br>In den T\u00fcrmen scheint fieberhafte T\u00e4tigkeit zu herrschen.<br>Was wird geschehen?<br>Ihr wisst es nicht.<br>Solltet Ihr Euch f\u00fcrchten?<\/p>\n\n\n\n<p>Werdet Ihr gemeinsam Darkovers Geschicke in die richtigen Bahnen lenken k\u00f6nnen ?<\/p>\n\n\n\n<p><em>Lia &amp; Salystra<\/em><\/p>\n\n\n\n<hr class=\"wp-block-separator\"\/>\n\n\n\n<p>Leider sind auch von dieser Con keine Berichte erhalten geblieben.<\/p>\n","protected":false},"excerpt":{"rendered":"<p>Plot zur M\u00e4rz - Con 2004 Fr\u00fchjahresmarkt in Thendara Es ist Fr\u00fchling in Thendara. Wie in jedem Jahr findet, sobald die Wege wieder passierbar sind, der gro\u00dfe Fr\u00fchlingsmarkt statt.Hier treffen sich Comyn und Bauern, H\u00e4ndler und Barden, Soldaten und Christophero M\u00f6nche, Schwertschwestern und Laranzuin. Kurz, niemand w\u00fcrde sich dieses Ereignis freiwillig entgehen lassen. Auch Ihr <a href=\"https:\/\/www.darkover-con.de\/?page_id=2481\" class=\"more-link\">...weiterlesen<span class=\"screen-reader-text\"> \"2004 &#8211; Fr\u00fchjahr\"<\/span><\/a><\/p>\n","protected":false},"author":4,"featured_media":0,"parent":1222,"menu_order":5,"comment_status":"closed","ping_status":"closed","template":"","meta":{"footnotes":""},"class_list":["post-2481","page","type-page","status-publish","h-entry","hentry","h-as-page"],"_links":{"self":[{"href":"https:\/\/www.darkover-con.de\/index.php?rest_route=\/wp\/v2\/pages\/2481","targetHints":{"allow":["GET"]}}],"collection":[{"href":"https:\/\/www.darkover-con.de\/index.php?rest_route=\/wp\/v2\/pages"}],"about":[{"href":"https:\/\/www.darkover-con.de\/index.php?rest_route=\/wp\/v2\/types\/page"}],"author":[{"embeddable":true,"href":"https:\/\/www.darkover-con.de\/index.php?rest_route=\/wp\/v2\/users\/4"}],"replies":[{"embeddable":true,"href":"https:\/\/www.darkover-con.de\/index.php?rest_route=%2Fwp%2Fv2%2Fcomments&post=2481"}],"version-history":[{"count":2,"href":"https:\/\/www.darkover-con.de\/index.php?rest_route=\/wp\/v2\/pages\/2481\/revisions"}],"predecessor-version":[{"id":2483,"href":"https:\/\/www.darkover-con.de\/index.php?rest_route=\/wp\/v2\/pages\/2481\/revisions\/2483"}],"up":[{"embeddable":true,"href":"https:\/\/www.darkover-con.de\/index.php?rest_route=\/wp\/v2\/pages\/1222"}],"wp:attachment":[{"href":"https:\/\/www.darkover-con.de\/index.php?rest_route=%2Fwp%2Fv2%2Fmedia&parent=2481"}],"curies":[{"name":"wp","href":"https:\/\/api.w.org\/{rel}","templated":true}]}}