{"id":2484,"date":"2019-04-21T19:08:26","date_gmt":"2019-04-21T18:08:26","guid":{"rendered":"http:\/\/www.darkover-con.de\/?page_id=2484"},"modified":"2019-04-22T11:29:40","modified_gmt":"2019-04-22T10:29:40","slug":"2004-november","status":"publish","type":"page","link":"https:\/\/www.darkover-con.de\/?page_id=2484","title":{"rendered":"2004 &#8211; Herbst"},"content":{"rendered":"\n<h3 class=\"wp-block-heading\">Plot der November-Con 2004<\/h3>\n\n\n\n<h4 class=\"wp-block-heading\">Hochzeit auf Burg Hastur von Carcosa<\/h4>\n\n\n\n<p>Nach einem Jahr und einem Tag werden wir uns wieder treffen.<\/p>\n\n\n\n<p>Wir werden unser Versprechen erneuern auf das wir unser Leben unter dem Segen der G\u00f6tter und des heiligen Lastentr\u00e4gers gemeinsam und zum Wohle aller verbringen m\u00f6gen.<\/p>\n\n\n\n<p>Geraume Zeit ist vergangen....<\/p>\n\n\n\n<p><em>Lilia Hastur von Carcosa und Giley Ardais y Scathfell<\/em><\/p>\n\n\n\n<p>laden ein zur Heirat Di Catenas.<br>Die Einladungen wurden verschickt und gespannt wartet das Paar auf die ersten Antworten.<\/p>\n\n\n\n<p><em>Die Brauteltern<\/em><\/p>\n\n\n\n<hr class=\"wp-block-separator\"\/>\n\n\n\n<p>Die Ereignisse dieser Hochzeit waren sehr ereignisreich. Doch wieder \u00fcberlebte kein Bericht die Wirren der Zeit.<\/p>\n\n\n\n<p>Doch erinnern wir uns daran, dass Lord Aldaran den Br\u00e4utigam entf\u00fchrte und ihn mit einem Bahn belegte, der ihn glauben lie\u00df, dessen Tochter Rakhaila zu lieben.<\/p>\n\n\n\n<p>Letztlich konnte der junge Lord aus den F\u00e4ngen Aldarans befreit werden. Und der Lord von Aldaran wurde vom Lord Hastur von Carcosa f\u00fcr diesen Frevel festgesetzt.<br><\/p>\n","protected":false},"excerpt":{"rendered":"<p>Plot der November-Con 2004 Hochzeit auf Burg Hastur von Carcosa Nach einem Jahr und einem Tag werden wir uns wieder treffen. Wir werden unser Versprechen erneuern auf das wir unser Leben unter dem Segen der G\u00f6tter und des heiligen Lastentr\u00e4gers gemeinsam und zum Wohle aller verbringen m\u00f6gen. Geraume Zeit ist vergangen.... Lilia Hastur von Carcosa <a href=\"https:\/\/www.darkover-con.de\/?page_id=2484\" class=\"more-link\">...weiterlesen<span class=\"screen-reader-text\"> \"2004 &#8211; Herbst\"<\/span><\/a><\/p>\n","protected":false},"author":4,"featured_media":0,"parent":1222,"menu_order":6,"comment_status":"closed","ping_status":"closed","template":"","meta":{"footnotes":""},"class_list":["post-2484","page","type-page","status-publish","h-entry","hentry","h-as-page"],"_links":{"self":[{"href":"https:\/\/www.darkover-con.de\/index.php?rest_route=\/wp\/v2\/pages\/2484","targetHints":{"allow":["GET"]}}],"collection":[{"href":"https:\/\/www.darkover-con.de\/index.php?rest_route=\/wp\/v2\/pages"}],"about":[{"href":"https:\/\/www.darkover-con.de\/index.php?rest_route=\/wp\/v2\/types\/page"}],"author":[{"embeddable":true,"href":"https:\/\/www.darkover-con.de\/index.php?rest_route=\/wp\/v2\/users\/4"}],"replies":[{"embeddable":true,"href":"https:\/\/www.darkover-con.de\/index.php?rest_route=%2Fwp%2Fv2%2Fcomments&post=2484"}],"version-history":[{"count":2,"href":"https:\/\/www.darkover-con.de\/index.php?rest_route=\/wp\/v2\/pages\/2484\/revisions"}],"predecessor-version":[{"id":2497,"href":"https:\/\/www.darkover-con.de\/index.php?rest_route=\/wp\/v2\/pages\/2484\/revisions\/2497"}],"up":[{"embeddable":true,"href":"https:\/\/www.darkover-con.de\/index.php?rest_route=\/wp\/v2\/pages\/1222"}],"wp:attachment":[{"href":"https:\/\/www.darkover-con.de\/index.php?rest_route=%2Fwp%2Fv2%2Fmedia&parent=2484"}],"curies":[{"name":"wp","href":"https:\/\/api.w.org\/{rel}","templated":true}]}}