{"id":2526,"date":"2019-04-22T14:46:22","date_gmt":"2019-04-22T13:46:22","guid":{"rendered":"http:\/\/www.darkover-con.de\/?page_id=2526"},"modified":"2019-04-22T14:49:00","modified_gmt":"2019-04-22T13:49:00","slug":"2007-fruehjahr","status":"publish","type":"page","link":"https:\/\/www.darkover-con.de\/?page_id=2526","title":{"rendered":"2007 &#8211; Fr\u00fchjahr"},"content":{"rendered":"\n<h3 class=\"wp-block-heading\">Plot zur Mai Con 2007<\/h3>\n\n\n\n<p><em>Der Herold verk\u00fcndet dem Volk im Namen des Lords von Tyall:<\/em><\/p>\n\n\n\n<p><strong>Volk von Tyall<br>Anl\u00e4sslich der Namensgebung unseres geliebten Sohnes und lang erwarteten Erben geben wir uns die Ehre zu Mittsommer ein Fest auszurichten.<br>Zu diesem freudigen Ereignis werden uns die Comyn von nah und fern mit ihrem Besuch erfreuen.<br>Auch das einfache Volk von Tyall m\u00f6ge sich zum traditionellen Markt und anschlie\u00dfendem ausgelassenem Feste einfinden, um die Namensgebung ihres k\u00fcnftigen Lehnsherren angemessen zu begehen. <\/strong><\/p>\n\n\n\n<p><strong>M\u00f6ge sich das Volk an der Feier erfreuen!<\/strong><\/p>\n\n\n\n<p>***<\/p>\n\n\n\n<p>Out-time Infos: <\/p>\n\n\n\n<p>Es wird ein Plot f\u00fcr das einfache Volk!<br>Das in der Einlandung (In-time) angek\u00fcndigte Comynfest wird nicht aktiv bespielt.<\/p>\n\n\n\n<p><em>Infos zum Setting (Tyall in den B\u00fcchern):<\/em><\/p>\n\n\n\n<p>* Es gibt keine wirklichen Angaben au\u00dfer dem Namen. (Erben von Hammerfell)<br>* Erminie Leyniers Vater war Darran Tyall, ein Friedensmann von Lord Renato Leynier (Erminies Onkel) und ein Hastur-Gardist. Da die Leyniers in diesem Buch aus dem Tiefland stammen, ist anzunehmen, dass die Familie der Tyalls auf Hastur-Gebiet anzusiedeln ist, vielleicht nahe Alton und der Kilghards.<\/p>\n\n\n\n<p>(Personen und Geschehnisse werden frei erfunden sein und basieren nicht auf in den B\u00fcchern vorkommenden Personen und Geschehnissen)<\/p>\n\n\n\n<p><em>Infos zum Setting (konstruierte Tyall Infos):<\/em><\/p>\n\n\n\n<p>* Der Herold war in allen D\u00f6rfern Tyalls und der n\u00e4heren Umgebung, um die oben stehende Nachricht zu verk\u00fcnden.<br>* In der Lordschaft Tyall gibt es drei D\u00f6rfer: Glenn, Riggmoor, Tjallmar<br>* Es gibt traditionell einen Mittsommermarkt und einen Mittsommertanz im Schatten der Burg. H\u00e4ndler \/ fahrendes Volk etc. sind ausdr\u00fccklich erw\u00fcnscht. Comyn und Laranzu\u2019in hingegen werden als Charas nicht angenommen, da es ein \u201eeinfache Leute \u2013 Plot\u201c werden soll.<br>* Da der Lord das Fest ausrichtet, erwartet er, dass das Volk sich begeistert zeigt: \u201eFr\u00f6hlichkeit ist Pflicht\u201c<br>* Wir beziehen uns beim Plot auf keine Geschehnisse von vorherigen Cons und auch nicht auf RS-Gegebenheiten (soweit uns bekannt)<\/p>\n\n\n\n<p>Wir w\u00fcnschen euch allen viel Spa\u00df und Erfolg bei der Vorbereitung und freuen uns schon mit euch auf die Con!<\/p>\n\n\n\n<p>Eure Plotplaner<\/p>\n\n\n\n<p><em>Jasko, Beara und Cho<\/em><\/p>\n\n\n\n<h3 class=\"wp-block-heading\">Berichte<\/h3>\n\n\n\n<p>Es sind keine Berichte erhalten oder geschrieben worden.<\/p>\n","protected":false},"excerpt":{"rendered":"<p>Plot zur Mai Con 2007 Der Herold verk\u00fcndet dem Volk im Namen des Lords von Tyall: Volk von TyallAnl\u00e4sslich der Namensgebung unseres geliebten Sohnes und lang erwarteten Erben geben wir uns die Ehre zu Mittsommer ein Fest auszurichten.Zu diesem freudigen Ereignis werden uns die Comyn von nah und fern mit ihrem Besuch erfreuen.Auch das einfache <a href=\"https:\/\/www.darkover-con.de\/?page_id=2526\" class=\"more-link\">...weiterlesen<span class=\"screen-reader-text\"> \"2007 &#8211; Fr\u00fchjahr\"<\/span><\/a><\/p>\n","protected":false},"author":4,"featured_media":0,"parent":1222,"menu_order":11,"comment_status":"closed","ping_status":"closed","template":"","meta":{"footnotes":""},"class_list":["post-2526","page","type-page","status-publish","h-entry","hentry","h-as-page"],"_links":{"self":[{"href":"https:\/\/www.darkover-con.de\/index.php?rest_route=\/wp\/v2\/pages\/2526","targetHints":{"allow":["GET"]}}],"collection":[{"href":"https:\/\/www.darkover-con.de\/index.php?rest_route=\/wp\/v2\/pages"}],"about":[{"href":"https:\/\/www.darkover-con.de\/index.php?rest_route=\/wp\/v2\/types\/page"}],"author":[{"embeddable":true,"href":"https:\/\/www.darkover-con.de\/index.php?rest_route=\/wp\/v2\/users\/4"}],"replies":[{"embeddable":true,"href":"https:\/\/www.darkover-con.de\/index.php?rest_route=%2Fwp%2Fv2%2Fcomments&post=2526"}],"version-history":[{"count":4,"href":"https:\/\/www.darkover-con.de\/index.php?rest_route=\/wp\/v2\/pages\/2526\/revisions"}],"predecessor-version":[{"id":2530,"href":"https:\/\/www.darkover-con.de\/index.php?rest_route=\/wp\/v2\/pages\/2526\/revisions\/2530"}],"up":[{"embeddable":true,"href":"https:\/\/www.darkover-con.de\/index.php?rest_route=\/wp\/v2\/pages\/1222"}],"wp:attachment":[{"href":"https:\/\/www.darkover-con.de\/index.php?rest_route=%2Fwp%2Fv2%2Fmedia&parent=2526"}],"curies":[{"name":"wp","href":"https:\/\/api.w.org\/{rel}","templated":true}]}}