{"id":2538,"date":"2019-04-22T15:07:19","date_gmt":"2019-04-22T14:07:19","guid":{"rendered":"http:\/\/www.darkover-con.de\/?page_id=2538"},"modified":"2019-04-22T15:07:19","modified_gmt":"2019-04-22T14:07:19","slug":"2010-fruehjahr","status":"publish","type":"page","link":"https:\/\/www.darkover-con.de\/?page_id=2538","title":{"rendered":"2010 &#8211; Fr\u00fchjahr"},"content":{"rendered":"\n<h3 class=\"wp-block-heading\">Plot zur Mai Con 2010<\/h3>\n\n\n\n<p>Ben dia, alle miteinander!<\/p>\n\n\n\n<p>Wir befinden uns im Zeitalter des Chaos. Das Laran regiert die Dom\u00e4nen und das Zuchtprogramm l\u00e4uft auf Hochtouren. Es geht das Ger\u00fccht um von einem Kind, in dem es mit sorgf\u00e4ltiger Planung und genauer \u00dcberwachung gelungen war, nicht eine Dona besonders stark zu gestalten, sondern das gleich \u00fcber vier Gaben, alle gleich ausgewogen und stark, verf\u00fcgen solle.<br>Als wenn das noch nicht unglaublich genug w\u00e4re, so soll dies auch noch in einem unautorisierten, verborgenem Turm geschehen sein. Zum Schutz dieses Kindes\u2026<br>Und auch wenn dieses Kind nur von wenigen gesehen wurde, von jenen Laranzu\u2018in, die es gro\u00dfziehen und den \u00fcbrigen Turmmitgliedern, so gibt es wohl eine undichte Stelle im Sicherheitsnetz.<br>Einer des Turmes hatte das Kind verraten.<\/p>\n\n\n\n<p><em>IT: T\u00f9r Sh\u00f9il<\/em><br>Jahrzehntelang schon besteht dieser kleine Kreis, deine Heimat. Jeder einzelne ist dir vertraut und vertraut dir. Es ist selten, dass ein neuer hinzukommt.<br>Nicht nur, weil der Turm, wie ihr ihn selber nennt, obwohl es nur ein Haus ist, in dem ihr arbeitet, abgelegen liegt, sondern auch, weil Geheimhaltung euer aller Leben garantiert.<br>Und noch wichtiger: Das Leben des Kindes!<br>Der Kleine hatte die kritische Phase noch vor sich, der Punkt, wo die Schwellenkrankheit ihn heimsuchen w\u00fcrde, wo alle Gaben -die Donas der Familien Hastur, Rockraven, Alton und Aillard- erwachen w\u00fcrden, aber trotzdem\u2026 es war gelungen!<br>Die junge Frau, die nun anstelle ihres Onkels die Stelle der Tener\u00e9steis ausf\u00fcllte, war selber mit der Aillardgabe gesegnet und gab sich zuversichtlich, dass der Kleine \u00fcberleben w\u00fcrde.<br>Wieder einmal l\u00e4sst du deine Gedanken kreisen, denkst \u00fcber deine Familie \u2013 denn das sind die Turmmitglieder f\u00fcr dich \u2013 nach. Du wei\u00dft nicht genau, wann dieses spezielle Zuchtprogramm gestartet wurde, aber es musste wohl Generationen vor Varzil dem Guten gewesen sein.<br>Du l\u00e4chelst in dich hinein. Varzil versucht gerade das zu erm\u00f6glichen, was unsere junge Tener\u00e9steis gerade beweist. Dass eine Frau durchaus die St\u00e4rke zum Bewahrer hat\u2026. Aber wenn Danilo nicht so pl\u00f6tzlich verstorben w\u00e4re, dann w\u00e4re es nicht n\u00f6tig gewesen\u2026<br>Und deine Gedanken werden bitter, als du dich erinnerst. An jene Nacht, wo er alleine in den Relais arbeitete, suchte, seinen Geist aussandte um Ausschau zu halten.<br>Wonach wusste nur der Bewahrer alleine und obwohl er sein Ende mit uns teilte und alles, was er innerhalb Sekundenbruchteilen an Wissen weitergeben konnte an Kendra sandte\u2026 das hat er nicht preisgegeben.<br>Und dann stand die Oberwelt auf einmal in Flammen\u2026 schaudernd rei\u00dft du deine Gedanken davon fort, konzentrierst dich auf Naheliegendes.<br>Das Kind. Immer wieder unser aller Ziel. L\u00e4chelnd beobachtest du, wie Ellemir auf den Hof zugeht, an der einen Hand ihren kleinen Jungen, in der anderen einen Korb mit fr\u00fchen Blumen.<br>T\u00f9r Sh\u00f9il\u2026 Turm der Hoffnung. Ja, der Name wurde damals, vor \u00c4onen oder so, gut gew\u00e4hlt.<\/p>\n\n\n\n<p><em>IT: Dalereuth<\/em><br>Cathal, Bewahrer des 1. Kreises zu Dalereuth und der unumstrittene Herr des Turmes, stand alleine in den Relaisstationen und dachte nach.<br>\u00dcber das, was er getan hatte. Nicht nur \u00fcber die Ereignisse dieses Tages, wo er \u00fcber die Relaisstationen mit Thendara gesprochen hatte, sein Anliegen vor die Comyn gebracht hatte.<br>Seine Entdeckung der Welt offen gelegt hatte.<br>Ein grimmiges L\u00e4cheln umspielte seine Z\u00fcge, als er die Szene Revue passieren lie\u00df.<br>Er hatte, mithilfe seines 1. Kreises, eine Projektion seiner Selbst in den Comyn-Turm Thendaras geschickt. Dorthin zu reisen, h\u00e4tte Zeit verschwendet, Zeit, die sie nicht hatten.<br>Und doch w\u00fcnschte er in dieser Sache die Unterst\u00fctzung der Dom\u00e4nen.<br>Vor einigen Tage war er ebenfalls alleine in den Relaisstationen gewesen. Ein dummer Zufall, eigentlich. M\u00fc\u00dfig beobachtete er die Schirme, als er ein ihm unbekanntes Gedankenmuster auffing.<br>\u2018Seltsam\u2019 hatte er bei sich gedacht. \u2018Das Muster eines Bewahrers, den ich nicht kenne?\u2019<br>Er hatte die Signatur n\u00e4her betrachtet, sie verfolgt bis zu ihrem Ursprung und festgestellt, das der Fremde an einem nicht registriertem Matrixschild arbeitete, zusammen mit jemandem durch die Relais!<br>Es hatte alles, was Cathal an Selbstbeherrschung aufbringen konnte, gebraucht, um ruhig zu bleiben, seine Anwesenheit zu verschleiern und zu beobachten. Sachte folgte er der Relaisverbindung zwischen den beiden Laranzu\u2019in und wurde f\u00fcr seine Geduld belohnt.<br>Der andere, ein Mechaniker aus Neskaya, hielt seine Gedanken nicht so sorgf\u00e4ltig verborgen, verlie\u00df sich wahrscheinlich auf den \u00dcberwachereid und den unbekannten Tenereistu.<br>\u201eSag, wie geht es dem Jungen? L\u00e4uft das Projekt wie erhofft?\u201c \u2026 \u201eNat\u00fcrlich ist er noch zu klein, als dass die Donas aktiv werden k\u00f6nnten. Aber sie m\u00fcssten sich doch latent bereits verifizieren lassen?\u201c \u2026 \u201eAlle vier Gaben gleicherma\u00dfen? Das ist wirklich unglaublich, lieber Freund!\u201c \u2026 \u201eTut mir leid, ich wollte dein Geheimnis nicht gef\u00e4hrden. Aber die Verbindung sollte sicher sein\u2026\u201c<br>\u201eJemand hat uns geh\u00f6rt.\u201c war die erste Antwort, die er von dem Unbekannten h\u00f6rte und Cathal l\u00f6ste sich aus den Schirmen.<br>\u201eDas darf ja wohl nicht wahr sein!\u201c f\u00fcllte Cathals Schrei kurz darauf die Stille von Dalereuths Relaisstation.<br>\u201eEin unregistrierter Schirm, ein nicht genehmigtes Zuchtprogramm!?\u201c tobte er. \u201eWas erlauben die sich?!\u201c<br>In seinem Zorn fegte er den Stuhl, auf dem gesessen hatte, beiseite, st\u00fcrzte zum Fenster. Heftig atmend st\u00fctzte er beide H\u00e4nde auf das Fensterbrett und seine blauen Augen starrten brennend in die Nacht hinaus. \u201eIch werde deinen Turm finden, Danilo. Das bedeutet Krieg.\u201c<br>Er tauchte aus seinen Erinnerungen wieder auf, wanderte wieder zum Fensterbrett und st\u00fctzte sich in einer unbewussten Wiederholung seiner Haltung darauf ab. Cathals L\u00e4cheln wurde wilder. \u201eOh ja\u2026 Krieg wird es geben. Die Comyn haben zugestimmt.\u201c<br>Auch wenn er den versammelten Comi\u2019in nicht alles berichtet hatte, was er gesehen und getan hatte, sie hatten Dalereuth \u2013 ohnehin als kriegsl\u00fcstern verschrien wegen der Haftfeuerproduktion \u2013 freie Bahn f\u00fcr eine Offensive gegeben. Das dunkle Glas des Fensters warf sein Spiegelbild zur\u00fcck und er murmelte leise: \u201eWahrscheinlich war es die Wahl deines Nachfolgers, Danilo, die sie so schnell auf meine Seite brachte. Deine Nichte Kendra mit hinein zu ziehen\u2026\u201c<br>Cathal sch\u00fcttelte den Kopf \u00fcber soviel Dummheit und Naivit\u00e4t und wandte sich dann ab.<br>Er musste ein Heer aufstellen.<\/p>\n","protected":false},"excerpt":{"rendered":"<p>Plot zur Mai Con 2010 Ben dia, alle miteinander! Wir befinden uns im Zeitalter des Chaos. Das Laran regiert die Dom\u00e4nen und das Zuchtprogramm l\u00e4uft auf Hochtouren. Es geht das Ger\u00fccht um von einem Kind, in dem es mit sorgf\u00e4ltiger Planung und genauer \u00dcberwachung gelungen war, nicht eine Dona besonders stark zu gestalten, sondern das <a href=\"https:\/\/www.darkover-con.de\/?page_id=2538\" class=\"more-link\">...weiterlesen<span class=\"screen-reader-text\"> \"2010 &#8211; Fr\u00fchjahr\"<\/span><\/a><\/p>\n","protected":false},"author":4,"featured_media":0,"parent":1222,"menu_order":17,"comment_status":"closed","ping_status":"closed","template":"","meta":{"footnotes":""},"class_list":["post-2538","page","type-page","status-publish","h-entry","hentry","h-as-page"],"_links":{"self":[{"href":"https:\/\/www.darkover-con.de\/index.php?rest_route=\/wp\/v2\/pages\/2538","targetHints":{"allow":["GET"]}}],"collection":[{"href":"https:\/\/www.darkover-con.de\/index.php?rest_route=\/wp\/v2\/pages"}],"about":[{"href":"https:\/\/www.darkover-con.de\/index.php?rest_route=\/wp\/v2\/types\/page"}],"author":[{"embeddable":true,"href":"https:\/\/www.darkover-con.de\/index.php?rest_route=\/wp\/v2\/users\/4"}],"replies":[{"embeddable":true,"href":"https:\/\/www.darkover-con.de\/index.php?rest_route=%2Fwp%2Fv2%2Fcomments&post=2538"}],"version-history":[{"count":2,"href":"https:\/\/www.darkover-con.de\/index.php?rest_route=\/wp\/v2\/pages\/2538\/revisions"}],"predecessor-version":[{"id":2540,"href":"https:\/\/www.darkover-con.de\/index.php?rest_route=\/wp\/v2\/pages\/2538\/revisions\/2540"}],"up":[{"embeddable":true,"href":"https:\/\/www.darkover-con.de\/index.php?rest_route=\/wp\/v2\/pages\/1222"}],"wp:attachment":[{"href":"https:\/\/www.darkover-con.de\/index.php?rest_route=%2Fwp%2Fv2%2Fmedia&parent=2538"}],"curies":[{"name":"wp","href":"https:\/\/api.w.org\/{rel}","templated":true}]}}