{"id":2553,"date":"2019-04-22T15:30:13","date_gmt":"2019-04-22T14:30:13","guid":{"rendered":"http:\/\/www.darkover-con.de\/?page_id=2553"},"modified":"2019-04-22T15:42:52","modified_gmt":"2019-04-22T14:42:52","slug":"2013-fruehjahr","status":"publish","type":"page","link":"https:\/\/www.darkover-con.de\/?page_id=2553","title":{"rendered":"2013 &#8211; Herbst"},"content":{"rendered":"\n<h3 class=\"wp-block-heading\">Plot zur Oktober Con 2013<\/h3>\n\n\n\n<h4 class=\"wp-block-heading\"><strong>Das Geheimnis von Burg B\u00e4renklamm<\/strong><\/h4>\n\n\n\n<p>Ein Bote, gekleidet in den Farben Tyalls, blau-silber, erreicht Euren Wohnsitz und verk\u00fcndet in der unnachahmlichen Manier des Lords von Tyall:<\/p>\n\n\n\n<p><strong>OT-Information:<\/strong><\/p>\n\n\n\n<p>Setting:<\/p>\n\n\n\n<p>Die Feier findet auf Burg B\u00e4renklamm im Tiefland, Dom\u00e4ne Tyall, statt.<\/p>\n\n\n\n<p>Ihr k\u00f6nnt gerne einfachen und\/oder hohen Adel w\u00e4hlen, der zu Lord Tyalls Dom\u00e4nenjubil\u00e4um anreist. Ob mit oder ohne Ehegatten, sei Euch \u00fcberlassen. Allerdings solltet ihr entweder eine famili\u00e4re Beziehung zum Lord haben oder aber eine freundschaftliche, die dann nur \u00fcber die Liebe zu Kunst, Kultur, Tanz, Musik, Mode oder Literatur entstanden sein kann.<\/p>\n\n\n\n<p>Lord Tyall ist ein besonderer Kenner der Kunst- und Kulturszene von Thendara und ein Bekannter M\u00e4zen und F\u00f6rderer der Oper und der K\u00fcnstler. In Thendara ist Lord Tyall in aller Munde. Jeder kennt ihn. Nicht jeder mag ihn, aber keiner kommt an ihm vorbei.<\/p>\n\n\n\n<p>Freitagabend vor dem Abendessen startet der Plot. Ende ist offen. Abendessen ist Intime und mit der K\u00fcche abgesprochen.<\/p>\n\n\n\n<p>Das Fr\u00fchst\u00fcck am n\u00e4chsten Morgen ist ebenfalls bereits intime.<\/p>\n\n\n\n<p>Eure diesj\u00e4hrige SL,<br>Bredhy und Leonie<\/p>\n","protected":false},"excerpt":{"rendered":"<p>Plot zur Oktober Con 2013 Das Geheimnis von Burg B\u00e4renklamm Ein Bote, gekleidet in den Farben Tyalls, blau-silber, erreicht Euren Wohnsitz und verk\u00fcndet in der unnachahmlichen Manier des Lords von Tyall: OT-Information: Setting: Die Feier findet auf Burg B\u00e4renklamm im Tiefland, Dom\u00e4ne Tyall, statt. Ihr k\u00f6nnt gerne einfachen und\/oder hohen Adel w\u00e4hlen, der zu Lord <a href=\"https:\/\/www.darkover-con.de\/?page_id=2553\" class=\"more-link\">...weiterlesen<span class=\"screen-reader-text\"> \"2013 &#8211; Herbst\"<\/span><\/a><\/p>\n","protected":false},"author":4,"featured_media":0,"parent":1222,"menu_order":23,"comment_status":"closed","ping_status":"closed","template":"","meta":{"footnotes":""},"class_list":["post-2553","page","type-page","status-publish","h-entry","hentry","h-as-page"],"_links":{"self":[{"href":"https:\/\/www.darkover-con.de\/index.php?rest_route=\/wp\/v2\/pages\/2553","targetHints":{"allow":["GET"]}}],"collection":[{"href":"https:\/\/www.darkover-con.de\/index.php?rest_route=\/wp\/v2\/pages"}],"about":[{"href":"https:\/\/www.darkover-con.de\/index.php?rest_route=\/wp\/v2\/types\/page"}],"author":[{"embeddable":true,"href":"https:\/\/www.darkover-con.de\/index.php?rest_route=\/wp\/v2\/users\/4"}],"replies":[{"embeddable":true,"href":"https:\/\/www.darkover-con.de\/index.php?rest_route=%2Fwp%2Fv2%2Fcomments&post=2553"}],"version-history":[{"count":2,"href":"https:\/\/www.darkover-con.de\/index.php?rest_route=\/wp\/v2\/pages\/2553\/revisions"}],"predecessor-version":[{"id":2558,"href":"https:\/\/www.darkover-con.de\/index.php?rest_route=\/wp\/v2\/pages\/2553\/revisions\/2558"}],"up":[{"embeddable":true,"href":"https:\/\/www.darkover-con.de\/index.php?rest_route=\/wp\/v2\/pages\/1222"}],"wp:attachment":[{"href":"https:\/\/www.darkover-con.de\/index.php?rest_route=%2Fwp%2Fv2%2Fmedia&parent=2553"}],"curies":[{"name":"wp","href":"https:\/\/api.w.org\/{rel}","templated":true}]}}