{"id":2572,"date":"2019-04-22T16:03:21","date_gmt":"2019-04-22T15:03:21","guid":{"rendered":"http:\/\/www.darkover-con.de\/?page_id=2572"},"modified":"2019-04-22T16:03:21","modified_gmt":"2019-04-22T15:03:21","slug":"2017-herbst","status":"publish","type":"page","link":"https:\/\/www.darkover-con.de\/?page_id=2572","title":{"rendered":"2017 &#8211; Herbst"},"content":{"rendered":"\n<h3 class=\"wp-block-heading\">Plot zur November Con 2017<\/h3>\n\n\n\n<hr class=\"wp-block-separator\"\/>\n\n\n\n<p><strong>Plotbeschreibung IT<\/strong><br>Dichter Rauch zieht durch\u2019s Unterholz und macht das Atmen ohne ein feuchtes Tuch vor dem Mund nahezu unm\u00f6glich. Doch das Br\u00fcllen und Tosen des Feuers ist endlich verstummt. Zwischen den im dichten Qualm nur schemenhaft zu erkennenden St\u00e4mmen ist kein Flackern mehr zu sehen, kein Knistern mehr zu h\u00f6ren.<br>Ein Ruf hallt durch den Qualm, wird wiederholt und von Gruppe zu Gruppe weitergegeben:<br>\u201eFeuer ist aus\u201c \u2013 Endlich, der Waldbrand ist gel\u00f6scht, das Feuer besiegt.<br>Obwohl es schon sp\u00e4t im Jahr ist und die Saison der Waldbr\u00e4nde l\u00e4ngst vor\u00fcber sein sollte, hatte das Feuer seit Tagen an den H\u00e4ngen der Kilghards gew\u00fctet. Jeder Mann, jede Frau und sogar Kinder waren gekommen um den Waldbrand zu bek\u00e4mpfen. Selbst die \u00c4ltesten aus dieser Gegend konnten sich an kein Feuer erinnern, was heftiger gew\u00fctet h\u00e4tte. Alle hatten ungeachtet ihres Standes Seite an Seite gegen die Flammen gek\u00e4mpft \u2013 jeder nach seinen Kr\u00e4ften und seinem Verm\u00f6gen.<br>Nachdem nun das Feuer gel\u00f6scht und die unmittelbare Gefahr gebannt ist, sowie einige M\u00e4nner zur Brandwache eingeteilt wurden, kehren die L\u00f6schtrupps mit Einbruch der Nacht zur\u00fcck zu den D\u00f6rfern und Geh\u00f6ften, die zu sch\u00fctzen ihnen gelungen ist. Alle sehnen sich danach endlich auszuruhen, ihre Wunden versorgen zu lassen oder einfach nur die Nacht in der Geborgenheit eines festen Daches zu verbringen.<\/p>\n\n\n\n<hr class=\"wp-block-separator\"\/>\n\n\n\n<p><strong>OT-Info<\/strong><br>Warum ihr in dieser Gegend seid, bleibt euch \u00fcberlassen. Euer Charakter sollte aber entweder in der Gegend wohnen oder einen triftigen Grund f\u00fcr eine Reise haben.<br>Ihr m\u00fcsst auch nicht unbedingt bei der eigentlichen Brandbek\u00e4mpfung geholfen haben \u2013 den L\u00f6schmannschaften Wasser bringen, Essen kochen etc. ist mindestens genauso wichtig.<br>Das Charakterspiel soll im Vordergrund stehen \u2013 ihr k\u00f6nnt also gerne bereits bestehende Charaktere ausbauen und weiterzuentwickeln oder neue Charaktere einzuf\u00fchren.<br>Wie immer bei Waldbr\u00e4nden wurde der Feuerfriede gewahrt \u2013 wenn es gilt den \u00fcberm\u00e4chtigen Feind zu bek\u00e4mpfen, werden Fehden (vorr\u00fcbergehend) vergessen. Dies gilt auch f\u00fcr die Gastfreundschaft auf dem Geh\u00f6ft, zu dem ihr nun kommt \u2013 ungeachtet eures Standes und eurer Herkunft seid ihr dort willkommen \u2013 als Dank f\u00fcr die Hilfe, die ihr geleistet habt.<\/p>\n","protected":false},"excerpt":{"rendered":"<p>Plot zur November Con 2017 Plotbeschreibung ITDichter Rauch zieht durch\u2019s Unterholz und macht das Atmen ohne ein feuchtes Tuch vor dem Mund nahezu unm\u00f6glich. Doch das Br\u00fcllen und Tosen des Feuers ist endlich verstummt. Zwischen den im dichten Qualm nur schemenhaft zu erkennenden St\u00e4mmen ist kein Flackern mehr zu sehen, kein Knistern mehr zu h\u00f6ren.Ein <a href=\"https:\/\/www.darkover-con.de\/?page_id=2572\" class=\"more-link\">...weiterlesen<span class=\"screen-reader-text\"> \"2017 &#8211; Herbst\"<\/span><\/a><\/p>\n","protected":false},"author":4,"featured_media":0,"parent":1222,"menu_order":31,"comment_status":"closed","ping_status":"closed","template":"","meta":{"footnotes":""},"class_list":["post-2572","page","type-page","status-publish","h-entry","hentry","h-as-page"],"_links":{"self":[{"href":"https:\/\/www.darkover-con.de\/index.php?rest_route=\/wp\/v2\/pages\/2572","targetHints":{"allow":["GET"]}}],"collection":[{"href":"https:\/\/www.darkover-con.de\/index.php?rest_route=\/wp\/v2\/pages"}],"about":[{"href":"https:\/\/www.darkover-con.de\/index.php?rest_route=\/wp\/v2\/types\/page"}],"author":[{"embeddable":true,"href":"https:\/\/www.darkover-con.de\/index.php?rest_route=\/wp\/v2\/users\/4"}],"replies":[{"embeddable":true,"href":"https:\/\/www.darkover-con.de\/index.php?rest_route=%2Fwp%2Fv2%2Fcomments&post=2572"}],"version-history":[{"count":2,"href":"https:\/\/www.darkover-con.de\/index.php?rest_route=\/wp\/v2\/pages\/2572\/revisions"}],"predecessor-version":[{"id":2574,"href":"https:\/\/www.darkover-con.de\/index.php?rest_route=\/wp\/v2\/pages\/2572\/revisions\/2574"}],"up":[{"embeddable":true,"href":"https:\/\/www.darkover-con.de\/index.php?rest_route=\/wp\/v2\/pages\/1222"}],"wp:attachment":[{"href":"https:\/\/www.darkover-con.de\/index.php?rest_route=%2Fwp%2Fv2%2Fmedia&parent=2572"}],"curies":[{"name":"wp","href":"https:\/\/api.w.org\/{rel}","templated":true}]}}