{"id":2575,"date":"2019-04-22T16:09:56","date_gmt":"2019-04-22T15:09:56","guid":{"rendered":"http:\/\/www.darkover-con.de\/?page_id=2575"},"modified":"2019-04-22T16:09:56","modified_gmt":"2019-04-22T15:09:56","slug":"2018-fruehjahr","status":"publish","type":"page","link":"https:\/\/www.darkover-con.de\/?page_id=2575","title":{"rendered":"2018 &#8211; Fr\u00fchjahr"},"content":{"rendered":"\n<h3 class=\"wp-block-heading\">Plot zur Fr\u00fchjahres-Con <\/h3>\n\n\n\n<h4 class=\"wp-block-heading\"> 1. IT-Text <\/h4>\n\n\n\n<p>Cassandra  rieb sich m\u00fcde die Schl\u00e4fen und g\u00e4hnte. Die Arbeit im Kreis war  anstrengend und die Technikerin freute sich auf ihr Bett.<br>\u201aCassandra!?\u2018 <br>Sie l\u00e4chelte mild, die resolute Stimme in ihrem Geist kannte sie nur zu gut.<br>\u201aDeionora\u2026.was kann ich f\u00fcr dich tun\u2018<br>Ohne Umschweife begann Lady Alton das mentale Gespr\u00e4ch mit ihrer Schwester.<br>\u201aSei  gegr\u00fc\u00dft, Cassandra. Ich komme gerade aus einer wichtigen  Ratsversammlung und Hestral sollte unbedingt wissen, was geschehen ist.  Und Kyrill war tats\u00e4chlich auch dabei. Man hei\u00dft ihn herzlich im Rat  willkommen, man erkennt ihn wirklich als vollst\u00e4ndiges Mitglied der  Dom\u00e4ne Alton an und das, nach all dem, was Kyrill Diotima und damit auch  der Dom\u00e4ne angetan hat. Das ist\u2026..\u2018<br>Cassandra setzte sich in einen Sessel in ihrer Suite, das konnte l\u00e4nger dauern.<br>Sie  war m\u00fcde, aber selbst sie konnte ihre Schwester nicht unterbrechen,  wenn diese aufgebracht war \u2013 und Lady Alton WAR aufgebracht.<br>Nach einer Weile schien Deionora mental Luft zu holen und Cassandra nutzte die Gunst des Augenblicks.<br>\u201aDeionora\u2026 was wurde denn so Wichtiges besprochen, was Hestral wissen sollte?\u2018<br>Deionora Alton hielt inne.<br>\u201aJa, richtig, verzeih, \u2026\u2026.Lord Hastur\u2026\u2026\u2026\u2026.\u2018<br>Und damit brach die Verbindung ab.<br>Cassandra runzelte die Stirn und versuchte, ihre Schwester erneut mental zu kontaktieren \u2013 mehrmals.<br>Doch es gelang nicht. Es war vielmehr so, als sei weder Deionora noch sonst jemand ihrer Familie zu erreichen.<br>Cassandra erhob sich aus dem Sessel, seufzte und verlie\u00df ihre Suite. Schlafen konnte sie sp\u00e4ter. <br>Doch auch ein Versuch \u00fcber die Relais brachte keine Ver\u00e4nderung. <br>Sie konnte weder Alton, noch jemanden der Comynburg erreichen, scheinbar war ganz Thendara wie abgeschnitten.<br>\u201aRodrigo\u2026..ich muss mit Dir reden\u2018 <\/p>\n\n\n\n<h4 class=\"wp-block-heading\">2. IT-Text<\/h4>\n\n\n\n<p>\u201ePackt  nur das N\u00f6tigste ein, \u2026..Decken, Wasser, Trockenfleisch m\u00fcssen gen\u00fcgen.  Eilt euch, eilt!\u201c, h\u00f6rte man Ruyvens ruhige Stimme. Doch wer ihn kannte  wusste, wie angespannt er eigentlich war.<br>\u201eWir brauchen f\u00fcr jeden  der Leronyn ein wirklich schnelles Pferd, h\u00f6rt ihr!\u201c, erkl\u00e4rte Mariella  Delleray dem Stallmeister bestimmt. Ihr Dasein war so wichtig, denn die  allgemeine Nervosit\u00e4t der Anwesenden \u00fcbertrug sich bereits auf die  Tiere.<br>\u201eSatteln, Junge, satteln\u2026.und das muss z\u00fcgig gehen\u201c, der  Stallmeister trieb seinen Burschen an. Schwei\u00df stand auf seiner Stirn.  Es kam nicht oft vor, dass sich die Leronyn des Arilinnturms so  zahlreich in seinen Stallungen aufhielten und dass der gro\u00dfe Ruyven von  Arilinn h\u00f6chst pers\u00f6nlich hier war, zeigte nur um so mehr, wie wichtig  die Angelegenheit war. <br>Es wurden Satteltaschen gepackt, Gurte  gezurrt, Halfter angelegt, \u00fcberall herrschte ein gesch\u00e4ftiges und  aufgebracht-nerv\u00f6ses Treiben.<br>Ein Pferd stieg hoch und Mariella und die Stallburschen hatten alle H\u00e4nde voll zu tun, die Tiere ruhig zu halten. <br>Schlie\u00dflich zogen sich drei Laranzuin und eine Leronis auf den R\u00fccken ihrer Pferde.<br>Ruyven von Arilinn nickte ihnen zu.<br>\u201eReitet schnell!\u201c<br>Alaric, einer der Novizen kaute nerv\u00f6s auf seiner Unterlippe.<br>\u201eEs sind 3 Tagesritte bis Thendara, das schaffen sie nie\u2026\u2026.\u201c <\/p>\n\n\n\n<h4 class=\"wp-block-heading\">3. IT-Text<\/h4>\n\n\n\n<p>Seamus von Tramontana stand in der gro\u00dfen Relaiskammer von Tramontana und \u00fcberpr\u00fcfte eigens das eben Geh\u00f6rte.<br>\u201eHali  ist nicht erreichbar, Arilinn hat technische Probleme mit eigentlich  allem und Thendara...Thendara scheint wie von den Relais abgeschnitten\u201c,  hatte ihm Rannirl eiligst mitgeteilt.<br>\u201eEs ist, als ob es die Stadt  einfach nicht mehr geben w\u00fcrde. So etwas habe ich noch nie gesehen.\u201c.  Sein Techniker war nerv\u00f6s und sichtlich verwirrt \u00fcber die Tatsache.<br>Einer der \u00dcberwacher, Beltran, stand zwei Schritte entfernt und pr\u00fcfte aufmerksam die k\u00f6rperliche Verfassung seines Bewahrers. <br>Seamus war hochkonzentriert, schlie\u00dflich aber lachte er leise und sch\u00fcttelte den Kopf.<br>\u201eEigentlich  m\u00fcsste ich Blumen schicken\u2026.so ich w\u00fcsste, wer das vollbracht hat, ohne  dass auch nur ein Laranzu etwas bemerkt hat!\u201c<br>Doch er wurde wieder ernst und sah zum diensthabenden Techniker. <br>\u201eSobald  Thendara auf den Relais wieder zu sehen oder zu erreichen ist oder  einer der beiden anderen T\u00fcrme, m\u00f6chte ich sofort Bescheid bekommen,  Rannirl! Und zwar ohne Umwege! Ich bin\u2026..\u201c Seamus von Tramontana dachte  einen Moment nach. <br>\u201e\u2026..in meiner Bibliothek!\u201c <\/p>\n\n\n\n<h4 class=\"wp-block-heading\"> 4. IT Text<\/h4>\n\n\n\n<p>\u201eEs  war einfach wunderbar \u00fcber die Ebenen zu galoppieren und sich den Wind  um die Nase wehen zu lassen\u201c, rief er gut gelaunt und stieg lachend vom  R\u00fccken der Fuchsstute. Steven, der Stallmeister nahm dem jungen  Techniker die Z\u00fcgel aus der Hand. \u201eDas freut mich, vai Dom, das freut  mich\u2026..\u201c<br>Lyondri Castamir bedankte sich \u00fcberschw\u00e4nglich und machte sich fr\u00f6hlich pfeifend auf den Weg zur\u00fcck in den Turm.<br>Die  Arbeit war anstrengend, irgendwie mehr als sonst und er war froh, dass  er Judyths Rat befolgt hatte und eine Stunde lang ohne Ziel ausgeritten  war.<br>'Ich bin wieder da\u2026.' meldete er sich mental bei Judyth zur\u00fcck  und stieg in den Aufzug, der ihn zu den Relais bringen w\u00fcrde. Ausgeruht  konnte er seinen jetzigen Dienst p\u00fcnktlich antreten. Erst als er das   gro\u00dfe Relais leer vorfand und auch sonst niemanden davor oder im Flur  antraf, begann Lyondri sich zu wundern. Auch sein mentales R\u00fcckmelden  war ohne Resonanz geblieben. <br>'Judyth?', versuchte er die erste Technikerin des Turms zu Hali zu erreichen, doch auch diesmal kam keine Antwort.<br>Stirnrunzelnd sp\u00fcrte er tiefer und versuchte die ihm so bekannte Signatur zu erreichen. Doch ihre Suite war abged\u00e4mpft.<br>Lyondri  zuckte die Schultern und begann seinen Dienst an den Relais. Wieder hob  er verwundert die Brauen, denn das gro\u00dfe Relais des Turms war  abgeschaltet. <br>Hatte er eine diesbez\u00fcgliche Anweisung verpasst? War  gerade einer der Kreise intensiv am arbeiten? Lyondri stand auf und fuhr  sich durch seine dunkelblonden Locken.<br>Da Judyth nicht zu erreichen  war, versuchte er es bei einem anderen Mitglied seines Kreises.  'Sylvana?' - Stille! 'Valentin?' - Stille<br>Lyondris Mund wurde  trocken, es musste doch irgendjemand zu erreichen sein? Doch auch  weitere Versuche blieben Erfolglos. Es war absolut niemand mental zu  erreichen.<br>Er verlie\u00df die Relais-Kammer und fuhr 2 Stockwerke nach  unten, dann ging er durch den gl\u00e4sernen Quergang in den Nebenturm zu den  Suiten der Turmmitglieder.<br>Jede der Suiten im vierten Stock war ged\u00e4mpft.<br>Lyondri  klopfte dennoch an und err\u00f6tete, als er die T\u00fcr einen Spalt \u00f6ffnete und  Valentin und Shaya in einer eindeutigen Position sah. Die beiden hatten  ihn nicht einmal bemerkt. Er schloss die T\u00fcr und klopfte an der  n\u00e4chsten Suite.<br>Mit weit aufgerissenen Augen lie\u00df sich Lyondri Castamir an der Wand herunter gleiten und starrte verwirrt ins Leere.<br>'Bei  Aldones, was ist hier los\u2026 es kann doch nicht sein, dass sich ganz Hali  gerade dem Liebesspiel hingibt und hierf\u00fcr s\u00e4mtliche Relais  abgeschaltet!'<br>Lyondri atmete tief durch, ging den Ganz entlang und eine Treppe nach unten. Dort waren die Suiten der Bewahrer. <br>Das gleiche wie eben zuvor, alle f\u00fcnf Suiten waren ged\u00e4mpft. <br>Er straffte die Schultern, reckte das Kinn und klopfte an der T\u00fcr von Domenic von Hali. Stille.<br>Schluckend \u00f6ffnete Lyondri die T\u00fcr und sah den 1. Bewahrer von Hali zusammen mit Sylvana im wilden Liebesspiel.<br>Mit  hochroten Wangen ging er an das gro\u00dfe Bett und versuchte die  Aufmerksamkeit Domenics auf sich zu ziehen \u2013 'Domenic...DOMENIC'<br>Was  grundlegend bizarr genug war \u2013 jedoch keinerlei Erfolg mit sich brachte,  au\u00dfer einem mentalen Rauswurf seitens des Bewahrers.<br>'Raus hier!!'<br>Eilig  verlie\u00df Lyondri die Suite und schloss die T\u00fcr hinter sich. Wieder sank  er an der Wand hinab, die Wangen ger\u00f6tet und Verzweiflung im Blick.<br>'Was bei Zandrus sieben H\u00f6llen TU ich denn jetzt\u2026..??' <\/p>\n","protected":false},"excerpt":{"rendered":"<p>Plot zur Fr\u00fchjahres-Con 1. IT-Text Cassandra rieb sich m\u00fcde die Schl\u00e4fen und g\u00e4hnte. Die Arbeit im Kreis war anstrengend und die Technikerin freute sich auf ihr Bett.\u201aCassandra!?\u2018 Sie l\u00e4chelte mild, die resolute Stimme in ihrem Geist kannte sie nur zu gut.\u201aDeionora\u2026.was kann ich f\u00fcr dich tun\u2018Ohne Umschweife begann Lady Alton das mentale Gespr\u00e4ch mit ihrer <a href=\"https:\/\/www.darkover-con.de\/?page_id=2575\" class=\"more-link\">...weiterlesen<span class=\"screen-reader-text\"> \"2018 &#8211; Fr\u00fchjahr\"<\/span><\/a><\/p>\n","protected":false},"author":4,"featured_media":0,"parent":1222,"menu_order":32,"comment_status":"closed","ping_status":"closed","template":"","meta":{"footnotes":""},"class_list":["post-2575","page","type-page","status-publish","h-entry","hentry","h-as-page"],"_links":{"self":[{"href":"https:\/\/www.darkover-con.de\/index.php?rest_route=\/wp\/v2\/pages\/2575","targetHints":{"allow":["GET"]}}],"collection":[{"href":"https:\/\/www.darkover-con.de\/index.php?rest_route=\/wp\/v2\/pages"}],"about":[{"href":"https:\/\/www.darkover-con.de\/index.php?rest_route=\/wp\/v2\/types\/page"}],"author":[{"embeddable":true,"href":"https:\/\/www.darkover-con.de\/index.php?rest_route=\/wp\/v2\/users\/4"}],"replies":[{"embeddable":true,"href":"https:\/\/www.darkover-con.de\/index.php?rest_route=%2Fwp%2Fv2%2Fcomments&post=2575"}],"version-history":[{"count":2,"href":"https:\/\/www.darkover-con.de\/index.php?rest_route=\/wp\/v2\/pages\/2575\/revisions"}],"predecessor-version":[{"id":2577,"href":"https:\/\/www.darkover-con.de\/index.php?rest_route=\/wp\/v2\/pages\/2575\/revisions\/2577"}],"up":[{"embeddable":true,"href":"https:\/\/www.darkover-con.de\/index.php?rest_route=\/wp\/v2\/pages\/1222"}],"wp:attachment":[{"href":"https:\/\/www.darkover-con.de\/index.php?rest_route=%2Fwp%2Fv2%2Fmedia&parent=2575"}],"curies":[{"name":"wp","href":"https:\/\/api.w.org\/{rel}","templated":true}]}}