{"id":2678,"date":"2019-07-06T20:57:21","date_gmt":"2019-07-06T19:57:21","guid":{"rendered":"http:\/\/www.darkover-con.de\/?page_id=2678"},"modified":"2019-07-06T21:07:16","modified_gmt":"2019-07-06T20:07:16","slug":"umgangsformen","status":"publish","type":"page","link":"https:\/\/www.darkover-con.de\/?page_id=2678","title":{"rendered":"Umgangsformen"},"content":{"rendered":"\n<ul class=\"wp-block-list\"><li>Telepathen ber\u00fchren einander selten in der \u00d6ffentlichkeit<\/li><li>Freunde und Verwandte begr\u00fc\u00dfen sich, in dem sie sich nur an den Fingerspitzen ber\u00fchren<\/li><li>Gesellschaftlich h\u00f6her gestellten Personen ist jederzeit der geb\u00fchrende Respekt zu zollen. \u00a0Man widerspricht keinem Comyn und schon gar nicht in der \u00d6ffentlichkeit.<\/li><li>Als Nicht-Comyn begegnet man einem Comyn mit nahezu ehrf\u00fcrchtigem Respekt<\/li><li>Ein Nicht-Comyn spricht einen Comyn in der 3. Person an \u2013 \u201eIhrzen\u201c<\/li><li>Die j\u00fcngere Generation \u201eIhrzt\u201c die \u00e4ltere Generation<\/li><\/ul>\n\n\n\n<p class=\"has-text-color has-small-font-size has-cyan-bluish-gray-color\"><em>m\u00e1s descripciones en progreso \u2026<\/em><\/p>\n","protected":false},"excerpt":{"rendered":"<p>Telepathen ber\u00fchren einander selten in der \u00d6ffentlichkeit Freunde und Verwandte begr\u00fc\u00dfen sich, in dem sie sich nur an den Fingerspitzen ber\u00fchren Gesellschaftlich h\u00f6her gestellten Personen ist jederzeit der geb\u00fchrende Respekt zu zollen. \u00a0Man widerspricht keinem Comyn und schon gar nicht in der \u00d6ffentlichkeit. Als Nicht-Comyn begegnet man einem Comyn mit nahezu ehrf\u00fcrchtigem Respekt Ein Nicht-Comyn <a href=\"https:\/\/www.darkover-con.de\/?page_id=2678\" class=\"more-link\">...weiterlesen<span class=\"screen-reader-text\"> \"Umgangsformen\"<\/span><\/a><\/p>\n","protected":false},"author":4,"featured_media":0,"parent":2272,"menu_order":1,"comment_status":"closed","ping_status":"closed","template":"","meta":{"footnotes":""},"class_list":["post-2678","page","type-page","status-publish","h-entry","hentry","h-as-page"],"_links":{"self":[{"href":"https:\/\/www.darkover-con.de\/index.php?rest_route=\/wp\/v2\/pages\/2678","targetHints":{"allow":["GET"]}}],"collection":[{"href":"https:\/\/www.darkover-con.de\/index.php?rest_route=\/wp\/v2\/pages"}],"about":[{"href":"https:\/\/www.darkover-con.de\/index.php?rest_route=\/wp\/v2\/types\/page"}],"author":[{"embeddable":true,"href":"https:\/\/www.darkover-con.de\/index.php?rest_route=\/wp\/v2\/users\/4"}],"replies":[{"embeddable":true,"href":"https:\/\/www.darkover-con.de\/index.php?rest_route=%2Fwp%2Fv2%2Fcomments&post=2678"}],"version-history":[{"count":2,"href":"https:\/\/www.darkover-con.de\/index.php?rest_route=\/wp\/v2\/pages\/2678\/revisions"}],"predecessor-version":[{"id":2680,"href":"https:\/\/www.darkover-con.de\/index.php?rest_route=\/wp\/v2\/pages\/2678\/revisions\/2680"}],"up":[{"embeddable":true,"href":"https:\/\/www.darkover-con.de\/index.php?rest_route=\/wp\/v2\/pages\/2272"}],"wp:attachment":[{"href":"https:\/\/www.darkover-con.de\/index.php?rest_route=%2Fwp%2Fv2%2Fmedia&parent=2678"}],"curies":[{"name":"wp","href":"https:\/\/api.w.org\/{rel}","templated":true}]}}