{"id":2704,"date":"2019-07-28T10:38:07","date_gmt":"2019-07-28T09:38:07","guid":{"rendered":"http:\/\/www.darkover-con.de\/?page_id=2704"},"modified":"2019-07-28T10:57:52","modified_gmt":"2019-07-28T09:57:52","slug":"the-first-10-years","status":"publish","type":"page","link":"https:\/\/www.darkover-con.de\/?page_id=2704","title":{"rendered":"the first 10 years"},"content":{"rendered":"\n<p>Um die Navigation etwas zu entzerren, haben wir die ersten zehn Jahre der Darkover-Cons in diese Unterseite gepackt.<\/p>\n\n\n\n<p>Hier also alle Plotausschreibungen und Berichte der Jahre 2002 bis 2012<\/p>\n\n\n\n<table class=\"wp-block-table is-style-stripes\"><tbody><tr><td><a href=\"https:\/\/www.darkover-con.de\/?page_id=131\">2002 - Fr\u00fchjahr<\/a><\/td><td><a href=\"https:\/\/www.darkover-con.de\/?page_id=1197\">2002 - Herbst<\/a><\/td><td><a href=\"https:\/\/www.darkover-con.de\/?page_id=124\">2003 - Fr\u00fchjahr<\/a><\/td><td><a href=\"https:\/\/www.darkover-con.de\/?page_id=2470\">2003 - Herbst<\/a><\/td><\/tr><tr><td><a href=\"https:\/\/www.darkover-con.de\/?page_id=2481\">2004 - Fr\u00fchjahr<\/a><\/td><td><a href=\"https:\/\/www.darkover-con.de\/?page_id=2484\">2004 - Herbst<\/a><\/td><td><a href=\"https:\/\/www.darkover-con.de\/?page_id=2519\">2005 - Fr\u00fchjahr<\/a><\/td><td><a href=\"https:\/\/www.darkover-con.de\/?page_id=100\">2005 - Herbst<\/a><\/td><\/tr><tr><td><a href=\"https:\/\/www.darkover-con.de\/?page_id=1230\">2006 - Fr\u00fchjahr<\/a><\/td><td><a href=\"https:\/\/www.darkover-con.de\/?page_id=1256\">2006 - Herbst<\/a><\/td><td><a href=\"https:\/\/www.darkover-con.de\/?page_id=1263\">2007 - Fr\u00fchjahr<\/a><\/td><td><a href=\"https:\/\/www.darkover-con.de\/?page_id=1263\">2007 - Herbst<\/a><\/td><\/tr><tr><td><a href=\"https:\/\/www.darkover-con.de\/?page_id=1268\">2008 - Fr\u00fchjahr<\/a><\/td><td><a href=\"https:\/\/www.darkover-con.de\/?page_id=1282\">2008 - Herbst<\/a><\/td><td><a href=\"https:\/\/www.darkover-con.de\/?page_id=2534\">2009 - Fr\u00fchjahr<\/a><\/td><td><a href=\"https:\/\/www.darkover-con.de\/?page_id=1294\">2009 - Herbst<\/a><\/td><\/tr><tr><td><a href=\"https:\/\/www.darkover-con.de\/?page_id=2538\">2010 - Fr\u00fchjahr<\/a><\/td><td><a href=\"https:\/\/www.darkover-con.de\/?page_id=1297\">2010 - Herbst<\/a><\/td><td><a href=\"https:\/\/www.darkover-con.de\/?page_id=1307\">2011 - Fr\u00fchjahr<\/a><\/td><td><a href=\"https:\/\/www.darkover-con.de\/?page_id=2546\">2011 - Herbst<\/a><\/td><\/tr><tr><td><a href=\"https:\/\/www.darkover-con.de\/?page_id=2550\">2012 - Fr\u00fchjahr<\/a><\/td><td><a href=\"https:\/\/www.darkover-con.de\/?page_id=2550\">2012 - Herbst<\/a><\/td><td><\/td><td><\/td><\/tr><\/tbody><\/table>\n\n\n\n<hr class=\"wp-block-separator\"\/>\n\n\n\n<p class=\"has-text-color has-small-font-size has-cyan-bluish-gray-color\"><em>Danke an Linnea f\u00fcr den Hinweis, dass die Navigation der Vergangenen Cons einfach zu lang war ... was treffen wir uns auch sooooo lange ... ist ja unm\u00f6glich \ud83d\ude09<\/em><\/p>\n","protected":false},"excerpt":{"rendered":"<p>Um die Navigation etwas zu entzerren, haben wir die ersten zehn Jahre der Darkover-Cons in diese Unterseite gepackt. Hier also alle Plotausschreibungen und Berichte der Jahre 2002 bis 2012 2002 - Fr\u00fchjahr 2002 - Herbst 2003 - Fr\u00fchjahr 2003 - Herbst 2004 - Fr\u00fchjahr 2004 - Herbst 2005 - Fr\u00fchjahr 2005 - Herbst 2006 - <a href=\"https:\/\/www.darkover-con.de\/?page_id=2704\" class=\"more-link\">...weiterlesen<span class=\"screen-reader-text\"> \"the first 10 years\"<\/span><\/a><\/p>\n","protected":false},"author":4,"featured_media":0,"parent":1222,"menu_order":0,"comment_status":"closed","ping_status":"closed","template":"","meta":{"footnotes":""},"class_list":["post-2704","page","type-page","status-publish","h-entry","hentry","h-as-page"],"_links":{"self":[{"href":"https:\/\/www.darkover-con.de\/index.php?rest_route=\/wp\/v2\/pages\/2704","targetHints":{"allow":["GET"]}}],"collection":[{"href":"https:\/\/www.darkover-con.de\/index.php?rest_route=\/wp\/v2\/pages"}],"about":[{"href":"https:\/\/www.darkover-con.de\/index.php?rest_route=\/wp\/v2\/types\/page"}],"author":[{"embeddable":true,"href":"https:\/\/www.darkover-con.de\/index.php?rest_route=\/wp\/v2\/users\/4"}],"replies":[{"embeddable":true,"href":"https:\/\/www.darkover-con.de\/index.php?rest_route=%2Fwp%2Fv2%2Fcomments&post=2704"}],"version-history":[{"count":4,"href":"https:\/\/www.darkover-con.de\/index.php?rest_route=\/wp\/v2\/pages\/2704\/revisions"}],"predecessor-version":[{"id":2709,"href":"https:\/\/www.darkover-con.de\/index.php?rest_route=\/wp\/v2\/pages\/2704\/revisions\/2709"}],"up":[{"embeddable":true,"href":"https:\/\/www.darkover-con.de\/index.php?rest_route=\/wp\/v2\/pages\/1222"}],"wp:attachment":[{"href":"https:\/\/www.darkover-con.de\/index.php?rest_route=%2Fwp%2Fv2%2Fmedia&parent=2704"}],"curies":[{"name":"wp","href":"https:\/\/api.w.org\/{rel}","templated":true}]}}