{"id":2740,"date":"2019-07-28T13:52:12","date_gmt":"2019-07-28T12:52:12","guid":{"rendered":"http:\/\/www.darkover-con.de\/?page_id=2740"},"modified":"2019-07-28T13:52:12","modified_gmt":"2019-07-28T12:52:12","slug":"waldbraende-feuerfrieden","status":"publish","type":"page","link":"https:\/\/www.darkover-con.de\/?page_id=2740","title":{"rendered":"Waldbr\u00e4nde &#038; Feuerfrieden"},"content":{"rendered":"\n<p>Waldbr\u00e4nde sind auf Darkover eine gro\u00dfe und allgegenw\u00e4rtige\nGefahr \u2013 insbesondere in den bewaldeten Kilghard-Bergen. Die harzreichen B\u00e4ume\ngeraten schnell in Brand und die sich ausbreitenden Feuer vernichten Wald- und\nAckerland und somit auch Ernten und die Lebensgrundlage ganzer Familien und\nD\u00f6rfer. <\/p>\n\n\n\n<p>Um ausbrechende Br\u00e4nde schnellstm\u00f6glich bek\u00e4mpfen zu k\u00f6nnen,\nwurde ein Netz aus Beobachtungsstationen auf den H\u00fcgelk\u00e4mmen errichtet. Diese\nstehen untereinander in st\u00e4ndigem Kontakt. <\/p>\n\n\n\n<p>Bricht ein Feuer aus, hilft jeder nach Kr\u00e4ften die Gefahr zu\nbek\u00e4mpfen - ungeachtet seines Standes. Familienfehden und pers\u00f6nliche Zwiste\nruhen, bis das Feuer gel\u00f6scht ist. Freund und Feind arbeiten Seite an <a>S<\/a>eite. <\/p>\n\n\n\n<p>Dieser Feuerfriede wird auf Darkover allgemein beachtet und\nist zwingend erforderlich, um der Gef\u00e4hrdung durch Waldbr\u00e4nde zu begegnen. <\/p>\n\n\n\n<p>Das vors\u00e4tzliche Legen eines Waldbrandes gilt als eines der gr\u00f6\u00dften Verbrechen. Die Strafe hierf\u00fcr - vor allem bei der Ertappung auf frischer Tat - ist die sofortige Hinrichtung durch den Strang. <\/p>\n","protected":false},"excerpt":{"rendered":"<p>Waldbr\u00e4nde sind auf Darkover eine gro\u00dfe und allgegenw\u00e4rtige Gefahr \u2013 insbesondere in den bewaldeten Kilghard-Bergen. Die harzreichen B\u00e4ume geraten schnell in Brand und die sich ausbreitenden Feuer vernichten Wald- und Ackerland und somit auch Ernten und die Lebensgrundlage ganzer Familien und D\u00f6rfer. Um ausbrechende Br\u00e4nde schnellstm\u00f6glich bek\u00e4mpfen zu k\u00f6nnen, wurde ein Netz aus Beobachtungsstationen auf <a href=\"https:\/\/www.darkover-con.de\/?page_id=2740\" class=\"more-link\">...weiterlesen<span class=\"screen-reader-text\"> \"Waldbr\u00e4nde &#038; Feuerfrieden\"<\/span><\/a><\/p>\n","protected":false},"author":4,"featured_media":0,"parent":2272,"menu_order":0,"comment_status":"closed","ping_status":"closed","template":"","meta":{"footnotes":""},"class_list":["post-2740","page","type-page","status-publish","h-entry","hentry","h-as-page"],"_links":{"self":[{"href":"https:\/\/www.darkover-con.de\/index.php?rest_route=\/wp\/v2\/pages\/2740","targetHints":{"allow":["GET"]}}],"collection":[{"href":"https:\/\/www.darkover-con.de\/index.php?rest_route=\/wp\/v2\/pages"}],"about":[{"href":"https:\/\/www.darkover-con.de\/index.php?rest_route=\/wp\/v2\/types\/page"}],"author":[{"embeddable":true,"href":"https:\/\/www.darkover-con.de\/index.php?rest_route=\/wp\/v2\/users\/4"}],"replies":[{"embeddable":true,"href":"https:\/\/www.darkover-con.de\/index.php?rest_route=%2Fwp%2Fv2%2Fcomments&post=2740"}],"version-history":[{"count":1,"href":"https:\/\/www.darkover-con.de\/index.php?rest_route=\/wp\/v2\/pages\/2740\/revisions"}],"predecessor-version":[{"id":2741,"href":"https:\/\/www.darkover-con.de\/index.php?rest_route=\/wp\/v2\/pages\/2740\/revisions\/2741"}],"up":[{"embeddable":true,"href":"https:\/\/www.darkover-con.de\/index.php?rest_route=\/wp\/v2\/pages\/2272"}],"wp:attachment":[{"href":"https:\/\/www.darkover-con.de\/index.php?rest_route=%2Fwp%2Fv2%2Fmedia&parent=2740"}],"curies":[{"name":"wp","href":"https:\/\/api.w.org\/{rel}","templated":true}]}}