{"id":320,"date":"2009-05-17T11:38:25","date_gmt":"2009-05-17T10:38:25","guid":{"rendered":"http:\/\/www.darkover-con.de\/?page_id=320"},"modified":"2025-11-16T15:03:05","modified_gmt":"2025-11-16T14:03:05","slug":"plot-aktuell","status":"publish","type":"page","link":"https:\/\/www.darkover-con.de\/?page_id=320","title":{"rendered":"Plot aktuell"},"content":{"rendered":"\n<p style=\"font-style:italic;font-weight:700\">Plotinfos f\u00fcr Fr\u00fchjahr 2026 folgen<\/p>\n\n\n\n<hr class=\"wp-block-separator has-alpha-channel-opacity\"\/>\n\n\n\n<p><\/p>\n\n\n\n<p>F\u00fcr Fragen, Unklarheiten etc. erreicht ihr die Plotplanung per Email unter <a href=\"https:\/\/www.darkover-con.de\/?page_id=14\">Plotplanung<\/a>.<\/p>\n\n\n\n<p>Charakterblatt und Regelwerk findet ihr <a href=\"https:\/\/www.darkover-con.de\/?page_id=148\"><strong>hier<\/strong><\/a>. <\/p>\n\n\n\n<p class=\"has-text-align-center\"> ~*~ <\/p>\n\n\n\n<p>Falls ihr einen neuen Charakter erstellen wollt oder generell neu seid, wendet euch bitte bez\u00fcglich der Abstimmung an die <a href=\"https:\/\/www.darkover-con.de\/?page_id=14\" data-type=\"page\" data-id=\"14\">Plotplanung<\/a><br>Einblicke in die bestehenden Stammb\u00e4ume findet ihr im&nbsp;<a href=\"http:\/\/darkover-con.forenverzeichnis.com\/\">Forum<\/a>.<\/p>\n\n\n\n<hr class=\"wp-block-separator has-css-opacity\"\/>\n\n\n\n<p class=\"has-vivid-red-color has-text-color has-small-font-size\"><em><br>Bitte schickt der Plotplanung vollst\u00e4ndig ausgef\u00fcllte Charakterbl\u00e4tter zu, so als w\u00fcrde sie auch altgedienten Charaktere<strong> nicht <\/strong>kennen.<\/em><br><em>F\u00fcr die \"Archivierung\" und Aktualit\u00e4t des eigenen Charakterblattes ist jeder Spieler selbst verantwortlich. <\/em><\/p>\n\n\n\n<p><\/p>\n","protected":false},"excerpt":{"rendered":"<p>Plotinfos f\u00fcr Fr\u00fchjahr 2026 folgen F\u00fcr Fragen, Unklarheiten etc. erreicht ihr die Plotplanung per Email unter Plotplanung. Charakterblatt und Regelwerk findet ihr hier. ~*~ Falls ihr einen neuen Charakter erstellen wollt oder generell neu seid, wendet euch bitte bez\u00fcglich der Abstimmung an die PlotplanungEinblicke in die bestehenden Stammb\u00e4ume findet ihr im&nbsp;Forum. Bitte schickt der Plotplanung <a href=\"https:\/\/www.darkover-con.de\/?page_id=320\" class=\"more-link\">...weiterlesen<span class=\"screen-reader-text\"> \"Plot aktuell\"<\/span><\/a><\/p>\n","protected":false},"author":4,"featured_media":0,"parent":11,"menu_order":2,"comment_status":"closed","ping_status":"closed","template":"","meta":{"footnotes":""},"class_list":["post-320","page","type-page","status-publish","h-entry","hentry","h-as-page"],"_links":{"self":[{"href":"https:\/\/www.darkover-con.de\/index.php?rest_route=\/wp\/v2\/pages\/320","targetHints":{"allow":["GET"]}}],"collection":[{"href":"https:\/\/www.darkover-con.de\/index.php?rest_route=\/wp\/v2\/pages"}],"about":[{"href":"https:\/\/www.darkover-con.de\/index.php?rest_route=\/wp\/v2\/types\/page"}],"author":[{"embeddable":true,"href":"https:\/\/www.darkover-con.de\/index.php?rest_route=\/wp\/v2\/users\/4"}],"replies":[{"embeddable":true,"href":"https:\/\/www.darkover-con.de\/index.php?rest_route=%2Fwp%2Fv2%2Fcomments&post=320"}],"version-history":[{"count":137,"href":"https:\/\/www.darkover-con.de\/index.php?rest_route=\/wp\/v2\/pages\/320\/revisions"}],"predecessor-version":[{"id":3564,"href":"https:\/\/www.darkover-con.de\/index.php?rest_route=\/wp\/v2\/pages\/320\/revisions\/3564"}],"up":[{"embeddable":true,"href":"https:\/\/www.darkover-con.de\/index.php?rest_route=\/wp\/v2\/pages\/11"}],"wp:attachment":[{"href":"https:\/\/www.darkover-con.de\/index.php?rest_route=%2Fwp%2Fv2%2Fmedia&parent=320"}],"curies":[{"name":"wp","href":"https:\/\/api.w.org\/{rel}","templated":true}]}}