{"id":3357,"date":"2023-11-25T16:52:29","date_gmt":"2023-11-25T15:52:29","guid":{"rendered":"https:\/\/www.darkover-con.de\/?page_id=3357"},"modified":"2023-11-25T16:52:29","modified_gmt":"2023-11-25T15:52:29","slug":"2023-herbst","status":"publish","type":"page","link":"https:\/\/www.darkover-con.de\/?page_id=3357","title":{"rendered":"2023 &#8211; Herbst"},"content":{"rendered":"\n<p><em>Die Koordination des \"Nicht-Plots\" eines Zusammentreffens in der Taverne \"Zum gl\u00fccklichen Schaf\" lag in den H\u00e4nden von Rohana und Caillean, sowie Lia als \"Hilde\", der Wirtin der besagten Taverne.<br>Obwohl es keinen Plot geben sollten, haben sich die beiden sehr viel M\u00fche gegeben und uns mit \"Kaffee kochen zur Befreiung Monyas aus einer Kaffee-Kannen-Tardis\" gut besch\u00e4ftigt. \ud83d\ude09<\/em><\/p>\n\n\n\n<h3 class=\"wp-block-heading\"><strong>OT-Text<\/strong><\/h3>\n\n\n<div class=\"wp-block-image\">\n<figure class=\"alignright size-full is-resized\"><img loading=\"lazy\" decoding=\"async\" width=\"651\" height=\"400\" src=\"https:\/\/www.darkover-con.de\/wp-content\/uploads\/2022\/12\/Darkover-Plot-04-2023_04-Kopie.jpg\" alt=\"\" class=\"wp-image-3247\" style=\"width:264px;height:162px\" srcset=\"https:\/\/www.darkover-con.de\/wp-content\/uploads\/2022\/12\/Darkover-Plot-04-2023_04-Kopie.jpg 651w, https:\/\/www.darkover-con.de\/wp-content\/uploads\/2022\/12\/Darkover-Plot-04-2023_04-Kopie-300x184.jpg 300w\" sizes=\"auto, (max-width: 651px) 100vw, 651px\" \/><\/figure><\/div>\n\n\n<p>Nun steht also die Er\u00f6ffnung der im letzten Plot angedachten Taverne an.<\/p>\n\n\n\n<p>Das Setting ist demnach wieder das neue Haus der Schwertschwestern nahe der Grenze zu den Trockenst\u00e4dten. Es liegt an einer Nebenstrecke der Handelsroute nach Dalereuth.<\/p>\n\n\n\n<p>Jeder Reisende ist hier ebenso willkommen wie Nachbarn, Bauern aus der Gegend oder H\u00e4ndler, so lange er den Frieden der Taverne wahrt und f\u00fcr sein Bier bezahlt.<\/p>\n\n\n\n<p>Es wird ein Low-Level-Plot, bei dem das Charakterspiel im Vordergrund stehen soll. Wir sehen uns diesmal eher als \u201e<em>Plotkoordinatoren<\/em>\u201c denn als Plotplanung. Aber auch wenn es evtl. den ein oder anderen Plotschnipsel&nbsp;von uns geben k\u00f6nnte - bringt euch auch euren \u201e<em>eigenen<\/em>\u201c Plot mit!<\/p>\n\n\n<div class=\"wp-block-image\">\n<figure class=\"alignright size-full is-resized\"><img loading=\"lazy\" decoding=\"async\" width=\"400\" height=\"600\" src=\"https:\/\/www.darkover-con.de\/wp-content\/uploads\/2022\/12\/Darkover-Plot-04-2023_06-Kopie.jpg\" alt=\"\" class=\"wp-image-3243\" style=\"width:209px;height:314px\" srcset=\"https:\/\/www.darkover-con.de\/wp-content\/uploads\/2022\/12\/Darkover-Plot-04-2023_06-Kopie.jpg 400w, https:\/\/www.darkover-con.de\/wp-content\/uploads\/2022\/12\/Darkover-Plot-04-2023_06-Kopie-200x300.jpg 200w\" sizes=\"auto, (max-width: 400px) 100vw, 400px\" \/><\/figure><\/div>\n\n\n<p>\u00dcberlegt euch, warum euer Chara in dieser Gegend ist \u2013 vielleicht stolpert ihr zuf\u00e4llig \u00fcber die T\u00fcrschwelle, vielleicht habt ihr aber auch von der neuen Taverne geh\u00f6rt und wollt sie euch mal ansehen. Und nat\u00fcrlich k\u00f6nnt ihr auch gerne mit mehr als einem Chara kommen.<\/p>\n\n\n\n<p>Es wird in K\u00fcrze noch den ein oder anderen Einstimmungstext geben, der euch vielleicht bei der Ausgestaltung der Charaktere bzw. euren eigenen Ideen f\u00fcr den Plot unterst\u00fctzt.<\/p>\n\n\n\n<p>Bitte schickt uns eure Charab\u00f6gen bis zum <strong><em>06.09.2023<\/em><\/strong> \u2013 auch wenn das Charakterspiel und eure eigenen Plots diesmal im Mittelpunkt stehen sollen, m\u00f6chten wir gerne darauf eingehen.<\/p>\n\n\n\n<p>Und wenn euch absolut nichts einfallen will oder ihr unsere Unterst\u00fctzung braucht \u2013 sprecht uns an.<\/p>\n\n\n\n<p>Wir freuen uns auf eure Ideen!<\/p>\n\n\n\n<p>Eure Plotkoordinatoren<\/p>\n\n\n\n<p>Rohana, Caillean und \u201eHilde\u201c<\/p>\n\n\n\n<h3 class=\"wp-block-heading\"><strong>IT-Text<\/strong><\/h3>\n\n\n\n<p>Hilde klopfte die staubigen H\u00e4nde an der Sch\u00fcrze ab und trat einen Schritt zur\u00fcck, um ihr Werk zu betrachten. Neben den gro\u00dfen Lettern \u201eZum gl\u00fccklichen Schaf\u201c prangte ein grinsender Schafskopf auf dem neuen Tavernenschild. <br>Das war ihr doch gut gelungen, fand Hilde.<\/p>\n\n\n<div class=\"wp-block-image\">\n<figure class=\"alignleft size-full is-resized\"><img loading=\"lazy\" decoding=\"async\" width=\"400\" height=\"533\" src=\"https:\/\/www.darkover-con.de\/wp-content\/uploads\/2022\/12\/Darkover-Plot-04-2023_08-Kopie.jpg\" alt=\"\" class=\"wp-image-3245\" style=\"width:219px;height:292px\" srcset=\"https:\/\/www.darkover-con.de\/wp-content\/uploads\/2022\/12\/Darkover-Plot-04-2023_08-Kopie.jpg 400w, https:\/\/www.darkover-con.de\/wp-content\/uploads\/2022\/12\/Darkover-Plot-04-2023_08-Kopie-225x300.jpg 225w\" sizes=\"auto, (max-width: 400px) 100vw, 400px\" \/><\/figure><\/div>\n\n\n<p>Um den Namen der Taverne hatte es hitzige Diskussionen gegeben bevor sie sich schlie\u00dflich auf das \u201egl\u00fcckliche Schaf\u201c geeinigt hatten.<\/p>\n\n\n\n<p>Seit ihnen im vergangenen Fr\u00fchjahr die Idee mit der Taverne gekommen war hatten sie und die anderen Frauen unerm\u00fcdlich gearbeitet, um das halbverfallene Geb\u00e4ude herzurichten, sie hatte Bier gebraut und bei einem vorbeiziehenden H\u00e4ndler Kr\u00fcge und Geschirr gekauft.<\/p>\n\n\n\n<p>Und als absehbar war, dass sie bis Samhain fertig werden w\u00fcrden, hatten sie die Nachricht verbreitet, dass hier eine Taverne \u00f6ffnen w\u00fcrde und Reisende auch eine Unterkunft f\u00fcr die Nacht finden w\u00fcrden.<\/p>\n\n\n\n<p>Nun mussten nur noch G\u00e4ste kommen \u2026<\/p>\n\n\n\n<p>Hilde schaute noch einmal die Stra\u00dfe hinunter, bevor sie wieder ins Haus ging um sich um den Eintopf zu k\u00fcmmern.<\/p>\n\n\n\n<h2 class=\"wp-block-heading\">Plot - Einstimmungstexte<\/h2>\n\n\n\n<h3 class=\"wp-block-heading\">Aillard<\/h3>\n\n\n\n<p><strong>Part I<\/strong><\/p>\n\n\n\n<p>An einem warmen Tag im Hochsommer ritt ein Bote im Wappenrock von Aillard auf den Marktplatz der kleinen Stadt. Schon w\u00e4hrend er durch die Gassen geritten war hatte er das Horn geblasen um das Volk aufmerksam zu machen, dass es wichtige Neuigkeiten gab. Und es waren ja auch wirklich wichtige Neuigkeiten. Allein beim Gedanken daran straffte er sich im Sattel und hob die Nase noch ein wenig h\u00f6her<\/p>\n\n\n\n<p>Mitten auf dem Platz hielt er sein Pferd an und blickte \u00fcber die sich sammelnde Menge. Er wartete noch einige Augenblicke um den Nachz\u00fcglern aus den umliegenden Vierteln noch etwas Zeit zu geben. Der Ritt war lang und staubig gewesen und so g\u00f6nnte er sich erst noch einen Schluck aus seiner Feldflasche, sonst h\u00e4tte er wom\u00f6glich nur ein Kr\u00e4chzen herausgebracht.<\/p>\n\n\n\n<p>Als nur noch wenige Leute aus den Gassen auf den Platz kamen blies er noch einmal das Horn um die Gespr\u00e4che der versammelten Menge zu beenden. Dann entrollte er mit wichtiger Miene die Schriftrolle und begann mit lauter Stimme:<\/p>\n\n\n\n<p>H\u00f6rt, was unsere Regentin, die hochedle Linnea Aillard verk\u00fcndet:<\/p>\n\n\n\n<p><em>B\u00fcrger von Aillard!<\/em><\/p>\n\n\n\n<p><em>Am 14. Tage des Monats Samiendro wird meine geliebte Nichte und rechtm\u00e4\u00dfige Erbin der Dom\u00e4ne Aillard ihren f\u00fcnfzehnten Geburtstag feiern. Sie erlangt damit die Vollj\u00e4hrigkeit und wird alle ihr als Lady Aillard zustehenden W\u00fcrden sowie Amtsgesch\u00e4fte und Pflichten \u00fcbernehmen.<\/em><\/p>\n\n\n\n<p><em>Die Kr\u00f6nung und Amtseinf\u00fchrung werden auf Burg Aillard stattfinden. Die Tore der Burg stehen jedem offen, der den Feierlichkeiten beiwohnen m\u00f6chte.<\/em><\/p>\n\n\n\n<p><em>Wir erkl\u00e4ren den Tag der Kr\u00f6nung zum allgemeinen Feiertag, an dem ihr zu Ehren und allen B\u00fcrgern zur Freude in jeder Stadt und jedem Dorf der Dom\u00e4ne Jahrm\u00e4rkte und Feiern mit Musik und Tanz stattfinden sollen.<\/em><\/p>\n\n\n\n<p><em>Gezeichnet Linnea Aillard<\/em><\/p>\n\n\n\n<p><em>Regentin der Dom\u00e4ne Aillard<\/em><\/p>\n\n\n\n<p>Der Bote lie\u00df die Schriftrolle sinken und schaute mit gewichtigem Blick \u00fcber die Menge, aus der die \u00fcblichen Hochrufe zu h\u00f6ren waren. Dann rollte er das Schriftst\u00fcck zusammen, verstaute es wieder in seiner Umh\u00e4ngetasche und lenkte sein Pferd zu dem gr\u00f6\u00dferen Geb\u00e4ude am Ende des Platzes, vor dem einige gut gekleidete M\u00e4nner standen. Einer davon musste der B\u00fcrgermeister sein, von dem er sich gerne zu einem Schluck in die Taverne einladen lassen wollte.<br>&nbsp;<\/p>\n\n\n\n<p><strong>Part II<\/strong><\/p>\n\n\n\n<p>Langsam zerstreute sich die Menge auf dem Marktplatz, die gekommen war um die Neuigkeiten zu h\u00f6ren. Nur einzelne Gr\u00fcppchen standen noch zusammen und redeten \u00fcber das soeben Geh\u00f6rte.<\/p>\n\n\n\n<p>\u201eAlso, das sind ja mal Neuigkeiten! H\u00e4ttest Du gedacht, dass sie das wirklich tut?\u201c<\/p>\n\n\n\n<p>\u201eNa, war doch eigentlich abzusehen. Sie war ja schlie\u00dflich die Regentin f\u00fcr ihre Nichte und jetzt, wo die kleine Lady vollj\u00e4hrig wird, muss sie den Thron freimachen.\"<\/p>\n\n\n\n<p>\"Tja, ich hatte schon den Eindruck, dass sie Gefallen an der Macht gefunden hat und den Platz so leicht nicht wieder hergibt.\"<\/p>\n\n\n\n<p>\"Psst! Wenn dich einer h\u00f6rt \u2026 das k\u00f6nnte man dir ja schon fast als Hochverrat auslegen! Ausserdem ist das ziemlich \u00fcbertrieben. Wir k\u00f6nnen uns \u00fcber ihre Regentschaft nun wirklich nicht beschweren. Sie hat sich - und damit auch uns - aus den Streitereien der anderen Dom\u00e4nen herausgehalten und wir hatten all die Jahre ein friedliches Leben. \"<\/p>\n\n\n\n<p>\"Hmm, du hast ja Recht, hoffen wir mal, dass die kleine Lady das auch so handhabt! Du wei\u00dft doch, meine Schwester ist mit diesem Tuchh\u00e4ndler aus Thendara verheiratet. Nachdem dort der junge K\u00f6nig den Thron bestiegen hat, hat er sich in einen Krieg mit Aldaran gest\u00fcrzt und um den zu finanzieren zuerst einmal die Steuern erh\u00f6ht. Da zahlt wieder mal der kleine Mann die Zeche f\u00fcr die Machtgel\u00fcste der Comyn!\"<\/p>\n\n\n\n<p>\"Still jetzt, du redest dich wirklich noch um Kopf und Kragen und bringst mich wom\u00f6glich auch noch mit an den Pranger!\"<\/p>\n\n\n\n<h3 class=\"wp-block-heading\">Tramontana<\/h3>\n\n\n\n<p class=\"has-text-align-left\">Sie griff nach seinem Geist, und auch nach all den Jahren gelang es ihr m\u00fchelos, einen Rapport aufzubauen.<br>Ob er wollte oder nicht.<br>Das war nun einmal Margueridas Gabe. Und Teil ihres Fluches.<br>Ciaran lie\u00df es geschehen, und als seine \u201eSchwester\u201c mit ihm fertig war, seufzte er tief.<br>Wie w\u00fcrde er das Seamus beibringen?<br>Und war das, was Marguerida ihm mitgeteilt hatte, wirklich die wahrscheinlichste Variante, oder nur die, die Istvana am meisten f\u00fcrchtete?<br>In Bewegung gesetzt hatte das allerdings sein \u201eBruder\u201c, Morpheus.<br><br><em>\u201aUnser ewiger, selbsternannter, W\u00e4chter\u2018,<\/em> dachte Ciaran sarkastisch bei sich selbst. \u201a<em>Wenn er nicht unser aller Tr\u00e4ume \u00fcberwachen w\u00fcrde, w\u00e4re Isi\u2019s Vision unbemerkt, oder zumindest ungeteilt, geblieben.\u2018<\/em><br><br>Er h\u00e4tte es wirklich bevorzugt, sich nicht selbst beim Sterben zuzusehen, herzlichen Dank auch.<br>Ebenso wie den Tod der anderen, verbliebenen Renegaten. Seinen Br\u00fcdern und Schwestern, die f\u00fcr ein Verbrechen bezahlen sollten, das sie zwar begangen, aber nur bedingt zu verantworten hatten.<br>Das w\u00fcrde er denen, den Comyn, auch klar machen w\u00e4hrend der Gerichtsverhandlung.<br><br>Er wusste nicht mehr, wie lange er mit Seamus \u00fcber dieses Thema gesprochen hatte, oder wie oft. Aber letztendlich hatte sein Bewahrer ihn \u00fcberzeugt, gemeinsam mit ihm und Raphael nach Thendara zu reisen, und sich f\u00fcr die Verbrechen ihres Anf\u00fchrers zu verantworten.<br>Und fast freute er sich schon auf die Argumentationen, die er sich zurechtgelegt hatte; dass er gerne sehen w\u00fcrde, wie jeder einzelne seiner Ankl\u00e4ger sich gegen die kombinierte Macht der Alton und Hastur Donas stellt, die Alistair Kadarin meisterlich beherrscht hatte.<br>Dazu hatte Kadarin noch den Charme eines fahrenden Spielmanns gehabt.<br>G\u00f6tter, der Kerl h\u00e4tte Evanda und Avarra verf\u00fchren k\u00f6nnen. Gleichzeitig.<br><br>Umso mehr Ciaran dar\u00fcber nachdachte, umso st\u00e4rker wurden seine Kopfschmerzen.<br>Ein langgezogenes Donnergrollen durchbrach die Stille der Nacht, und die ersten Blitze zuckten \u00fcber einen wolkenlosen Sternenhimmel.<br>H\u00f6lle, er brauchte etwas zu trinken. W\u00e4hrend er sich anzog, \u00fcberlegte er, ob in der Wirtschaft wohl noch was los w\u00e4re.<\/p>\n\n\n\n<p class=\"has-text-align-center\">~*~<\/p>\n\n\n\n<p class=\"has-text-align-left\">Auf dem Weg zum \u201etorkelndem Turm\u201c, der n\u00e4chsten Schenke, leerte Ciaran eine kleine Flasche Raivanin. \u201eAuch eine Art vorzugl\u00fchen\u201c murmelte er bei sich, aber es war sicherer f\u00fcr alle, wenn er sein Rockraven Laran zumindest <em>etwas<\/em> d\u00e4mpfte, bevor er unter Kopfblinde ging.<br>Zumal das Gewitter sich nicht steigern sollte, sobald er trank. Und das war sein fester Vorsatz; zwischen Fuhrknechten und Tagel\u00f6hnern so lange zu sitzen und unerkannt mit ihnen zu zechen, bis er das gerade erlebte vergessen konnte.<\/p>\n\n\n\n<p><em>\u201aSie haben jeden von uns umgebracht. Einfach so, ohne dass es auch nur zur Verhandlung gekommen war.\u2018<\/em> Ciaran beschleunigte seine Schritte, um seine Gedanken zu verlangsamen. Er dr\u00e4ngte das Bild des gl\u00fccklich strahlendenden Mannes mit den bunten Haaren beiseite, der vor seinem Scheiterhaufen stand und irgendwas von Gerechtigkeit f\u00fcr den K\u00f6nig faselte.<\/p>\n\n\n\n<h3 class=\"wp-block-heading\">Aillard<\/h3>\n\n\n\n<p><strong>Part III<\/strong><\/p>\n\n\n\n<p>Janisa sa\u00df in dem kleinen Zimmer, in dem sie die ihr als Friedensfrau von Aillard \u00fcbertragenen Amtsgesch\u00e4fte erledigte oder Boten empfing. Gerade war sie in eine Aufstellung der Einnahmen aus Marktkonzessionen vertieft, als Alastair hereinpolterte. Er lie\u00df sich auf einen Stuhl fallen und legte die F\u00fc\u00dfe auf einen zweiten. Janisa runzelte die Stirn, sagte aber nichts. Sie kannte Alastair lange genug um zu wissen, dass seine Manieren die eines Kriegers waren und f\u00fcr's Feldlager taugten, weniger f\u00fcr den Hof.<br><br>\"Alastair, Du bist zur\u00fcck! Wart ihr erfolgreich? Gab es Verletzte?\"<br>\"Keine Verluste oder schweren Verletzungen auf unserer Seite&nbsp;und ja, wir waren recht erfolgreich. Aber wie lange soll das noch so weitergehen? Meine M\u00e4nner murren! Wir sind die Garde Aillards und sie haben es satt, hinter einer Frau herzulaufen und R\u00e4uber und Wegelagerer zu jagen! Versteh mich nicht falsch\" setzte er schnell hinzu, als er Janisas zornigen Blick sah, \"f\u00fcr Linnea und auch f\u00fcr Marja w\u00fcrden sie alles tun, ihnen bis in Zandrus k\u00e4lteste H\u00f6lle folgen.\"<br>\"Du willst doch nicht Linneas Entscheidung infrage stellen, euch eine ortskundige F\u00fchrerin mitzugeben?\" Janisas Tonfall war freundlich, aber man konnte die unterschwellige Sch\u00e4rfe sp\u00fcren.<br>\"Niemals! Und diese S\u00f6ldnerin IST gut.\" gab er fast widerwillig zu. \"Fast so gut wie ein Mann und so lange sie Hosen tr\u00e4gt k\u00f6nnte sie sogar fast als einer durchgehen. Aber eine Frau bleibt eine Frau und meine M\u00e4nner sind nun mal M\u00e4nner. \"<br>\"Murre nicht, Alastair. Wom\u00f6glich bekommt ihr fr\u00fcher als uns allen lieb ist andere Aufgaben.\"<br>Alastair grunzte leise und blickte sie fragend an.<br>\"Niemand wei\u00df, wie Hayden und Darius reagieren werden, jetzt wo die Gerichtsverhandlung gegen die Renegaten geplatzt ist.\"<br>\"Ist sie das?\u201c Alastair blickte erstaunt auf.<br>\"Ja. Nachdem sie bis zur Fr\u00fchlings\u00e4quinox nicht alle Renegaten auftreiben konnten, haben sowohl Rodrigo als auch Seamus die Verhandlung boykottiert. Da waren sich die beiden Sturk\u00f6pfe mal erstaunlich einig. Sie sagen, es k\u00f6nne keine gerechte Verhandlung werden, wenn nicht alle am Anschlag Beteiligten gleichzeitig vor Gericht gestellt werden. Und je nachdem, wie der Urteilsspruch ausf\u00e4llt, w\u00fcrde man die restlichen dann sowieso nie finden.\"<\/p>\n\n\n\n<p>Janisa sch\u00fcttelte nachdenklich den Kopf.<br>\"Hm, zumindest was den zweiten Punkt betrifft haben die zwei vermutlich nicht ganz Unrecht. Aber glaubst Du wirklich, Darius und Hayden werden allen Dom\u00e4nen den Krieg erkl\u00e4ren? Nur auf den Verdacht hin, dass sich irgendwo einer dieser Bande versteckt?\"<br>\"Diese Frage k\u00f6nnte dir vielleicht ein Aldaran oder ein Elhalyn beantworten. Wer wei\u00df schon, was in diesem Paradiesvogel - oder eher seiner besseren H\u00e4lfte - vorgeht. Und Darius ist noch so jung und beeinflussbar \u2026\"<br><br>Nachdenklich blickte Janisa aus dem Fenster und auch \u00fcber Alastairs Gesicht legte sich ein Schatten.<\/p>\n","protected":false},"excerpt":{"rendered":"<p>Die Koordination des \"Nicht-Plots\" eines Zusammentreffens in der Taverne \"Zum gl\u00fccklichen Schaf\" lag in den H\u00e4nden von Rohana und Caillean, sowie Lia als \"Hilde\", der Wirtin der besagten Taverne.Obwohl es keinen Plot geben sollten, haben sich die beiden sehr viel M\u00fche gegeben und uns mit \"Kaffee kochen zur Befreiung Monyas aus einer Kaffee-Kannen-Tardis\" gut besch\u00e4ftigt. <a href=\"https:\/\/www.darkover-con.de\/?page_id=3357\" class=\"more-link\">...weiterlesen<span class=\"screen-reader-text\"> \"2023 &#8211; Herbst\"<\/span><\/a><\/p>\n","protected":false},"author":4,"featured_media":0,"parent":1222,"menu_order":40,"comment_status":"closed","ping_status":"closed","template":"","meta":{"footnotes":""},"class_list":["post-3357","page","type-page","status-publish","h-entry","hentry","h-as-page"],"_links":{"self":[{"href":"https:\/\/www.darkover-con.de\/index.php?rest_route=\/wp\/v2\/pages\/3357","targetHints":{"allow":["GET"]}}],"collection":[{"href":"https:\/\/www.darkover-con.de\/index.php?rest_route=\/wp\/v2\/pages"}],"about":[{"href":"https:\/\/www.darkover-con.de\/index.php?rest_route=\/wp\/v2\/types\/page"}],"author":[{"embeddable":true,"href":"https:\/\/www.darkover-con.de\/index.php?rest_route=\/wp\/v2\/users\/4"}],"replies":[{"embeddable":true,"href":"https:\/\/www.darkover-con.de\/index.php?rest_route=%2Fwp%2Fv2%2Fcomments&post=3357"}],"version-history":[{"count":1,"href":"https:\/\/www.darkover-con.de\/index.php?rest_route=\/wp\/v2\/pages\/3357\/revisions"}],"predecessor-version":[{"id":3359,"href":"https:\/\/www.darkover-con.de\/index.php?rest_route=\/wp\/v2\/pages\/3357\/revisions\/3359"}],"up":[{"embeddable":true,"href":"https:\/\/www.darkover-con.de\/index.php?rest_route=\/wp\/v2\/pages\/1222"}],"wp:attachment":[{"href":"https:\/\/www.darkover-con.de\/index.php?rest_route=%2Fwp%2Fv2%2Fmedia&parent=3357"}],"curies":[{"name":"wp","href":"https:\/\/api.w.org\/{rel}","templated":true}]}}