{"id":5,"date":"2009-02-01T15:39:03","date_gmt":"2009-02-01T14:39:03","guid":{"rendered":"http:\/\/www.darkover-con.de\/wordpress\/wordpress\/?page_id=5"},"modified":"2019-04-21T11:59:11","modified_gmt":"2019-04-21T10:59:11","slug":"verein","status":"publish","type":"page","link":"https:\/\/www.darkover-con.de\/?page_id=5","title":{"rendered":"Verein"},"content":{"rendered":"<p><strong>Hallo liebe Darkovaner,<\/strong><\/p>\n<p>Am 16.12.2006 wurde der Verein Darkover-Convention e.V. mit Sitz in Bonn feierlich gegr\u00fcndet.<\/p>\n<p>Wir haben uns lange damit besch\u00e4ftigt und mit uns gerungen, ob wir es wirklich tun wollen.<\/p>\n<p>Schlie\u00dflich kennt jeder von uns die \u201eVereinsmeierei\".<br \/>\nLetztendlich war aber klar, dass eine Privatperson das Risiko einer solchen Veranstaltung wie einer Con nicht l\u00e4nger allein tragen kann.<br \/>\nSchlie\u00dflich gibt es immer Wackelfaktoren und gewisse Unw\u00e4gbarkeiten.<br \/>\nKlappt das mit der \u00d6rtlichkeit? Wird eventuell eine Vorauszahlung gew\u00fcnscht?<br \/>\nWenn ja, wer zahlt das? Steht man am Ende vielleicht mit einem Geldverlust da, weil nicht gen\u00fcgend Anmeldungen zusammenkommen und die Con vielleicht sogar platzt?<br \/>\nIhr k\u00f6nnt Euch mit Sicherheit vorstellen, dass keiner von uns besonders erpicht darauf ist, auf den finanziellen Ruin zuzusteuern, sollte einmal etwas geschehen.<br \/>\nDeshalb haben wir uns durchgerungen und den Verein gegr\u00fcndet.<br \/>\nEin Verein erm\u00f6glicht es uns auch, ein gewisses Kapital zu haben.<br \/>\nVon dem k\u00f6nnen dann u.a. Vorauszahlungen f\u00fcr Locations geleistet oder auch ein Con-Fundus angelegt werden.<\/p>\n<p>Einige werden fragen, was sich jetzt \u00e4ndert.<br \/>\nGanz einfach. Im Grunde \u00e4ndert sich gar nichts. Ihr werdet immer noch zur Con kommen, daran teilnehmen und nach 3 Tagen voller Spa\u00df und Vergn\u00fcgen wehm\u00fctig wieder nach Hause fahren und euch der PCD hingeben.<\/p>\n<p>Allerdings gibt es M\u00f6glichkeiten. Ihr k\u00f6nnt z.B. dem Verein beitreten.<br \/>\nEin Verein lebt nat\u00fcrlich von seinen Mitgliedern und es gibt f\u00fcr Mitglieder auch gewisse Vorteile.<br \/>\nEiner dieser Vorteile besteht z.B. darin, dass die Gesamtkosten der Con f\u00fcr Mitglieder sinken.<br \/>\nDer j\u00e4hrliche Vereinsbeitrag wird \u20ac 15,- betragen und die Teilnahme an der Con kostet f\u00fcr Mitglieder dann Beispielsweise statt \u20ac 80,- nur noch \u20ac 60,-. Bei zwei Cons im Jahr lohnt sich das dann schon sehr.<br \/>\nEin weiterer Vorteil besteht darin, dass Mitglieder des Vereins bei der Anmeldung immer vorgezogen werden. Sprich, wenn es begrenzte Pl\u00e4tze gibt, werden im Rahmen der Anmeldefrist immer zuerst die Mitglieder ber\u00fccksichtigt.<br \/>\nWir wollen hier allerdings niemandem Angst machen. Ein ordentlich angemeldetes Nichtmitglied wird nicht von der Liste geworfen, wenn es am Ende knapp werden sollte.<br \/>\nAber... gerade gegen Ende der Anmeldefrist kann das schon interessant werden.<br \/>\nWenn ihr unseren Verein und dadurch nat\u00fcrlich die Darkover-Cons unterst\u00fctzen m\u00f6chtet, dann seid ihr herzlich eingeladen dem \u201eDarkover Convention e.V.\" beizutreten.<\/p>\n<p>Ich freue mich jedenfalls sehr, denn nun sieht auch das Orga-Team wesentlich entspannteren Cons entgegen.<\/p>\n<p>Adelandeyo und auch weiterhin auf ein fr\u00f6hliches Miteinander!<\/p>\n<p><em><strong>Der Vorstand<\/strong><\/em><\/p>\n","protected":false},"excerpt":{"rendered":"<p>Hallo liebe Darkovaner, Am 16.12.2006 wurde der Verein Darkover-Convention e.V. mit Sitz in Bonn feierlich gegr\u00fcndet. Wir haben uns lange damit besch\u00e4ftigt und mit uns gerungen, ob wir es wirklich tun wollen. Schlie\u00dflich kennt jeder von uns die \u201eVereinsmeierei\". Letztendlich war aber klar, dass eine Privatperson das Risiko einer solchen Veranstaltung wie einer Con nicht <a href=\"https:\/\/www.darkover-con.de\/?page_id=5\" class=\"more-link\">...weiterlesen<span class=\"screen-reader-text\"> \"Verein\"<\/span><\/a><\/p>\n","protected":false},"author":1,"featured_media":0,"parent":0,"menu_order":2,"comment_status":"closed","ping_status":"closed","template":"","meta":{"footnotes":""},"class_list":["post-5","page","type-page","status-publish","h-entry","hentry","h-as-page"],"_links":{"self":[{"href":"https:\/\/www.darkover-con.de\/index.php?rest_route=\/wp\/v2\/pages\/5","targetHints":{"allow":["GET"]}}],"collection":[{"href":"https:\/\/www.darkover-con.de\/index.php?rest_route=\/wp\/v2\/pages"}],"about":[{"href":"https:\/\/www.darkover-con.de\/index.php?rest_route=\/wp\/v2\/types\/page"}],"author":[{"embeddable":true,"href":"https:\/\/www.darkover-con.de\/index.php?rest_route=\/wp\/v2\/users\/1"}],"replies":[{"embeddable":true,"href":"https:\/\/www.darkover-con.de\/index.php?rest_route=%2Fwp%2Fv2%2Fcomments&post=5"}],"version-history":[{"count":15,"href":"https:\/\/www.darkover-con.de\/index.php?rest_route=\/wp\/v2\/pages\/5\/revisions"}],"predecessor-version":[{"id":2422,"href":"https:\/\/www.darkover-con.de\/index.php?rest_route=\/wp\/v2\/pages\/5\/revisions\/2422"}],"wp:attachment":[{"href":"https:\/\/www.darkover-con.de\/index.php?rest_route=%2Fwp%2Fv2%2Fmedia&parent=5"}],"curies":[{"name":"wp","href":"https:\/\/api.w.org\/{rel}","templated":true}]}}